{"id":446853,"date":"2025-02-23T13:38:02","date_gmt":"2025-02-23T12:38:02","guid":{"rendered":"https:\/\/www.pricetornado.com\/da\/produkt\/philips-haartoerrer-2100w-5000-series-bhd501-20\/"},"modified":"2026-04-17T02:50:36","modified_gmt":"2026-04-17T00:50:36","slug":"philips-haartoerrer-2100w-5000-series-bhd501-20","status":"publish","type":"product","link":"https:\/\/www.pricetornado.com\/da\/produkt\/philips-haartoerrer-2100w-5000-series-bhd501-20\/","title":{"rendered":"Philips H\u00e5rt\u00f8rrer 2100W 5000 series &#8211; BHD501\/20"},"content":{"rendered":"<p>K\u00f8b billig Philips H\u00e5rt\u00f8rrer 2100W 5000 series &#8211; BHD501\/20!<br \/>\nF\u00e5 professionel t\u00f8rring og styling med Philips h\u00e5rt\u00f8rrer 2100W 5000 series, der beskytter dit h\u00e5r effektivt mod varmeskader. ThermoShield-teknologien overv\u00e5ger og regulerer konstant lufttemperaturen, s\u00e5 dit h\u00e5r bliver b\u00e5de sundt og velplejet ved hver t\u00f8rring.Opn\u00e5 fuld kontrol over din styling med 6 varme- og hastighedsindstillinger, s\u00e5 du nemt kan tilpasse t\u00f8rringen til din h\u00e5rtype og \u00f8nskede resultat. Brug Cool Shot-funktionen til at fiksere frisuren med et pust af kold luft for et glat og langvarigt resultat.Det slanke 14 mm mundstykke muligg\u00f8r detaljeret styling og opfriskning, mens volumen-diffuseren hj\u00e6lper med at skabe ekstra fylde, bev\u00e6gelse og smukke kr\u00f8ller.Med ionisk pleje frigiver h\u00e5rt\u00f8rreren op til 40 millioner ioner pr. t\u00f8rring, hvilket reducerer krus og giver et blankt, bl\u00f8dt og glansfuldt h\u00e5r. Denne teknologi sikrer ogs\u00e5 en sk\u00e5nsom behandling af h\u00e5ret.Oplev en nem og effektiv h\u00e5rplejerutine med Philips h\u00e5rt\u00f8rrer 2100W 5000 series \u2013 perfekt til dig, der \u00f8nsker hurtig t\u00f8rring, professionel styling og sk\u00e5nsom beskyttelse af dit h\u00e5r hjemme.<\/p>\n<p>Sammenlign priser p\u00e5 Philips H\u00e5rt\u00f8rrer 2100W 5000 series &#8211; BHD501\/20 og k\u00f8b online til den billigste pris, samt p\u00e5 tilbud!\u00a0\u00a0Tjek den bedste pris, produkt beskrivelse, video, test, anmeldelser osv.<\/p>\n<p><strong>Brand: <\/strong>Philips<br \/>\n<strong>EAN: <\/strong>8710103998136<br \/>\n<strong>Producentens varenr.:<\/strong> 8710103998136<\/p>\n<p><strong>P.S.<\/strong><br \/>\nTilmeld dig til &#8220;Opret Gratis Prisfald Alarm&#8221;, og bliv underrettet med det samme om prisfald p\u00e5 Philips H\u00e5rt\u00f8rrer 2100W 5000 series &#8211; BHD501\/20, og f\u00e5 den billigste pris!<\/p>\n<p>&nbsp;<\/p>\n<p>&nbsp;<\/p>\n","protected":false},"excerpt":{"rendered":"<p>K\u00f8b billig Philips H\u00e5rt\u00f8rrer 2100W 5000 series &#8211; BHD501\/20! F\u00e5 professionel t\u00f8rring og styling med Philips h\u00e5rt\u00f8rrer 2100W 5000 series, der beskytter dit h\u00e5r effektivt mod varmeskader. ThermoShield-teknologien overv\u00e5ger og regulerer konstant lufttemperaturen, s\u00e5 dit h\u00e5r bliver b\u00e5de sundt og velplejet ved hver t\u00f8rring.Opn\u00e5 fuld kontrol over din styling med 6 varme- og hastighedsindstillinger, s\u00e5 [&hellip;]<\/p>\n","protected":false},"featured_media":999980000004468530,"template":"","meta":[],"store":[1272516],"product_brand":[1272519],"product_cat":[1272448],"product_tag":[1272953,1275180],"class_list":{"0":"post-446853","1":"product","2":"type-product","3":"status-publish","4":"has-post-thumbnail","6":"store-butik24","7":"product_brand-philips","8":"product_cat-haarpleje","9":"product_tag-haarpleje","10":"product_tag-philips","11":"pa_maerke-philips","13":"first","14":"instock","15":"product-type-external"},"_links":{"self":[{"href":"https:\/\/www.pricetornado.com\/da\/wp-json\/wp\/v2\/product\/446853","targetHints":{"allow":["GET"]}}],"collection":[{"href":"https:\/\/www.pricetornado.com\/da\/wp-json\/wp\/v2\/product"}],"about":[{"href":"https:\/\/www.pricetornado.com\/da\/wp-json\/wp\/v2\/types\/product"}],"wp:featuredmedia":[{"embeddable":true,"href":"https:\/\/www.pricetornado.com\/da\/wp-json\/"}],"wp:attachment":[{"href":"https:\/\/www.pricetornado.com\/da\/wp-json\/wp\/v2\/media?parent=446853"}],"wp:term":[{"taxonomy":"store","embeddable":true,"href":"https:\/\/www.pricetornado.com\/da\/wp-json\/wp\/v2\/store?post=446853"},{"taxonomy":"product_brand","embeddable":true,"href":"https:\/\/www.pricetornado.com\/da\/wp-json\/wp\/v2\/product_brand?post=446853"},{"taxonomy":"product_cat","embeddable":true,"href":"https:\/\/www.pricetornado.com\/da\/wp-json\/wp\/v2\/product_cat?post=446853"},{"taxonomy":"product_tag","embeddable":true,"href":"https:\/\/www.pricetornado.com\/da\/wp-json\/wp\/v2\/product_tag?post=446853"}],"curies":[{"name":"wp","href":"https:\/\/api.w.org\/{rel}","templated":true}]}}