{"id":446850,"date":"2025-02-26T19:44:52","date_gmt":"2025-02-26T18:44:52","guid":{"rendered":"https:\/\/www.pricetornado.com\/da\/produkt\/lenco-dab-fm-med-24-farvedisplay-bluetooth-genopladeligt-batteri-sort-pdr-045bk\/"},"modified":"2026-04-01T01:55:07","modified_gmt":"2026-03-31T23:55:07","slug":"lenco-dab-fm-med-24-farvedisplay-bluetooth-genopladeligt-batteri-sort-pdr-045bk","status":"publish","type":"product","link":"https:\/\/www.pricetornado.com\/da\/produkt\/lenco-dab-fm-med-24-farvedisplay-bluetooth-genopladeligt-batteri-sort-pdr-045bk\/","title":{"rendered":"Lenco &#8211; DAB\/FM med 2,4&quot; farvedisplay Bluetooth\u00ae genopladeligt batteri Sort &#8211; PDR-045BK"},"content":{"rendered":"<p>K\u00f8b billig Lenco &#8211; DAB\/FM med 2,4&quot; farvedisplay Bluetooth\u00ae genopladeligt batteri Sort &#8211; PDR-045BK!<br \/>\nLenco PDR-045BK er en kompakt og b\u00e6rbar DAB+\/FM-radio med Bluetooth\u00ae 5.0, der giver dig mulighed for at nyde digital lydkvalitet og fleksibilitet i enhver situation. Med den kan du lytte til digital radio uden forstyrrelser samt bruge den som en tr\u00e5dl\u00f8s Bluetooth-h\u00f8jttaler ved at streame musik direkte fra din smartphone eller tablet.P\u00e5 trods af st\u00f8rrelsen leverer Lenco PDR-045BK en imponerende, varm og fyldig lyd. Den er udstyret med et stereo 2.0 system, to 2,5 watt h\u00f8jttalere samt en passiv radiator, der forbedrer basresponsen betydeligt. Resultatet er en lydoplevelse, der overg\u00e5r forventningerne til en lille radio og h\u00f8jttaler.Radioen har et integreret genopladeligt litiumbatteri p\u00e5 2.000 mAh, som sikrer op til 7 timers tr\u00e5dl\u00f8s afspilning. Det g\u00f8r den perfekt til brug b\u00e5de hjemme og p\u00e5 farten, da du ikke er afh\u00e6ngig af en konstant str\u00f8mforbindelse.Lenco PDR-045BK er udviklet med fokus p\u00e5 b\u00e6redygtighed. Kabinettet er fremstillet af h\u00f8j kvalitets ABS-plast kombineret med hvedefibre og naturlig bambus, hvilket \u00f8ger b\u00e5de slidstyrke og b\u00e6redygtighed. Emballagen best\u00e5r udelukkende af genanvendt FSC-certificeret karton uden plast, hvilket reducerer milj\u00f8belastningen.Det klare 6 cm (2,4 tommer) farvedisplay giver masser af ekstra information om b\u00e5de radioprogram, sangtitel, station, vejr og aktuelle sportsresultater. Dette g\u00f8r det nemt at holde dig opdateret med b\u00e5de musik og nyheder.Lenco PDR-045BK tilbyder Bluetooth\u00ae 5.0 med op til 10 meters r\u00e6kkevidde, AUX-indgang og hovedtelefonstik (begge 3,5 mm) for at tilgode se alle dine lyttebehov. Du kan nemt programmere op til 30 foretrukne DAB+\/FM-kanaler direkte p\u00e5 radioen.Radioen kan ogs\u00e5 bruges som v\u00e6kkeur med dobbelte alarmer, snooze-funktion og d\u00e6mpbar sk\u00e6rm. Takket v\u00e6re sleep-timeren (15-30-45-60-90 minutter) kan radioen automatisk slukke, hvis du \u00f8nsker at falde i s\u00f8vn til din yndlingsmusik eller radioprogram.Stereo 2.0: 2 x 2,5 watt h\u00f8jttalere med passiv radiator for forbedret basBluetooth\u00ae 5.0 med op til 10 meters r\u00e6kkeviddeGenopladeligt litiumbatteri p\u00e5 2.000 mAh (op til 7 timers afspilning)M\u00e5l: ca. 18,2 x 5,3 x 6,7 cmOplev den perfekte kombination af b\u00e6rbarhed, lydkvalitet, funktionalitet og b\u00e6redygtighed med Lenco PDR-045BK. Ideel til b\u00e5de hjemmebrug, rejser og daglig underholdning \u2013 god lyd og gr\u00f8n samvittighed i \u00e9n og samme l\u00f8sning.<\/p>\n<p>Sammenlign priser p\u00e5 Lenco &#8211; DAB\/FM med 2,4&quot; farvedisplay Bluetooth\u00ae genopladeligt batteri Sort &#8211; PDR-045BK og k\u00f8b online til den billigste pris, samt p\u00e5 tilbud!\u00a0\u00a0Tjek den bedste pris, produkt beskrivelse, video, test, anmeldelser osv.<\/p>\n<p><strong>Brand: <\/strong>Lenco<br \/>\n<strong>EAN: <\/strong>8711902071952<br \/>\n<strong>Producentens varenr.:<\/strong> 8711902071952<\/p>\n<p><strong>P.S.<\/strong><br \/>\nTilmeld dig til &#8220;Opret Gratis Prisfald Alarm&#8221;, og bliv underrettet med det samme om prisfald p\u00e5 Lenco &#8211; DAB\/FM med 2,4&quot; farvedisplay Bluetooth\u00ae genopladeligt batteri Sort &#8211; PDR-045BK, og f\u00e5 den billigste pris!<\/p>\n<p>&nbsp;<\/p>\n<p>&nbsp;<\/p>\n","protected":false},"excerpt":{"rendered":"<p>K\u00f8b billig Lenco &#8211; DAB\/FM med 2,4&quot; farvedisplay Bluetooth\u00ae genopladeligt batteri Sort &#8211; PDR-045BK! Lenco PDR-045BK er en kompakt og b\u00e6rbar DAB+\/FM-radio med Bluetooth\u00ae 5.0, der giver dig mulighed for at nyde digital lydkvalitet og fleksibilitet i enhver situation. Med den kan du lytte til digital radio uden forstyrrelser samt bruge den som en tr\u00e5dl\u00f8s [&hellip;]<\/p>\n","protected":false},"featured_media":0,"template":"","meta":[],"store":[1272516],"product_brand":[1272526],"product_cat":[1272439],"product_tag":[1275188,1272694],"class_list":{"0":"post-446850","1":"product","2":"type-product","3":"status-publish","5":"store-butik24","6":"product_brand-lenco","7":"product_cat-radio-2","8":"product_tag-lenco","9":"product_tag-radio","10":"pa_maerke-lenco","12":"first","13":"instock","14":"product-type-external"},"_links":{"self":[{"href":"https:\/\/www.pricetornado.com\/da\/wp-json\/wp\/v2\/product\/446850","targetHints":{"allow":["GET"]}}],"collection":[{"href":"https:\/\/www.pricetornado.com\/da\/wp-json\/wp\/v2\/product"}],"about":[{"href":"https:\/\/www.pricetornado.com\/da\/wp-json\/wp\/v2\/types\/product"}],"wp:attachment":[{"href":"https:\/\/www.pricetornado.com\/da\/wp-json\/wp\/v2\/media?parent=446850"}],"wp:term":[{"taxonomy":"store","embeddable":true,"href":"https:\/\/www.pricetornado.com\/da\/wp-json\/wp\/v2\/store?post=446850"},{"taxonomy":"product_brand","embeddable":true,"href":"https:\/\/www.pricetornado.com\/da\/wp-json\/wp\/v2\/product_brand?post=446850"},{"taxonomy":"product_cat","embeddable":true,"href":"https:\/\/www.pricetornado.com\/da\/wp-json\/wp\/v2\/product_cat?post=446850"},{"taxonomy":"product_tag","embeddable":true,"href":"https:\/\/www.pricetornado.com\/da\/wp-json\/wp\/v2\/product_tag?post=446850"}],"curies":[{"name":"wp","href":"https:\/\/api.w.org\/{rel}","templated":true}]}}