{"id":446849,"date":"2025-02-21T21:30:12","date_gmt":"2025-02-21T20:30:12","guid":{"rendered":"https:\/\/www.pricetornado.com\/da\/produkt\/nedis-stoevsuger-batteri-egnet-til-irobot-itouchless-av-irobot-m-288-irobot-m-488-irobot-roomba-440-ni-mh-14-4-v-dc-3300-mah-47-52-wh-v3ah3ir14v402\/"},"modified":"2026-04-17T04:10:24","modified_gmt":"2026-04-17T02:10:24","slug":"nedis-stoevsuger-batteri-egnet-til-irobot-itouchless-av-irobot-m-288-irobot-m-488-irobot-roomba-440-ni-mh-14-4-v-dc-3300-mah-47-52-wh-v3ah3ir14v402","status":"publish","type":"product","link":"https:\/\/www.pricetornado.com\/da\/produkt\/nedis-stoevsuger-batteri-egnet-til-irobot-itouchless-av-irobot-m-288-irobot-m-488-irobot-roomba-440-ni-mh-14-4-v-dc-3300-mah-47-52-wh-v3ah3ir14v402\/","title":{"rendered":"Nedis &#8211; St\u00f8vsuger Batteri | Egnet til: iRobot iTouchless AV \/ iRobot M-288 \/ iRobot M-488 \/ iRobot Roomba 440 | Ni-MH | 14.4 V DC | 3300 mAh | 47.52 Wh &#8211; V3AH3IR14V402"},"content":{"rendered":"<p>K\u00f8b billig Nedis &#8211; St\u00f8vsuger Batteri | Egnet til: iRobot iTouchless AV \/ iRobot M-288 \/ iRobot M-488 \/ iRobot Roomba 440 | Ni-MH | 14.4 V DC | 3300 mAh | 47.52 Wh &#8211; V3AH3IR14V402!<br \/>\nUdskift batteriet i din st\u00f8vsuger, og f\u00e5 fuld power igen for kun en br\u00f8kdel af omkostningerne ved et m\u00e6rkevarebatteri.Ni-MH-batterier er lettere end NiCad-versioner, men de har stadig to til tre gange st\u00f8rre kapacitet end lignende st\u00f8rrelser. Og takket v\u00e6re den h\u00f8je lagerrotation af Ni-MH-batterier er friske celler garanteret &#8211; hvilket er en fordel for batteriets levetid.<\/p>\n<p>Sammenlign priser p\u00e5 Nedis &#8211; St\u00f8vsuger Batteri | Egnet til: iRobot iTouchless AV \/ iRobot M-288 \/ iRobot M-488 \/ iRobot Roomba 440 | Ni-MH | 14.4 V DC | 3300 mAh | 47.52 Wh &#8211; V3AH3IR14V402 og k\u00f8b online til den billigste pris, samt p\u00e5 tilbud!\u00a0\u00a0Tjek den bedste pris, produkt beskrivelse, video, test, anmeldelser osv.<\/p>\n<p><strong>Brand: <\/strong>Nedis<br \/>\n<strong>EAN: <\/strong>5412810311354<br \/>\n<strong>Producentens varenr.:<\/strong> 5412810311354<\/p>\n<p><strong>P.S.<\/strong><br \/>\nTilmeld dig til &#8220;Opret Gratis Prisfald Alarm&#8221;, og bliv underrettet med det samme om prisfald p\u00e5 Nedis &#8211; St\u00f8vsuger Batteri | Egnet til: iRobot iTouchless AV \/ iRobot M-288 \/ iRobot M-488 \/ iRobot Roomba 440 | Ni-MH | 14.4 V DC | 3300 mAh | 47.52 Wh &#8211; V3AH3IR14V402, og f\u00e5 den billigste pris!<\/p>\n<p>&nbsp;<\/p>\n<p>&nbsp;<\/p>\n","protected":false},"excerpt":{"rendered":"<p>K\u00f8b billig Nedis &#8211; St\u00f8vsuger Batteri | Egnet til: iRobot iTouchless AV \/ iRobot M-288 \/ iRobot M-488 \/ iRobot Roomba 440 | Ni-MH | 14.4 V DC | 3300 mAh | 47.52 Wh &#8211; V3AH3IR14V402! Udskift batteriet i din st\u00f8vsuger, og f\u00e5 fuld power igen for kun en br\u00f8kdel af omkostningerne ved et m\u00e6rkevarebatteri.Ni-MH-batterier [&hellip;]<\/p>\n","protected":false},"featured_media":999980000004468490,"template":"","meta":[],"store":[1272516],"product_brand":[1272517],"product_cat":[1272466],"product_tag":[1275178,1272776],"class_list":{"0":"post-446849","1":"product","2":"type-product","3":"status-publish","4":"has-post-thumbnail","6":"store-butik24","7":"product_brand-nedis","8":"product_cat-stoevsugning","9":"product_tag-nedis","10":"product_tag-stoevsugning","11":"pa_maerke-nedis","13":"first","14":"instock","15":"product-type-external"},"_links":{"self":[{"href":"https:\/\/www.pricetornado.com\/da\/wp-json\/wp\/v2\/product\/446849","targetHints":{"allow":["GET"]}}],"collection":[{"href":"https:\/\/www.pricetornado.com\/da\/wp-json\/wp\/v2\/product"}],"about":[{"href":"https:\/\/www.pricetornado.com\/da\/wp-json\/wp\/v2\/types\/product"}],"wp:featuredmedia":[{"embeddable":true,"href":"https:\/\/www.pricetornado.com\/da\/wp-json\/"}],"wp:attachment":[{"href":"https:\/\/www.pricetornado.com\/da\/wp-json\/wp\/v2\/media?parent=446849"}],"wp:term":[{"taxonomy":"store","embeddable":true,"href":"https:\/\/www.pricetornado.com\/da\/wp-json\/wp\/v2\/store?post=446849"},{"taxonomy":"product_brand","embeddable":true,"href":"https:\/\/www.pricetornado.com\/da\/wp-json\/wp\/v2\/product_brand?post=446849"},{"taxonomy":"product_cat","embeddable":true,"href":"https:\/\/www.pricetornado.com\/da\/wp-json\/wp\/v2\/product_cat?post=446849"},{"taxonomy":"product_tag","embeddable":true,"href":"https:\/\/www.pricetornado.com\/da\/wp-json\/wp\/v2\/product_tag?post=446849"}],"curies":[{"name":"wp","href":"https:\/\/api.w.org\/{rel}","templated":true}]}}