{"id":446842,"date":"2025-02-24T04:51:04","date_gmt":"2025-02-24T03:51:04","guid":{"rendered":"https:\/\/www.pricetornado.com\/da\/produkt\/scanpan-32-cm-wok-haptiq\/"},"modified":"2026-04-18T10:20:38","modified_gmt":"2026-04-18T08:20:38","slug":"scanpan-32-cm-wok-haptiq","status":"publish","type":"product","link":"https:\/\/www.pricetornado.com\/da\/produkt\/scanpan-32-cm-wok-haptiq\/","title":{"rendered":"Scanpan 32 cm Wok &#8211; HaptIQ"},"content":{"rendered":"<p>K\u00f8b billig Scanpan 32 cm Wok &#8211; HaptIQ!<br \/>\nDenne rummelige 32 cm wok fra Scanpans HaptIQ-serie er ideel til tilberedning af asiatisk inspirerede retter og giver dig professionelle resultater derhjemme. Wokken er fremstillet med en avanceret femlags-konstruktion, hvor kernen best\u00e5r af 93-96% genanvendt aluminium, omgivet af en yderst holdbar rustfri st\u00e5loverflade. Konstruktionen sikrer en j\u00e6vn og effektiv varmefordeling under hele madlavningen.Wokken har Scanpans s\u00e6rlige Stratanium+ non-stick bel\u00e6gning, som kombinerer utrolig slidstyrke med overlegne slip-let egenskaber. Stratanium+ t\u00e5ler brug af metalredskaber og intensiv daglig brug uden at miste sine egenskaber. Bel\u00e6gningen g\u00f8r det nemt at stege uden at maden h\u00e6nger fast og letter reng\u00f8ringen betydeligt bagefter.Scanpan HaptIQ wokken er kompatibel med alle typer komfurer, herunder induktion, og kan bruges i ovn op til 250\u00b0C. De ergonomiske h\u00e5ndtag \u2013 \u00e9t langt h\u00e5ndtag og et mindre modsat \u2013 giver dig sikker og nem h\u00e5ndtering, uanset om du arbejder ved komfuret eller skal flytte wokken til ovn eller bord.Vask altid wokken med opvaskemiddel for at bevare bel\u00e6gningen.Undg\u00e5 hurtig opvarmning og nedk\u00f8ling for at forl\u00e6nge wokkens levetid..<\/p>\n<p>Sammenlign priser p\u00e5 Scanpan 32 cm Wok &#8211; HaptIQ og k\u00f8b online til den billigste pris, samt p\u00e5 tilbud!\u00a0\u00a0Tjek den bedste pris, produkt beskrivelse, video, test, anmeldelser osv.<\/p>\n<p><strong>Brand: <\/strong>Scanpan<br \/>\n<strong>EAN: <\/strong>083421181022<br \/>\n<strong>Producentens varenr.:<\/strong> 083421181022<\/p>\n<p><strong>P.S.<\/strong><br \/>\nTilmeld dig til &#8220;Opret Gratis Prisfald Alarm&#8221;, og bliv underrettet med det samme om prisfald p\u00e5 Scanpan 32 cm Wok &#8211; HaptIQ, og f\u00e5 den billigste pris!<\/p>\n<p>&nbsp;<\/p>\n<p>&nbsp;<\/p>\n","protected":false},"excerpt":{"rendered":"<p>K\u00f8b billig Scanpan 32 cm Wok &#8211; HaptIQ! Denne rummelige 32 cm wok fra Scanpans HaptIQ-serie er ideel til tilberedning af asiatisk inspirerede retter og giver dig professionelle resultater derhjemme. Wokken er fremstillet med en avanceret femlags-konstruktion, hvor kernen best\u00e5r af 93-96% genanvendt aluminium, omgivet af en yderst holdbar rustfri st\u00e5loverflade. Konstruktionen sikrer en j\u00e6vn [&hellip;]<\/p>\n","protected":false},"featured_media":999980000004468420,"template":"","meta":[],"store":[1272516],"product_brand":[1272521],"product_cat":[1272410],"product_tag":[1272681,1275184],"class_list":{"0":"post-446842","1":"product","2":"type-product","3":"status-publish","4":"has-post-thumbnail","6":"store-butik24","7":"product_brand-scanpan","8":"product_cat-koekkengrej","9":"product_tag-koekkengrej","10":"product_tag-scanpan","11":"pa_maerke-scanpan","13":"first","14":"instock","15":"product-type-external"},"_links":{"self":[{"href":"https:\/\/www.pricetornado.com\/da\/wp-json\/wp\/v2\/product\/446842","targetHints":{"allow":["GET"]}}],"collection":[{"href":"https:\/\/www.pricetornado.com\/da\/wp-json\/wp\/v2\/product"}],"about":[{"href":"https:\/\/www.pricetornado.com\/da\/wp-json\/wp\/v2\/types\/product"}],"wp:featuredmedia":[{"embeddable":true,"href":"https:\/\/www.pricetornado.com\/da\/wp-json\/"}],"wp:attachment":[{"href":"https:\/\/www.pricetornado.com\/da\/wp-json\/wp\/v2\/media?parent=446842"}],"wp:term":[{"taxonomy":"store","embeddable":true,"href":"https:\/\/www.pricetornado.com\/da\/wp-json\/wp\/v2\/store?post=446842"},{"taxonomy":"product_brand","embeddable":true,"href":"https:\/\/www.pricetornado.com\/da\/wp-json\/wp\/v2\/product_brand?post=446842"},{"taxonomy":"product_cat","embeddable":true,"href":"https:\/\/www.pricetornado.com\/da\/wp-json\/wp\/v2\/product_cat?post=446842"},{"taxonomy":"product_tag","embeddable":true,"href":"https:\/\/www.pricetornado.com\/da\/wp-json\/wp\/v2\/product_tag?post=446842"}],"curies":[{"name":"wp","href":"https:\/\/api.w.org\/{rel}","templated":true}]}}