{"id":446838,"date":"2025-02-24T20:06:14","date_gmt":"2025-02-24T19:06:14","guid":{"rendered":"https:\/\/www.pricetornado.com\/da\/produkt\/fyve-sr-wa-1-5w-27k-bl-06\/"},"modified":"2026-04-18T02:10:47","modified_gmt":"2026-04-18T00:10:47","slug":"fyve-sr-wa-1-5w-27k-bl-06","status":"publish","type":"product","link":"https:\/\/www.pricetornado.com\/da\/produkt\/fyve-sr-wa-1-5w-27k-bl-06\/","title":{"rendered":"Fyve SR WA 1.5W 27K BL 06"},"content":{"rendered":"<p>K\u00f8b billig Fyve SR WA 1.5W 27K BL 06!<br \/>\nPhilips Fyve v\u00e6glampe er en p\u00e5lidelig og b\u00e6redygtig solcellelampe, der kombinerer lang levetid med lavt energiforbrug. Den er fremstillet i sort plastik, hvilket g\u00f8r lampen let (0,37 kg) og modstandsdygtig over for rust og st\u00f8v. Disse egenskaber sikrer maksimal holdbarhed og g\u00f8r lampen ideel til alle udemilj\u00f8er. T\u00e6nder og slukker automatisk afh\u00e6ngigt af det omgivende lys for optimeret energiforbrug og brugervenlighed. Beskyttelse mod vandspr\u00f8jt og faste partikler st\u00f8rre end 1 mm, hvilket giver sikker og p\u00e5lidelig drift i det fri. 1,5W ikke-udskiftelig LED med 200 lumen lysstyrke og op til 15.000 timers levetid, hvilket minimerer behov for vedligeholdelse. Specielt designet til at fungere med solenergisystemer, for at st\u00f8tte et b\u00e6redygtigt udend\u00f8rsmilj\u00f8.Lampen er fuldt forseglet og udviklet til at modst\u00e5 alle udend\u00f8rs elementer. Den k\u00f8rer p\u00e5 lavsp\u00e6nding (3,3V) og har klasse III elektrisk beskyttelse for \u00f8get sikkerhed. Med et varmt, hvidt lys p\u00e5 2700K skaber Philips Fyve en behagelig og ensartet atmosf\u00e6re omkring dit hjem.-serien hos Butik24 og skab et trygt, smukt og energieffektivt uderum.<\/p>\n<p>Sammenlign priser p\u00e5 Fyve SR WA 1.5W 27K BL 06 og k\u00f8b online til den billigste pris, samt p\u00e5 tilbud!\u00a0\u00a0Tjek den bedste pris, produkt beskrivelse, video, test, anmeldelser osv.<\/p>\n<p><strong>Brand: <\/strong>Philips<br \/>\n<strong>EAN: <\/strong>8720169265585<br \/>\n<strong>Producentens varenr.:<\/strong> 8720169265585<\/p>\n<p><strong>P.S.<\/strong><br \/>\nTilmeld dig til &#8220;Opret Gratis Prisfald Alarm&#8221;, og bliv underrettet med det samme om prisfald p\u00e5 Fyve SR WA 1.5W 27K BL 06, og f\u00e5 den billigste pris!<\/p>\n<p>&nbsp;<\/p>\n<p>&nbsp;<\/p>\n","protected":false},"excerpt":{"rendered":"<p>K\u00f8b billig Fyve SR WA 1.5W 27K BL 06! Philips Fyve v\u00e6glampe er en p\u00e5lidelig og b\u00e6redygtig solcellelampe, der kombinerer lang levetid med lavt energiforbrug. Den er fremstillet i sort plastik, hvilket g\u00f8r lampen let (0,37 kg) og modstandsdygtig over for rust og st\u00f8v. Disse egenskaber sikrer maksimal holdbarhed og g\u00f8r lampen ideel til alle [&hellip;]<\/p>\n","protected":false},"featured_media":999980000004468380,"template":"","meta":[],"store":[1272516],"product_brand":[1272519],"product_cat":[1272407],"product_tag":[1272697,1275180],"class_list":{"0":"post-446838","1":"product","2":"type-product","3":"status-publish","4":"has-post-thumbnail","6":"store-butik24","7":"product_brand-philips","8":"product_cat-belysning-2","9":"product_tag-belysning","10":"product_tag-philips","11":"pa_maerke-philips","13":"first","14":"instock","15":"product-type-external"},"_links":{"self":[{"href":"https:\/\/www.pricetornado.com\/da\/wp-json\/wp\/v2\/product\/446838","targetHints":{"allow":["GET"]}}],"collection":[{"href":"https:\/\/www.pricetornado.com\/da\/wp-json\/wp\/v2\/product"}],"about":[{"href":"https:\/\/www.pricetornado.com\/da\/wp-json\/wp\/v2\/types\/product"}],"wp:featuredmedia":[{"embeddable":true,"href":"https:\/\/www.pricetornado.com\/da\/wp-json\/"}],"wp:attachment":[{"href":"https:\/\/www.pricetornado.com\/da\/wp-json\/wp\/v2\/media?parent=446838"}],"wp:term":[{"taxonomy":"store","embeddable":true,"href":"https:\/\/www.pricetornado.com\/da\/wp-json\/wp\/v2\/store?post=446838"},{"taxonomy":"product_brand","embeddable":true,"href":"https:\/\/www.pricetornado.com\/da\/wp-json\/wp\/v2\/product_brand?post=446838"},{"taxonomy":"product_cat","embeddable":true,"href":"https:\/\/www.pricetornado.com\/da\/wp-json\/wp\/v2\/product_cat?post=446838"},{"taxonomy":"product_tag","embeddable":true,"href":"https:\/\/www.pricetornado.com\/da\/wp-json\/wp\/v2\/product_tag?post=446838"}],"curies":[{"name":"wp","href":"https:\/\/api.w.org\/{rel}","templated":true}]}}