{"id":446837,"date":"2025-02-24T09:13:28","date_gmt":"2025-02-24T08:13:28","guid":{"rendered":"https:\/\/www.pricetornado.com\/da\/produkt\/philips-tah5209bk-00-traadloese-bluetooth-over-ear-hovedtelefoner-sort\/"},"modified":"2026-04-17T11:20:23","modified_gmt":"2026-04-17T09:20:23","slug":"philips-tah5209bk-00-traadloese-bluetooth-over-ear-hovedtelefoner-sort","status":"publish","type":"product","link":"https:\/\/www.pricetornado.com\/da\/produkt\/philips-tah5209bk-00-traadloese-bluetooth-over-ear-hovedtelefoner-sort\/","title":{"rendered":"Philips TAH5209BK\/00 Tr\u00e5dl\u00f8se Bluetooth Over-ear hovedtelefoner &#8211; Sort"},"content":{"rendered":"<p>K\u00f8b billig Philips TAH5209BK\/00 Tr\u00e5dl\u00f8se Bluetooth Over-ear hovedtelefoner &#8211; Sort!<br \/>\nOplev \u00e6gte komfort og fantastisk lyd med disse tr\u00e5dl\u00f8se over-ear hovedtelefoner fra Philips. Med en let hovedb\u00f8jle og ergonomisk designede, bl\u00f8de \u00f8rekopper betrukket med syntetisk l\u00e6der og memory foam, f\u00e5r du en behagelig pasform, der tilpasser sig hovedet og g\u00f8r det muligt at lytte i timevis uden ubehag. Den polstrede hovedb\u00f8jle \u00f8ger komforten ved l\u00e6ngere tids brug.Hovedtelefonerne leverer en varm, detaljeret og naturlig lyd med kraftfuld bas, selv ved lave lydstyrker, takket v\u00e6re de dynamiske 40 mm neodymenheder og Philips\u2019 lydsignatur. Ved hj\u00e6lp af Philips Headphones-appen kan du nemt tilpasse lyden efter dine pr\u00e6ferencer, herunder justere basniveauet via Dynamic Bass-funktionen.Du f\u00e5r stabil Bluetooth 5.3-multipunktstilslutning, s\u00e5 du kan tilslutte to enheder samtidigt. En praktisk multifunktionsknap samt volumenstyring direkte p\u00e5 \u00f8rekoppen g\u00f8r det let at styre musik og opkald. Klare og tydelige opkald sikres med indbygget mikrofon, og du kan bruge stemmeassistenter som Apple Siri og Google Assistant direkte via hovedtelefonerne.Med op til 65 timers tr\u00e5dl\u00f8s afspilning kan du nyde musik i dagevis. En hurtig opladning p\u00e5 blot 5 minutter giver 3 timers ekstra brug, mens en fuld opladning kun tager ca. 2 timer via USB-C.Hovedtelefonerne er lette at folde sammen, hvilket g\u00f8r det nemt at opbevare og transportere dem, n\u00e5r du er p\u00e5 farten. Det lukkede design giver passiv st\u00f8jisolering, s\u00e5 du kan fordybe dig i musikken og minimere baggrundsst\u00f8j.Bluetooth 5.3 med multipunktstilslutning til to enheder samtidigtOplev flere innovative produkter fra Philips og f\u00e5 endnu mere ud af din hverdag.<\/p>\n<p>Sammenlign priser p\u00e5 Philips TAH5209BK\/00 Tr\u00e5dl\u00f8se Bluetooth Over-ear hovedtelefoner &#8211; Sort og k\u00f8b online til den billigste pris, samt p\u00e5 tilbud!\u00a0\u00a0Tjek den bedste pris, produkt beskrivelse, video, test, anmeldelser osv.<\/p>\n<p><strong>Brand: <\/strong>Philips<br \/>\n<strong>EAN: <\/strong>4895229142473<br \/>\n<strong>Producentens varenr.:<\/strong> 4895229142473<\/p>\n<p><strong>P.S.<\/strong><br \/>\nTilmeld dig til &#8220;Opret Gratis Prisfald Alarm&#8221;, og bliv underrettet med det samme om prisfald p\u00e5 Philips TAH5209BK\/00 Tr\u00e5dl\u00f8se Bluetooth Over-ear hovedtelefoner &#8211; Sort, og f\u00e5 den billigste pris!<\/p>\n<p>&nbsp;<\/p>\n<p>&nbsp;<\/p>\n","protected":false},"excerpt":{"rendered":"<p>K\u00f8b billig Philips TAH5209BK\/00 Tr\u00e5dl\u00f8se Bluetooth Over-ear hovedtelefoner &#8211; Sort! Oplev \u00e6gte komfort og fantastisk lyd med disse tr\u00e5dl\u00f8se over-ear hovedtelefoner fra Philips. Med en let hovedb\u00f8jle og ergonomisk designede, bl\u00f8de \u00f8rekopper betrukket med syntetisk l\u00e6der og memory foam, f\u00e5r du en behagelig pasform, der tilpasser sig hovedet og g\u00f8r det muligt at lytte i [&hellip;]<\/p>\n","protected":false},"featured_media":999980000004468370,"template":"","meta":[],"store":[1272516],"product_brand":[1272519],"product_cat":[1272472],"product_tag":[1272746,1275180],"class_list":{"0":"post-446837","1":"product","2":"type-product","3":"status-publish","4":"has-post-thumbnail","6":"store-butik24","7":"product_brand-philips","8":"product_cat-lyd","9":"product_tag-lyd","10":"product_tag-philips","11":"pa_maerke-philips","13":"first","14":"instock","15":"product-type-external"},"_links":{"self":[{"href":"https:\/\/www.pricetornado.com\/da\/wp-json\/wp\/v2\/product\/446837","targetHints":{"allow":["GET"]}}],"collection":[{"href":"https:\/\/www.pricetornado.com\/da\/wp-json\/wp\/v2\/product"}],"about":[{"href":"https:\/\/www.pricetornado.com\/da\/wp-json\/wp\/v2\/types\/product"}],"wp:featuredmedia":[{"embeddable":true,"href":"https:\/\/www.pricetornado.com\/da\/wp-json\/"}],"wp:attachment":[{"href":"https:\/\/www.pricetornado.com\/da\/wp-json\/wp\/v2\/media?parent=446837"}],"wp:term":[{"taxonomy":"store","embeddable":true,"href":"https:\/\/www.pricetornado.com\/da\/wp-json\/wp\/v2\/store?post=446837"},{"taxonomy":"product_brand","embeddable":true,"href":"https:\/\/www.pricetornado.com\/da\/wp-json\/wp\/v2\/product_brand?post=446837"},{"taxonomy":"product_cat","embeddable":true,"href":"https:\/\/www.pricetornado.com\/da\/wp-json\/wp\/v2\/product_cat?post=446837"},{"taxonomy":"product_tag","embeddable":true,"href":"https:\/\/www.pricetornado.com\/da\/wp-json\/wp\/v2\/product_tag?post=446837"}],"curies":[{"name":"wp","href":"https:\/\/api.w.org\/{rel}","templated":true}]}}