{"id":446831,"date":"2025-02-25T10:04:43","date_gmt":"2025-02-25T09:04:43","guid":{"rendered":"https:\/\/www.pricetornado.com\/da\/produkt\/philips-oneblade-360-udskiftningsskaer-ansigt-krop-qp624-50\/"},"modified":"2026-04-18T08:10:32","modified_gmt":"2026-04-18T06:10:32","slug":"philips-oneblade-360-udskiftningsskaer-ansigt-krop-qp624-50","status":"publish","type":"product","link":"https:\/\/www.pricetornado.com\/da\/produkt\/philips-oneblade-360-udskiftningsskaer-ansigt-krop-qp624-50\/","title":{"rendered":"Philips OneBlade 360 Udskiftningssk\u00e6r Ansigt + krop &#8211; QP624\/50"},"content":{"rendered":"<p>K\u00f8b billig Philips OneBlade 360 Udskiftningssk\u00e6r Ansigt + krop &#8211; QP624\/50!<br \/>\nPhilips OneBlade 360 udskiftningssk\u00e6r er designet til trimning, kantning og barbering af h\u00e5r i alle l\u00e6ngder \u2013 ideel b\u00e5de til ansigt og krop. Sk\u00e6ret f\u00f8lger konturerne takket v\u00e6re sin fleksible 360-graders teknologi, hvilket sikrer pr\u00e6cis og komfortabel barbering uden at skade huden.Dette sk\u00e6r er fremstillet i slidst\u00e6rkt, rustfrit st\u00e5l, som giver lang holdbarhed og en frisk barberingsoplevelse i op til fire m\u00e5neder. Sk\u00e6rene slides ikke let, hvilket betyder, at du kan regne med effektivitet og komfort hver gang du barberer dig.OneBlade 360 er udstyret med et dobbelt beskyttelsessystem, der kombinerer en glidebel\u00e6gning med afrundede spidser. Dette g\u00f8r barberingen lettere og mere behagelig, samtidig med at det minimerer risikoen for hudirritation. Det hurtige sk\u00e6rhoved sikrer effektiv h\u00e5ndtering af h\u00e5r i alle l\u00e6ngder.OneBlade 360 g\u00f8r din daglige rutine let og behagelig \u2013 uanset om du foretr\u00e6kker hurtig barbering om morgenen eller grundig pleje i badet. Udskift sk\u00e6ret regelm\u00e6ssigt for at bevare effektiviteten og oplev altid en frisk barbering. hos Butik24 og find den perfekte l\u00f8sning til din personlige pleje.<\/p>\n<p>Sammenlign priser p\u00e5 Philips OneBlade 360 Udskiftningssk\u00e6r Ansigt + krop &#8211; QP624\/50 og k\u00f8b online til den billigste pris, samt p\u00e5 tilbud!\u00a0\u00a0Tjek den bedste pris, produkt beskrivelse, video, test, anmeldelser osv.<\/p>\n<p><strong>Brand: <\/strong>Philips<br \/>\n<strong>EAN: <\/strong>8720689031875<br \/>\n<strong>Producentens varenr.:<\/strong> 8720689031875<\/p>\n<p><strong>P.S.<\/strong><br \/>\nTilmeld dig til &#8220;Opret Gratis Prisfald Alarm&#8221;, og bliv underrettet med det samme om prisfald p\u00e5 Philips OneBlade 360 Udskiftningssk\u00e6r Ansigt + krop &#8211; QP624\/50, og f\u00e5 den billigste pris!<\/p>\n<p>&nbsp;<\/p>\n<p>&nbsp;<\/p>\n","protected":false},"excerpt":{"rendered":"<p>K\u00f8b billig Philips OneBlade 360 Udskiftningssk\u00e6r Ansigt + krop &#8211; QP624\/50! Philips OneBlade 360 udskiftningssk\u00e6r er designet til trimning, kantning og barbering af h\u00e5r i alle l\u00e6ngder \u2013 ideel b\u00e5de til ansigt og krop. Sk\u00e6ret f\u00f8lger konturerne takket v\u00e6re sin fleksible 360-graders teknologi, hvilket sikrer pr\u00e6cis og komfortabel barbering uden at skade huden.Dette sk\u00e6r er [&hellip;]<\/p>\n","protected":false},"featured_media":999980000004468310,"template":"","meta":[],"store":[1272516],"product_brand":[1272519],"product_cat":[1272413],"product_tag":[1272706,1275180],"class_list":{"0":"post-446831","1":"product","2":"type-product","3":"status-publish","4":"has-post-thumbnail","6":"store-butik24","7":"product_brand-philips","8":"product_cat-personlig-pleje","9":"product_tag-personlig-pleje","10":"product_tag-philips","11":"pa_maerke-philips","13":"first","14":"instock","15":"product-type-external"},"_links":{"self":[{"href":"https:\/\/www.pricetornado.com\/da\/wp-json\/wp\/v2\/product\/446831","targetHints":{"allow":["GET"]}}],"collection":[{"href":"https:\/\/www.pricetornado.com\/da\/wp-json\/wp\/v2\/product"}],"about":[{"href":"https:\/\/www.pricetornado.com\/da\/wp-json\/wp\/v2\/types\/product"}],"wp:featuredmedia":[{"embeddable":true,"href":"https:\/\/www.pricetornado.com\/da\/wp-json\/"}],"wp:attachment":[{"href":"https:\/\/www.pricetornado.com\/da\/wp-json\/wp\/v2\/media?parent=446831"}],"wp:term":[{"taxonomy":"store","embeddable":true,"href":"https:\/\/www.pricetornado.com\/da\/wp-json\/wp\/v2\/store?post=446831"},{"taxonomy":"product_brand","embeddable":true,"href":"https:\/\/www.pricetornado.com\/da\/wp-json\/wp\/v2\/product_brand?post=446831"},{"taxonomy":"product_cat","embeddable":true,"href":"https:\/\/www.pricetornado.com\/da\/wp-json\/wp\/v2\/product_cat?post=446831"},{"taxonomy":"product_tag","embeddable":true,"href":"https:\/\/www.pricetornado.com\/da\/wp-json\/wp\/v2\/product_tag?post=446831"}],"curies":[{"name":"wp","href":"https:\/\/api.w.org\/{rel}","templated":true}]}}