{"id":446829,"date":"2025-02-26T06:43:52","date_gmt":"2025-02-26T05:43:52","guid":{"rendered":"https:\/\/www.pricetornado.com\/da\/produkt\/philips-hr7778-00-foodprocessor-avance-1300w-metal\/"},"modified":"2026-04-21T02:50:11","modified_gmt":"2026-04-21T00:50:11","slug":"philips-hr7778-00-foodprocessor-avance-1300w-metal","status":"publish","type":"product","link":"https:\/\/www.pricetornado.com\/da\/produkt\/philips-hr7778-00-foodprocessor-avance-1300w-metal\/","title":{"rendered":"Philips HR7778\/00 Foodprocessor Avance 1300W &#8211; Metal"},"content":{"rendered":"<p>K\u00f8b billig Philips HR7778\/00 Foodprocessor Avance 1300W &#8211; Metal!<br \/>\nPhilips Avance Collection Foodprocessor HR7778\/00 er den alsidige og robuste l\u00f8sning til alle dine k\u00f8kkenopgaver. Med den kraftige 1300 W motor og avanceret PowerChop-teknologi sikrer den effektiv hakning, purering og blanding, s\u00e5 du nemt kan skabe alt fra hjemmelavet br\u00f8d og kager til friske juicer og smoothies. Den holdbare konstruktion i rustfrit st\u00e5l og praktiske tilbeh\u00f8r i metal og glas g\u00f8r maskinen b\u00e5de slidst\u00e6rk og funktionel til daglig brug.Foodprocessoren har en rummelig 3,4 liters sk\u00e5l (2 liter arbejdskapacitet) og et 2,2 liters blenderglas (1,5 liter arbejdskapacitet), hvilket g\u00f8r det muligt at tilberede st\u00f8rre portioner til familien. Med kompakt 4-i-1-design og omfattende tilbeh\u00f8r bliver madlavningen lettere og hurtigere.Philips Avance foodprocessoren g\u00f8r din hverdag lettere med automatiske \u00e9t-tryks-knapper til br\u00f8ddej, piskning og isknusning, hvor hastighed og puls automatisk optimeres til form\u00e5let. Den er desuden udstyret med indbyggede sikkerhedsfunktioner som l\u00e5ge- og sk\u00e5ldetektion, mekanisk bremse for hurtig stop (1,5 sekund), samt automatisk standsning af knivs\u00e6ttet.Alt tilbeh\u00f8r t\u00e5ler opvaskemaskine, hvilket g\u00f8r reng\u00f8ring enkel og bekvem. Foodprocessoren har desuden integreret ledningsopbevaring og skridsikre f\u00f8dder for optimal stabilitet p\u00e5 k\u00f8kkenbordet under brug.Med Philips Avance Collection Foodprocessor f\u00e5r du maksimal fleksibilitet til alle typer opskrifter med minimal arbejdsindsats \u2013 perfekt til b\u00e5de hverdag og fest. Oplev mere fra Philips p\u00e5 vores side under og l\u00f8ft din madlavning til nye h\u00f8jder.<\/p>\n<p>Sammenlign priser p\u00e5 Philips HR7778\/00 Foodprocessor Avance 1300W &#8211; Metal og k\u00f8b online til den billigste pris, samt p\u00e5 tilbud!\u00a0\u00a0Tjek den bedste pris, produkt beskrivelse, video, test, anmeldelser osv.<\/p>\n<p><strong>Brand: <\/strong>Philips<br \/>\n<strong>EAN: <\/strong>8710103567592<br \/>\n<strong>Producentens varenr.:<\/strong> 8710103567592<\/p>\n<p><strong>P.S.<\/strong><br \/>\nTilmeld dig til &#8220;Opret Gratis Prisfald Alarm&#8221;, og bliv underrettet med det samme om prisfald p\u00e5 Philips HR7778\/00 Foodprocessor Avance 1300W &#8211; Metal, og f\u00e5 den billigste pris!<\/p>\n<p>&nbsp;<\/p>\n<p>&nbsp;<\/p>\n","protected":false},"excerpt":{"rendered":"<p>K\u00f8b billig Philips HR7778\/00 Foodprocessor Avance 1300W &#8211; Metal! Philips Avance Collection Foodprocessor HR7778\/00 er den alsidige og robuste l\u00f8sning til alle dine k\u00f8kkenopgaver. Med den kraftige 1300 W motor og avanceret PowerChop-teknologi sikrer den effektiv hakning, purering og blanding, s\u00e5 du nemt kan skabe alt fra hjemmelavet br\u00f8d og kager til friske juicer og [&hellip;]<\/p>\n","protected":false},"featured_media":999980000004468290,"template":"","meta":[],"store":[1272516],"product_brand":[1272519],"product_cat":[831418],"product_tag":[1272683,1275180],"class_list":{"0":"post-446829","1":"product","2":"type-product","3":"status-publish","4":"has-post-thumbnail","6":"store-butik24","7":"product_brand-philips","8":"product_cat-koekkenudstyr","9":"product_tag-koekkenudstyr","10":"product_tag-philips","11":"pa_maerke-philips","13":"first","14":"instock","15":"product-type-external"},"_links":{"self":[{"href":"https:\/\/www.pricetornado.com\/da\/wp-json\/wp\/v2\/product\/446829","targetHints":{"allow":["GET"]}}],"collection":[{"href":"https:\/\/www.pricetornado.com\/da\/wp-json\/wp\/v2\/product"}],"about":[{"href":"https:\/\/www.pricetornado.com\/da\/wp-json\/wp\/v2\/types\/product"}],"wp:featuredmedia":[{"embeddable":true,"href":"https:\/\/www.pricetornado.com\/da\/wp-json\/"}],"wp:attachment":[{"href":"https:\/\/www.pricetornado.com\/da\/wp-json\/wp\/v2\/media?parent=446829"}],"wp:term":[{"taxonomy":"store","embeddable":true,"href":"https:\/\/www.pricetornado.com\/da\/wp-json\/wp\/v2\/store?post=446829"},{"taxonomy":"product_brand","embeddable":true,"href":"https:\/\/www.pricetornado.com\/da\/wp-json\/wp\/v2\/product_brand?post=446829"},{"taxonomy":"product_cat","embeddable":true,"href":"https:\/\/www.pricetornado.com\/da\/wp-json\/wp\/v2\/product_cat?post=446829"},{"taxonomy":"product_tag","embeddable":true,"href":"https:\/\/www.pricetornado.com\/da\/wp-json\/wp\/v2\/product_tag?post=446829"}],"curies":[{"name":"wp","href":"https:\/\/api.w.org\/{rel}","templated":true}]}}