{"id":446828,"date":"2025-02-24T15:10:16","date_gmt":"2025-02-24T14:10:16","guid":{"rendered":"https:\/\/www.pricetornado.com\/da\/produkt\/scanpan-to-go-termoflaske-500ml-aluminium-green-tea\/"},"modified":"2026-04-21T09:50:32","modified_gmt":"2026-04-21T07:50:32","slug":"scanpan-to-go-termoflaske-500ml-aluminium-green-tea","status":"publish","type":"product","link":"https:\/\/www.pricetornado.com\/da\/produkt\/scanpan-to-go-termoflaske-500ml-aluminium-green-tea\/","title":{"rendered":"Scanpan To Go Termoflaske &#8211; 500ml &#8211; Aluminium &#8211; Green Tea"},"content":{"rendered":"<p>K\u00f8b billig Scanpan To Go Termoflaske &#8211; 500ml &#8211; Aluminium &#8211; Green Tea!<br \/>\ntermoflasker er skabt med tanke p\u00e5 mode, funktionalitet og b\u00e6redygtighed. Termoflaskerne er genanvendelige og den perfekte f\u00f8lgesvend til en aktiv livsstil, uanset om det er en tur i fitnesscentret eller du bare er p\u00e5 farten.Med en kapacitet p\u00e5 500 ml holder Scanpan To Go termoflasken dine drikkevarer kolde i op til 24 timer og varme i op til 12 timer takket v\u00e6re effektiv termoisolering. Det luftt\u00e6tte skruel\u00e5g forhindrer spild og beskytter mod gennembl\u00f8dte tasker.Termoflasken er lavet af rustfrit st\u00e5l, hvilket sikrer langvarig holdbarhed og robusthed. Den ridsefaste pulverlakering beskytter mod daglig slitage, flasken er kondensfri og BPA-fri, hvilket g\u00f8r den sikker og behagelig at anvende.V\u00e6lg den farve, der matcher dit outfit. Scanpan To Go termoflasker i forskellige farver bliver hurtigt en fast del af dine accessories og underbygger samtidig et b\u00e6redygtigt valg ved at reducere forbruget af engangsflasker..<\/p>\n<p>Sammenlign priser p\u00e5 Scanpan To Go Termoflaske &#8211; 500ml &#8211; Aluminium &#8211; Green Tea og k\u00f8b online til den billigste pris, samt p\u00e5 tilbud!\u00a0\u00a0Tjek den bedste pris, produkt beskrivelse, video, test, anmeldelser osv.<\/p>\n<p><strong>Brand: <\/strong>Scanpan<br \/>\n<strong>EAN: <\/strong>083421197368<br \/>\n<strong>Producentens varenr.:<\/strong> 083421197368<\/p>\n<p><strong>P.S.<\/strong><br \/>\nTilmeld dig til &#8220;Opret Gratis Prisfald Alarm&#8221;, og bliv underrettet med det samme om prisfald p\u00e5 Scanpan To Go Termoflaske &#8211; 500ml &#8211; Aluminium &#8211; Green Tea, og f\u00e5 den billigste pris!<\/p>\n<p>&nbsp;<\/p>\n<p>&nbsp;<\/p>\n","protected":false},"excerpt":{"rendered":"<p>K\u00f8b billig Scanpan To Go Termoflaske &#8211; 500ml &#8211; Aluminium &#8211; Green Tea! termoflasker er skabt med tanke p\u00e5 mode, funktionalitet og b\u00e6redygtighed. Termoflaskerne er genanvendelige og den perfekte f\u00f8lgesvend til en aktiv livsstil, uanset om det er en tur i fitnesscentret eller du bare er p\u00e5 farten.Med en kapacitet p\u00e5 500 ml holder Scanpan [&hellip;]<\/p>\n","protected":false},"featured_media":999980000004468280,"template":"","meta":[],"store":[1272516],"product_brand":[1272521],"product_cat":[831418],"product_tag":[1272683,1275184],"class_list":{"0":"post-446828","1":"product","2":"type-product","3":"status-publish","4":"has-post-thumbnail","6":"store-butik24","7":"product_brand-scanpan","8":"product_cat-koekkenudstyr","9":"product_tag-koekkenudstyr","10":"product_tag-scanpan","11":"pa_maerke-scanpan","13":"first","14":"instock","15":"product-type-external"},"_links":{"self":[{"href":"https:\/\/www.pricetornado.com\/da\/wp-json\/wp\/v2\/product\/446828","targetHints":{"allow":["GET"]}}],"collection":[{"href":"https:\/\/www.pricetornado.com\/da\/wp-json\/wp\/v2\/product"}],"about":[{"href":"https:\/\/www.pricetornado.com\/da\/wp-json\/wp\/v2\/types\/product"}],"wp:featuredmedia":[{"embeddable":true,"href":"https:\/\/www.pricetornado.com\/da\/wp-json\/"}],"wp:attachment":[{"href":"https:\/\/www.pricetornado.com\/da\/wp-json\/wp\/v2\/media?parent=446828"}],"wp:term":[{"taxonomy":"store","embeddable":true,"href":"https:\/\/www.pricetornado.com\/da\/wp-json\/wp\/v2\/store?post=446828"},{"taxonomy":"product_brand","embeddable":true,"href":"https:\/\/www.pricetornado.com\/da\/wp-json\/wp\/v2\/product_brand?post=446828"},{"taxonomy":"product_cat","embeddable":true,"href":"https:\/\/www.pricetornado.com\/da\/wp-json\/wp\/v2\/product_cat?post=446828"},{"taxonomy":"product_tag","embeddable":true,"href":"https:\/\/www.pricetornado.com\/da\/wp-json\/wp\/v2\/product_tag?post=446828"}],"curies":[{"name":"wp","href":"https:\/\/api.w.org\/{rel}","templated":true}]}}