{"id":446824,"date":"2025-02-24T18:37:41","date_gmt":"2025-02-24T17:37:41","guid":{"rendered":"https:\/\/www.pricetornado.com\/da\/produkt\/scanpan-to-go-termoflaske-500ml-aluminium-dawn-pink\/"},"modified":"2026-04-17T08:58:51","modified_gmt":"2026-04-17T06:58:51","slug":"scanpan-to-go-termoflaske-500ml-aluminium-dawn-pink","status":"publish","type":"product","link":"https:\/\/www.pricetornado.com\/da\/produkt\/scanpan-to-go-termoflaske-500ml-aluminium-dawn-pink\/","title":{"rendered":"Scanpan To Go Termoflaske &#8211; 500ml &#8211; Aluminium &#8211; Dawn Pink"},"content":{"rendered":"<p>K\u00f8b billig Scanpan To Go Termoflaske &#8211; 500ml &#8211; Aluminium &#8211; Dawn Pink!<br \/>\nScanpan To Go termoflasken p\u00e5 500 ml i farven Dawn Pink forener moderne stil, funktionalitet og b\u00e6redygtighed. Denne termoflaske er det perfekte valg til en aktiv livsstil \u2013 uanset om du er til fitness, p\u00e5 vej til arbejde eller ofte p\u00e5 farten. Flasken er designet til at v\u00e6re genanvendelig og underst\u00f8tter Scanpans engagement i #StopSingleUse-initiativet.Flaskens vakuumisolering holder dine drikke kolde i op til 24 timer og varme i op til 12 timer. Den er fremstillet af rustfrit st\u00e5l, som b\u00e5de sikrer holdbarhed og bevarer smagen, samtidig med at den er nem at reng\u00f8re. Den ridsefaste pulverlakering g\u00f8r termoflasken ekstra robust til daglig brug.TO GO termoflasken kan bruges igen og igen, hvilket reducerer behovet for engangsflasker. Den ergonomiske udformning g\u00f8r den kompatibel med Scanpans kopper og tumblere i rustfrit st\u00e5l, s\u00e5 du kan nyde dine drikke p\u00e5 flere m\u00e5der.Scanpans TO GO serie byder p\u00e5 op til 24 farvemuligheder, s\u00e5 du kan finde den farve, der matcher dit look eller hum\u00f8r. Dawn Pink er et elegant og tidl\u00f8st valg, der hurtigt kan blive en del af dine daglige accessories..<\/p>\n<p>Sammenlign priser p\u00e5 Scanpan To Go Termoflaske &#8211; 500ml &#8211; Aluminium &#8211; Dawn Pink og k\u00f8b online til den billigste pris, samt p\u00e5 tilbud!\u00a0\u00a0Tjek den bedste pris, produkt beskrivelse, video, test, anmeldelser osv.<\/p>\n<p><strong>Brand: <\/strong>Scanpan<br \/>\n<strong>EAN: <\/strong>083421197306<br \/>\n<strong>Producentens varenr.:<\/strong> 083421197306<\/p>\n<p><strong>P.S.<\/strong><br \/>\nTilmeld dig til &#8220;Opret Gratis Prisfald Alarm&#8221;, og bliv underrettet med det samme om prisfald p\u00e5 Scanpan To Go Termoflaske &#8211; 500ml &#8211; Aluminium &#8211; Dawn Pink, og f\u00e5 den billigste pris!<\/p>\n<p>&nbsp;<\/p>\n<p>&nbsp;<\/p>\n","protected":false},"excerpt":{"rendered":"<p>K\u00f8b billig Scanpan To Go Termoflaske &#8211; 500ml &#8211; Aluminium &#8211; Dawn Pink! Scanpan To Go termoflasken p\u00e5 500 ml i farven Dawn Pink forener moderne stil, funktionalitet og b\u00e6redygtighed. Denne termoflaske er det perfekte valg til en aktiv livsstil \u2013 uanset om du er til fitness, p\u00e5 vej til arbejde eller ofte p\u00e5 farten. [&hellip;]<\/p>\n","protected":false},"featured_media":999980000004468240,"template":"","meta":[],"store":[1272516],"product_brand":[1272521],"product_cat":[831418],"product_tag":[1272683,1275184],"class_list":{"0":"post-446824","1":"product","2":"type-product","3":"status-publish","4":"has-post-thumbnail","6":"store-butik24","7":"product_brand-scanpan","8":"product_cat-koekkenudstyr","9":"product_tag-koekkenudstyr","10":"product_tag-scanpan","11":"pa_maerke-scanpan","13":"first","14":"instock","15":"product-type-external"},"_links":{"self":[{"href":"https:\/\/www.pricetornado.com\/da\/wp-json\/wp\/v2\/product\/446824","targetHints":{"allow":["GET"]}}],"collection":[{"href":"https:\/\/www.pricetornado.com\/da\/wp-json\/wp\/v2\/product"}],"about":[{"href":"https:\/\/www.pricetornado.com\/da\/wp-json\/wp\/v2\/types\/product"}],"wp:featuredmedia":[{"embeddable":true,"href":"https:\/\/www.pricetornado.com\/da\/wp-json\/"}],"wp:attachment":[{"href":"https:\/\/www.pricetornado.com\/da\/wp-json\/wp\/v2\/media?parent=446824"}],"wp:term":[{"taxonomy":"store","embeddable":true,"href":"https:\/\/www.pricetornado.com\/da\/wp-json\/wp\/v2\/store?post=446824"},{"taxonomy":"product_brand","embeddable":true,"href":"https:\/\/www.pricetornado.com\/da\/wp-json\/wp\/v2\/product_brand?post=446824"},{"taxonomy":"product_cat","embeddable":true,"href":"https:\/\/www.pricetornado.com\/da\/wp-json\/wp\/v2\/product_cat?post=446824"},{"taxonomy":"product_tag","embeddable":true,"href":"https:\/\/www.pricetornado.com\/da\/wp-json\/wp\/v2\/product_tag?post=446824"}],"curies":[{"name":"wp","href":"https:\/\/api.w.org\/{rel}","templated":true}]}}