{"id":446819,"date":"2025-02-20T09:32:41","date_gmt":"2025-02-20T08:32:41","guid":{"rendered":"https:\/\/www.pricetornado.com\/da\/produkt\/scanpan-texas-steakbestik-4-dele-classic\/"},"modified":"2026-04-17T11:20:08","modified_gmt":"2026-04-17T09:20:08","slug":"scanpan-texas-steakbestik-4-dele-classic","status":"publish","type":"product","link":"https:\/\/www.pricetornado.com\/da\/produkt\/scanpan-texas-steakbestik-4-dele-classic\/","title":{"rendered":"Scanpan Texas steakbestik 4 dele &#8211; Classic"},"content":{"rendered":"<p>K\u00f8b billig Scanpan Texas steakbestik 4 dele &#8211; Classic!<br \/>\nScanpan Texas steakbestik er et s\u00e6t best\u00e5ende af 2 knive og 2 gafler, perfekt til at h\u00e5ndtere alle typer k\u00f8d og is\u00e6r steaks. Steakknivene har s\u00e6rligt store blade, som nemt og effektivt sk\u00e6rer rene snit selv i de tykkeste k\u00f8dstykker. Det sikrer en optimal spiseoplevelse uden besv\u00e6r.Bestikket t\u00e5ler opvaskemaskine, hvilket g\u00f8r reng\u00f8ringen nem og hygiejnisk. Materialerne er velegnede til daglig brug og egnet til f\u00f8devarekontakt, hvilket betyder, at du trygt kan anvende dem igen og igen uden bekymring om rust eller slid.Scanpan Texas steakbestik er det ideelle valg til b\u00e5de hverdagsbrug og festlige lejligheder, hvor du \u00f8nsker et p\u00e5lideligt og funktionelt bestik til k\u00f8dretter. Suppl\u00e9r gerne med flere for et komplet k\u00f8kkenudstyr.<\/p>\n<p>Sammenlign priser p\u00e5 Scanpan Texas steakbestik 4 dele &#8211; Classic og k\u00f8b online til den billigste pris, samt p\u00e5 tilbud!\u00a0\u00a0Tjek den bedste pris, produkt beskrivelse, video, test, anmeldelser osv.<\/p>\n<p><strong>Brand: <\/strong>Scanpan<br \/>\n<strong>EAN: <\/strong>083421179357<br \/>\n<strong>Producentens varenr.:<\/strong> 083421179357<\/p>\n<p><strong>P.S.<\/strong><br \/>\nTilmeld dig til &#8220;Opret Gratis Prisfald Alarm&#8221;, og bliv underrettet med det samme om prisfald p\u00e5 Scanpan Texas steakbestik 4 dele &#8211; Classic, og f\u00e5 den billigste pris!<\/p>\n<p>&nbsp;<\/p>\n<p>&nbsp;<\/p>\n","protected":false},"excerpt":{"rendered":"<p>K\u00f8b billig Scanpan Texas steakbestik 4 dele &#8211; Classic! Scanpan Texas steakbestik er et s\u00e6t best\u00e5ende af 2 knive og 2 gafler, perfekt til at h\u00e5ndtere alle typer k\u00f8d og is\u00e6r steaks. Steakknivene har s\u00e6rligt store blade, som nemt og effektivt sk\u00e6rer rene snit selv i de tykkeste k\u00f8dstykker. Det sikrer en optimal spiseoplevelse uden [&hellip;]<\/p>\n","protected":false},"featured_media":999980000004468190,"template":"","meta":[],"store":[1272516],"product_brand":[1272521],"product_cat":[1272410],"product_tag":[1272681,1275184],"class_list":{"0":"post-446819","1":"product","2":"type-product","3":"status-publish","4":"has-post-thumbnail","6":"store-butik24","7":"product_brand-scanpan","8":"product_cat-koekkengrej","9":"product_tag-koekkengrej","10":"product_tag-scanpan","11":"pa_maerke-scanpan","13":"first","14":"instock","15":"product-type-external"},"_links":{"self":[{"href":"https:\/\/www.pricetornado.com\/da\/wp-json\/wp\/v2\/product\/446819","targetHints":{"allow":["GET"]}}],"collection":[{"href":"https:\/\/www.pricetornado.com\/da\/wp-json\/wp\/v2\/product"}],"about":[{"href":"https:\/\/www.pricetornado.com\/da\/wp-json\/wp\/v2\/types\/product"}],"wp:featuredmedia":[{"embeddable":true,"href":"https:\/\/www.pricetornado.com\/da\/wp-json\/"}],"wp:attachment":[{"href":"https:\/\/www.pricetornado.com\/da\/wp-json\/wp\/v2\/media?parent=446819"}],"wp:term":[{"taxonomy":"store","embeddable":true,"href":"https:\/\/www.pricetornado.com\/da\/wp-json\/wp\/v2\/store?post=446819"},{"taxonomy":"product_brand","embeddable":true,"href":"https:\/\/www.pricetornado.com\/da\/wp-json\/wp\/v2\/product_brand?post=446819"},{"taxonomy":"product_cat","embeddable":true,"href":"https:\/\/www.pricetornado.com\/da\/wp-json\/wp\/v2\/product_cat?post=446819"},{"taxonomy":"product_tag","embeddable":true,"href":"https:\/\/www.pricetornado.com\/da\/wp-json\/wp\/v2\/product_tag?post=446819"}],"curies":[{"name":"wp","href":"https:\/\/api.w.org\/{rel}","templated":true}]}}