{"id":446818,"date":"2025-02-25T14:30:14","date_gmt":"2025-02-25T13:30:14","guid":{"rendered":"https:\/\/www.pricetornado.com\/da\/produkt\/philips-hue-bridge-pro-eu\/"},"modified":"2026-04-18T05:50:40","modified_gmt":"2026-04-18T03:50:40","slug":"philips-hue-bridge-pro-eu","status":"publish","type":"product","link":"https:\/\/www.pricetornado.com\/da\/produkt\/philips-hue-bridge-pro-eu\/","title":{"rendered":"Philips Hue Bridge Pro EU"},"content":{"rendered":"<p>K\u00f8b billig Philips Hue Bridge Pro EU!<br \/>\nDen n\u00e6ste generation af Hue smart hub. Med en chip, der kan k\u00f8re komplekse algoritmer, og AI-drevne funktioner er den hurtigere og st\u00e6rkere end nogensinde f\u00f8r. Omdan dine lys til bev\u00e6gelsessensorer med MotionAware\u2122, byg bro mellem dine sikkerhedsfunktioner og dine lys og meget mere.<\/p>\n<p>Sammenlign priser p\u00e5 Philips Hue Bridge Pro EU og k\u00f8b online til den billigste pris, samt p\u00e5 tilbud!\u00a0\u00a0Tjek den bedste pris, produkt beskrivelse, video, test, anmeldelser osv.<\/p>\n<p><strong>Brand: <\/strong>Philips Hue<br \/>\n<strong>EAN: <\/strong>8720169155114<br \/>\n<strong>Producentens varenr.:<\/strong> 8720169155114<\/p>\n<p><strong>P.S.<\/strong><br \/>\nTilmeld dig til &#8220;Opret Gratis Prisfald Alarm&#8221;, og bliv underrettet med det samme om prisfald p\u00e5 Philips Hue Bridge Pro EU, og f\u00e5 den billigste pris!<\/p>\n<p>&nbsp;<\/p>\n<p>&nbsp;<\/p>\n","protected":false},"excerpt":{"rendered":"<p>K\u00f8b billig Philips Hue Bridge Pro EU! Den n\u00e6ste generation af Hue smart hub. Med en chip, der kan k\u00f8re komplekse algoritmer, og AI-drevne funktioner er den hurtigere og st\u00e6rkere end nogensinde f\u00f8r. Omdan dine lys til bev\u00e6gelsessensorer med MotionAware\u2122, byg bro mellem dine sikkerhedsfunktioner og dine lys og meget mere. Sammenlign priser p\u00e5 Philips [&hellip;]<\/p>\n","protected":false},"featured_media":999980000004468180,"template":"","meta":[],"store":[1272516],"product_brand":[1272523],"product_cat":[1272407],"product_tag":[1272697,1272767],"class_list":{"0":"post-446818","1":"product","2":"type-product","3":"status-publish","4":"has-post-thumbnail","6":"store-butik24","7":"product_brand-philips-hue","8":"product_cat-belysning-2","9":"product_tag-belysning","10":"product_tag-philips-hue","11":"pa_maerke-philips-hue","13":"first","14":"instock","15":"product-type-external"},"_links":{"self":[{"href":"https:\/\/www.pricetornado.com\/da\/wp-json\/wp\/v2\/product\/446818","targetHints":{"allow":["GET"]}}],"collection":[{"href":"https:\/\/www.pricetornado.com\/da\/wp-json\/wp\/v2\/product"}],"about":[{"href":"https:\/\/www.pricetornado.com\/da\/wp-json\/wp\/v2\/types\/product"}],"wp:featuredmedia":[{"embeddable":true,"href":"https:\/\/www.pricetornado.com\/da\/wp-json\/"}],"wp:attachment":[{"href":"https:\/\/www.pricetornado.com\/da\/wp-json\/wp\/v2\/media?parent=446818"}],"wp:term":[{"taxonomy":"store","embeddable":true,"href":"https:\/\/www.pricetornado.com\/da\/wp-json\/wp\/v2\/store?post=446818"},{"taxonomy":"product_brand","embeddable":true,"href":"https:\/\/www.pricetornado.com\/da\/wp-json\/wp\/v2\/product_brand?post=446818"},{"taxonomy":"product_cat","embeddable":true,"href":"https:\/\/www.pricetornado.com\/da\/wp-json\/wp\/v2\/product_cat?post=446818"},{"taxonomy":"product_tag","embeddable":true,"href":"https:\/\/www.pricetornado.com\/da\/wp-json\/wp\/v2\/product_tag?post=446818"}],"curies":[{"name":"wp","href":"https:\/\/api.w.org\/{rel}","templated":true}]}}