{"id":446817,"date":"2025-02-20T12:04:08","date_gmt":"2025-02-20T11:04:08","guid":{"rendered":"https:\/\/www.pricetornado.com\/da\/produkt\/philips-nx0990-90-gryde-air-steam-cooker-cooking-pot-tilbehoer\/"},"modified":"2026-04-17T07:00:27","modified_gmt":"2026-04-17T05:00:27","slug":"philips-nx0990-90-gryde-air-steam-cooker-cooking-pot-tilbehoer","status":"publish","type":"product","link":"https:\/\/www.pricetornado.com\/da\/produkt\/philips-nx0990-90-gryde-air-steam-cooker-cooking-pot-tilbehoer\/","title":{"rendered":"Philips NX0990\/90 Gryde Air Steam Cooker Cooking pot &#8211; tilbeh\u00f8r"},"content":{"rendered":"<p>K\u00f8b billig Philips NX0990\/90 Gryde Air Steam Cooker Cooking pot &#8211; tilbeh\u00f8r!<br \/>\nOpgrader din Philips Air Steam Cooker med denne praktiske gryde, der giver dig mulighed for at udvide madlavningens variation. Brug gryden sammen med bundpladen eller et ekstra lag for at tilberede flere retter samtidig, s\u00e5som l\u00e6kkert hjemmebagt br\u00f8d samt n\u00e6ringsrige supper og gryderetter. Perfekt til dig, der \u00f8nsker fleksibilitet i k\u00f8kkenet.Gryden er designet med fokus p\u00e5 brugervenlighed og er nem at reng\u00f8re, s\u00e5 du hurtigt kan nyde din mad uden besv\u00e6r. Alt tilbeh\u00f8r kan opbevares i din Air Steam Cooker, s\u00e5 det holdes p\u00e6nt samlet og altid er lige ved h\u00e5nden, n\u00e5r du skal bruge det.Selvom de specifikke materialer for dette tilbeh\u00f8r ikke er detaljeret beskrevet, er Philips produkter generelt anerkendt for deres holdbarhed. Konstruktionen er skabt til at g\u00f8re madlavningen let og bekvem, s\u00e5 du f\u00e5r en god oplevelse hver gang.Opn\u00e5 mere ud af din Air Steam Cooker med denne gryde, der g\u00f8r det nemt at eksperimentere og variere dine retter. Find mere tilbeh\u00f8r fra Philips hos Butik24 og optimer dit k\u00f8kkenudstyr.<\/p>\n<p>Sammenlign priser p\u00e5 Philips NX0990\/90 Gryde Air Steam Cooker Cooking pot &#8211; tilbeh\u00f8r og k\u00f8b online til den billigste pris, samt p\u00e5 tilbud!\u00a0\u00a0Tjek den bedste pris, produkt beskrivelse, video, test, anmeldelser osv.<\/p>\n<p><strong>Brand: <\/strong>Philips<br \/>\n<strong>EAN: <\/strong>8720389002649<br \/>\n<strong>Producentens varenr.:<\/strong> 8720389002649<\/p>\n<p><strong>P.S.<\/strong><br \/>\nTilmeld dig til &#8220;Opret Gratis Prisfald Alarm&#8221;, og bliv underrettet med det samme om prisfald p\u00e5 Philips NX0990\/90 Gryde Air Steam Cooker Cooking pot &#8211; tilbeh\u00f8r, og f\u00e5 den billigste pris!<\/p>\n<p>&nbsp;<\/p>\n<p>&nbsp;<\/p>\n","protected":false},"excerpt":{"rendered":"<p>K\u00f8b billig Philips NX0990\/90 Gryde Air Steam Cooker Cooking pot &#8211; tilbeh\u00f8r! Opgrader din Philips Air Steam Cooker med denne praktiske gryde, der giver dig mulighed for at udvide madlavningens variation. Brug gryden sammen med bundpladen eller et ekstra lag for at tilberede flere retter samtidig, s\u00e5som l\u00e6kkert hjemmebagt br\u00f8d samt n\u00e6ringsrige supper og gryderetter. [&hellip;]<\/p>\n","protected":false},"featured_media":999980000004468170,"template":"","meta":[],"store":[1272516],"product_brand":[1272519],"product_cat":[1272418],"product_tag":[1272757,1275180],"class_list":{"0":"post-446817","1":"product","2":"type-product","3":"status-publish","4":"has-post-thumbnail","6":"store-butik24","7":"product_brand-philips","8":"product_cat-koekkenmaskiner","9":"product_tag-koekkenmaskiner","10":"product_tag-philips","11":"pa_maerke-philips","13":"first","14":"instock","15":"product-type-external"},"_links":{"self":[{"href":"https:\/\/www.pricetornado.com\/da\/wp-json\/wp\/v2\/product\/446817","targetHints":{"allow":["GET"]}}],"collection":[{"href":"https:\/\/www.pricetornado.com\/da\/wp-json\/wp\/v2\/product"}],"about":[{"href":"https:\/\/www.pricetornado.com\/da\/wp-json\/wp\/v2\/types\/product"}],"wp:featuredmedia":[{"embeddable":true,"href":"https:\/\/www.pricetornado.com\/da\/wp-json\/"}],"wp:attachment":[{"href":"https:\/\/www.pricetornado.com\/da\/wp-json\/wp\/v2\/media?parent=446817"}],"wp:term":[{"taxonomy":"store","embeddable":true,"href":"https:\/\/www.pricetornado.com\/da\/wp-json\/wp\/v2\/store?post=446817"},{"taxonomy":"product_brand","embeddable":true,"href":"https:\/\/www.pricetornado.com\/da\/wp-json\/wp\/v2\/product_brand?post=446817"},{"taxonomy":"product_cat","embeddable":true,"href":"https:\/\/www.pricetornado.com\/da\/wp-json\/wp\/v2\/product_cat?post=446817"},{"taxonomy":"product_tag","embeddable":true,"href":"https:\/\/www.pricetornado.com\/da\/wp-json\/wp\/v2\/product_tag?post=446817"}],"curies":[{"name":"wp","href":"https:\/\/api.w.org\/{rel}","templated":true}]}}