{"id":446811,"date":"2025-02-20T09:10:22","date_gmt":"2025-02-20T08:10:22","guid":{"rendered":"https:\/\/www.pricetornado.com\/da\/produkt\/philips-avent-scd715-26-avanceret-dect-babyalarm\/"},"modified":"2026-04-17T02:00:20","modified_gmt":"2026-04-17T00:00:20","slug":"philips-avent-scd715-26-avanceret-dect-babyalarm","status":"publish","type":"product","link":"https:\/\/www.pricetornado.com\/da\/produkt\/philips-avent-scd715-26-avanceret-dect-babyalarm\/","title":{"rendered":"Philips Avent SCD715\/26 Avanceret DECT-babyalarm"},"content":{"rendered":"<p>K\u00f8b billig Philips Avent SCD715\/26 Avanceret DECT-babyalarm!<br \/>\nOplev tryghed og fleksibilitet med Philips Avent babyalarm, der giver dig krystalklar lyd og p\u00e5lidelig overv\u00e5gning af dit barn. Med op til 24 timers overv\u00e5gning p\u00e5 \u00e9n opladning og DECT-teknologi for en 100 % privat forbindelse uden forstyrrelser, kan du frit bev\u00e6ge dig rundt i hjemmet. Den b\u00e6rbare for\u00e6ldre-enhed er udstyret med en praktisk b\u00e6lteclips, s\u00e5 du altid kan have babyalarmen ved h\u00e5nden.Philips Avent babyalarmen er udviklet med barnets sikkerhed og din bekvemmelighed for \u00f8je. Smart ECO-tilstand samt batteribackup p\u00e5 babyenheden sikrer, at alarmen fungerer selv ved str\u00f8msvigt. De brugervenlige funktioner og den p\u00e5lidelige forbindelse hj\u00e6lper dig med at give dit barn de bedste rammer for ro og tryghed \u2013 b\u00e5de dag og nat. produkter hos Butik24, og find endnu flere smarte l\u00f8sninger til hjem og familie.<\/p>\n<p>Sammenlign priser p\u00e5 Philips Avent SCD715\/26 Avanceret DECT-babyalarm og k\u00f8b online til den billigste pris, samt p\u00e5 tilbud!\u00a0\u00a0Tjek den bedste pris, produkt beskrivelse, video, test, anmeldelser osv.<\/p>\n<p><strong>Brand: <\/strong>Philips<br \/>\n<strong>EAN: <\/strong>8710103849063<br \/>\n<strong>Producentens varenr.:<\/strong> 8710103849063<\/p>\n<p><strong>P.S.<\/strong><br \/>\nTilmeld dig til &#8220;Opret Gratis Prisfald Alarm&#8221;, og bliv underrettet med det samme om prisfald p\u00e5 Philips Avent SCD715\/26 Avanceret DECT-babyalarm, og f\u00e5 den billigste pris!<\/p>\n<p>&nbsp;<\/p>\n<p>&nbsp;<\/p>\n","protected":false},"excerpt":{"rendered":"<p>K\u00f8b billig Philips Avent SCD715\/26 Avanceret DECT-babyalarm! Oplev tryghed og fleksibilitet med Philips Avent babyalarm, der giver dig krystalklar lyd og p\u00e5lidelig overv\u00e5gning af dit barn. Med op til 24 timers overv\u00e5gning p\u00e5 \u00e9n opladning og DECT-teknologi for en 100 % privat forbindelse uden forstyrrelser, kan du frit bev\u00e6ge dig rundt i hjemmet. Den b\u00e6rbare [&hellip;]<\/p>\n","protected":false},"featured_media":999980000004468110,"template":"","meta":[],"store":[1272516],"product_brand":[1272519],"product_cat":[1272414,1272413],"product_tag":[1272709,1272706,1275180],"class_list":{"0":"post-446811","1":"product","2":"type-product","3":"status-publish","4":"has-post-thumbnail","6":"store-butik24","7":"product_brand-philips","8":"product_cat-baby-personlig-pleje","9":"product_cat-personlig-pleje","10":"product_tag-baby","11":"product_tag-personlig-pleje","12":"product_tag-philips","13":"pa_maerke-philips","15":"first","16":"instock","17":"product-type-external"},"_links":{"self":[{"href":"https:\/\/www.pricetornado.com\/da\/wp-json\/wp\/v2\/product\/446811","targetHints":{"allow":["GET"]}}],"collection":[{"href":"https:\/\/www.pricetornado.com\/da\/wp-json\/wp\/v2\/product"}],"about":[{"href":"https:\/\/www.pricetornado.com\/da\/wp-json\/wp\/v2\/types\/product"}],"wp:featuredmedia":[{"embeddable":true,"href":"https:\/\/www.pricetornado.com\/da\/wp-json\/"}],"wp:attachment":[{"href":"https:\/\/www.pricetornado.com\/da\/wp-json\/wp\/v2\/media?parent=446811"}],"wp:term":[{"taxonomy":"store","embeddable":true,"href":"https:\/\/www.pricetornado.com\/da\/wp-json\/wp\/v2\/store?post=446811"},{"taxonomy":"product_brand","embeddable":true,"href":"https:\/\/www.pricetornado.com\/da\/wp-json\/wp\/v2\/product_brand?post=446811"},{"taxonomy":"product_cat","embeddable":true,"href":"https:\/\/www.pricetornado.com\/da\/wp-json\/wp\/v2\/product_cat?post=446811"},{"taxonomy":"product_tag","embeddable":true,"href":"https:\/\/www.pricetornado.com\/da\/wp-json\/wp\/v2\/product_tag?post=446811"}],"curies":[{"name":"wp","href":"https:\/\/api.w.org\/{rel}","templated":true}]}}