{"id":446810,"date":"2025-02-20T10:32:15","date_gmt":"2025-02-20T09:32:15","guid":{"rendered":"https:\/\/www.pricetornado.com\/da\/produkt\/philips-hd9950-00-airfryer-xxl-tilbehoerspakke-med-2-dele\/"},"modified":"2026-04-18T05:30:29","modified_gmt":"2026-04-18T03:30:29","slug":"philips-hd9950-00-airfryer-xxl-tilbehoerspakke-med-2-dele","status":"publish","type":"product","link":"https:\/\/www.pricetornado.com\/da\/produkt\/philips-hd9950-00-airfryer-xxl-tilbehoerspakke-med-2-dele\/","title":{"rendered":"Philips HD9950\/00 Airfryer XXL Tilbeh\u00f8rspakke med 2 dele"},"content":{"rendered":"<p>K\u00f8b billig Philips HD9950\/00 Airfryer XXL Tilbeh\u00f8rspakke med 2 dele!<br \/>\nMed Philips Airfryer XXL tilbeh\u00f8rspakken f\u00e5r du endnu mere ud af din Airfryer og kan tilberede flere l\u00e6kre snacks og sm\u00e5retter til b\u00e5de familie og venner. Pakken indeholder en dobbeltrist og en rumopdeler, der giver dig mulighed for at fordoble madlavningspladsen og tilberede forskellige retter samtidigt uden, at smagene blandes.Tilbeh\u00f8rsdelene er fremstillet i st\u00e6rkt plated st\u00e5l, som sikrer lang holdbarhed og modst\u00e5r h\u00f8je temperaturer ved stegning. Pakning og manualer er produceret med fokus p\u00e5 b\u00e6redygtighed med over 90% genbrugsmateriale og 100% genbrugspapir til vejledninger.Det ergonomiske design (240 x 240 x 90 mm eller 198 x 215 x 73 mm, afh\u00e6ngigt af variant) sikrer, at tilbeh\u00f8ret passer perfekt til Airfryer XXL, s\u00e5 du f\u00e5r mest muligt ud af din maskine og g\u00f8r madlavningen endnu lettere.<\/p>\n<p>Sammenlign priser p\u00e5 Philips HD9950\/00 Airfryer XXL Tilbeh\u00f8rspakke med 2 dele og k\u00f8b online til den billigste pris, samt p\u00e5 tilbud!\u00a0\u00a0Tjek den bedste pris, produkt beskrivelse, video, test, anmeldelser osv.<\/p>\n<p><strong>Brand: <\/strong>Philips<br \/>\n<strong>EAN: <\/strong>8710103860792<br \/>\n<strong>Producentens varenr.:<\/strong> 8710103860792<\/p>\n<p><strong>P.S.<\/strong><br \/>\nTilmeld dig til &#8220;Opret Gratis Prisfald Alarm&#8221;, og bliv underrettet med det samme om prisfald p\u00e5 Philips HD9950\/00 Airfryer XXL Tilbeh\u00f8rspakke med 2 dele, og f\u00e5 den billigste pris!<\/p>\n<p>&nbsp;<\/p>\n<p>&nbsp;<\/p>\n","protected":false},"excerpt":{"rendered":"<p>K\u00f8b billig Philips HD9950\/00 Airfryer XXL Tilbeh\u00f8rspakke med 2 dele! Med Philips Airfryer XXL tilbeh\u00f8rspakken f\u00e5r du endnu mere ud af din Airfryer og kan tilberede flere l\u00e6kre snacks og sm\u00e5retter til b\u00e5de familie og venner. Pakken indeholder en dobbeltrist og en rumopdeler, der giver dig mulighed for at fordoble madlavningspladsen og tilberede forskellige retter [&hellip;]<\/p>\n","protected":false},"featured_media":999980000004468100,"template":"","meta":[],"store":[1272516],"product_brand":[1272519],"product_cat":[831418],"product_tag":[1272683,1275180],"class_list":{"0":"post-446810","1":"product","2":"type-product","3":"status-publish","4":"has-post-thumbnail","6":"store-butik24","7":"product_brand-philips","8":"product_cat-koekkenudstyr","9":"product_tag-koekkenudstyr","10":"product_tag-philips","11":"pa_maerke-philips","13":"first","14":"instock","15":"product-type-external"},"_links":{"self":[{"href":"https:\/\/www.pricetornado.com\/da\/wp-json\/wp\/v2\/product\/446810","targetHints":{"allow":["GET"]}}],"collection":[{"href":"https:\/\/www.pricetornado.com\/da\/wp-json\/wp\/v2\/product"}],"about":[{"href":"https:\/\/www.pricetornado.com\/da\/wp-json\/wp\/v2\/types\/product"}],"wp:featuredmedia":[{"embeddable":true,"href":"https:\/\/www.pricetornado.com\/da\/wp-json\/"}],"wp:attachment":[{"href":"https:\/\/www.pricetornado.com\/da\/wp-json\/wp\/v2\/media?parent=446810"}],"wp:term":[{"taxonomy":"store","embeddable":true,"href":"https:\/\/www.pricetornado.com\/da\/wp-json\/wp\/v2\/store?post=446810"},{"taxonomy":"product_brand","embeddable":true,"href":"https:\/\/www.pricetornado.com\/da\/wp-json\/wp\/v2\/product_brand?post=446810"},{"taxonomy":"product_cat","embeddable":true,"href":"https:\/\/www.pricetornado.com\/da\/wp-json\/wp\/v2\/product_cat?post=446810"},{"taxonomy":"product_tag","embeddable":true,"href":"https:\/\/www.pricetornado.com\/da\/wp-json\/wp\/v2\/product_tag?post=446810"}],"curies":[{"name":"wp","href":"https:\/\/api.w.org\/{rel}","templated":true}]}}