{"id":446808,"date":"2025-02-22T10:05:01","date_gmt":"2025-02-22T09:05:01","guid":{"rendered":"https:\/\/www.pricetornado.com\/da\/produkt\/capricorn-wall-lantern-anthracite-1x6w\/"},"modified":"2026-04-18T02:40:16","modified_gmt":"2026-04-18T00:40:16","slug":"capricorn-wall-lantern-anthracite-1x6w","status":"publish","type":"product","link":"https:\/\/www.pricetornado.com\/da\/produkt\/capricorn-wall-lantern-anthracite-1x6w\/","title":{"rendered":"Capricorn wall lantern anthracite 1x6W"},"content":{"rendered":"<p>K\u00f8b billig Capricorn wall lantern anthracite 1x6W!<br \/>\nDenne runde, kuppelformede Philips Capricorn LED udend\u00f8rs v\u00e6glampe har et stilfuldt halvm\u00e5nedesign i smart antracitgr\u00e5. Lampen er fremstillet af robust, st\u00f8bt aluminium, der sikrer lang holdbarhed og h\u00f8j modstandsdygtighed over for vind og vejr, hvilket g\u00f8r den ideel til udend\u00f8rs brug.Capricorn v\u00e6glampen leverer et kraftigt, vidtstrakt og diffust varmt hvidt lys, der effektivt og behageligt oplyser dit udend\u00f8rsomr\u00e5de. Den integrerede LED-lyskilde forenkler b\u00e5de installation og vedligeholdelse, da der ikke er behov for udskiftning af p\u00e6rer.Integreret LED med lang levetid p\u00e5 op til 25.000 timerV\u00e6lg Philips Capricorn, hvis du \u00f8nsker en udend\u00f8rs v\u00e6glampe, der kombinerer moderne design, lang levetid og effektiv belysning. Se hele vores udvalg af lamper hos Butik24.<\/p>\n<p>Sammenlign priser p\u00e5 Capricorn wall lantern anthracite 1x6W og k\u00f8b online til den billigste pris, samt p\u00e5 tilbud!\u00a0\u00a0Tjek den bedste pris, produkt beskrivelse, video, test, anmeldelser osv.<\/p>\n<p><strong>Brand: <\/strong>Philips<br \/>\n<strong>EAN: <\/strong>8718696131145<br \/>\n<strong>Producentens varenr.:<\/strong> 8718696131145<\/p>\n<p><strong>P.S.<\/strong><br \/>\nTilmeld dig til &#8220;Opret Gratis Prisfald Alarm&#8221;, og bliv underrettet med det samme om prisfald p\u00e5 Capricorn wall lantern anthracite 1x6W, og f\u00e5 den billigste pris!<\/p>\n<p>&nbsp;<\/p>\n<p>&nbsp;<\/p>\n","protected":false},"excerpt":{"rendered":"<p>K\u00f8b billig Capricorn wall lantern anthracite 1x6W! Denne runde, kuppelformede Philips Capricorn LED udend\u00f8rs v\u00e6glampe har et stilfuldt halvm\u00e5nedesign i smart antracitgr\u00e5. Lampen er fremstillet af robust, st\u00f8bt aluminium, der sikrer lang holdbarhed og h\u00f8j modstandsdygtighed over for vind og vejr, hvilket g\u00f8r den ideel til udend\u00f8rs brug.Capricorn v\u00e6glampen leverer et kraftigt, vidtstrakt og diffust [&hellip;]<\/p>\n","protected":false},"featured_media":999980000004468080,"template":"","meta":[],"store":[1272516],"product_brand":[1272519],"product_cat":[1272407],"product_tag":[1272697,1275180],"class_list":{"0":"post-446808","1":"product","2":"type-product","3":"status-publish","4":"has-post-thumbnail","6":"store-butik24","7":"product_brand-philips","8":"product_cat-belysning-2","9":"product_tag-belysning","10":"product_tag-philips","11":"pa_maerke-philips","13":"first","14":"instock","15":"product-type-external"},"_links":{"self":[{"href":"https:\/\/www.pricetornado.com\/da\/wp-json\/wp\/v2\/product\/446808","targetHints":{"allow":["GET"]}}],"collection":[{"href":"https:\/\/www.pricetornado.com\/da\/wp-json\/wp\/v2\/product"}],"about":[{"href":"https:\/\/www.pricetornado.com\/da\/wp-json\/wp\/v2\/types\/product"}],"wp:featuredmedia":[{"embeddable":true,"href":"https:\/\/www.pricetornado.com\/da\/wp-json\/"}],"wp:attachment":[{"href":"https:\/\/www.pricetornado.com\/da\/wp-json\/wp\/v2\/media?parent=446808"}],"wp:term":[{"taxonomy":"store","embeddable":true,"href":"https:\/\/www.pricetornado.com\/da\/wp-json\/wp\/v2\/store?post=446808"},{"taxonomy":"product_brand","embeddable":true,"href":"https:\/\/www.pricetornado.com\/da\/wp-json\/wp\/v2\/product_brand?post=446808"},{"taxonomy":"product_cat","embeddable":true,"href":"https:\/\/www.pricetornado.com\/da\/wp-json\/wp\/v2\/product_cat?post=446808"},{"taxonomy":"product_tag","embeddable":true,"href":"https:\/\/www.pricetornado.com\/da\/wp-json\/wp\/v2\/product_tag?post=446808"}],"curies":[{"name":"wp","href":"https:\/\/api.w.org\/{rel}","templated":true}]}}