{"id":446803,"date":"2025-02-26T20:04:12","date_gmt":"2025-02-26T19:04:12","guid":{"rendered":"https:\/\/www.pricetornado.com\/da\/produkt\/lenco-internet-dab-fm-radio-med-cd-afspiller-og-bluetooth-sort-dir-260bk\/"},"modified":"2026-04-15T01:24:28","modified_gmt":"2026-04-14T23:24:28","slug":"lenco-internet-dab-fm-radio-med-cd-afspiller-og-bluetooth-sort-dir-260bk","status":"publish","type":"product","link":"https:\/\/www.pricetornado.com\/da\/produkt\/lenco-internet-dab-fm-radio-med-cd-afspiller-og-bluetooth-sort-dir-260bk\/","title":{"rendered":"Lenco &#8211; Internet \/ DAB+ \/ FM-radio med cd-afspiller og Bluetooth\u00ae Sort &#8211; DIR-260BK"},"content":{"rendered":"<p>K\u00f8b billig Lenco &#8211; Internet \/ DAB+ \/ FM-radio med cd-afspiller og Bluetooth\u00ae Sort &#8211; DIR-260BK!<br \/>\nLenco DIR-260 er en praktisk og moderne internetradio, der kombinerer DAB+, FM-radio, cd-afspiller og Bluetooth\u00ae-modtagelse i \u00e9t kompakt design. Det elegante tr\u00e6kabinet giver ikke kun et stilfuldt udtryk, men ogs\u00e5 forbedret akustisk ydeevne og holdbarhed, s\u00e5 du kan nyde klar og kvalitetsrig lyd i dit hjem.DIR-260 underst\u00f8tter afspilning af CD og MP3 samt streaming fra smartphone eller tablet via Bluetooth 5.0 med op til 10 meters r\u00e6kkevidde. Med adgang til internetradio kan du lytte til radiostationer fra hele verden \u2013 uanset om du foretr\u00e6kker amerikansk country, franske sange eller lokale nyheder.Bluetooth 5.0 streaming (op til 10 m r\u00e6kkevidde)Lenco DIR-260 fungerer ogs\u00e5 som en praktisk clockradio med to uafh\u00e6ngige alarmer og snooze, s\u00e5 b\u00e5de du og din partner kan v\u00e5gne op til nyheder, din yndlingsstation eller et roligt soundtrack. Alarmen kan indstilles til at starte med radio, cd eller musik fra Bluetooth-kilde efter eget \u00f8nske.Radioen overholder strenge energibesparende standarder med et str\u00f8mforbrug p\u00e5 under 1 watt i standby og mindre end 2 watt i netv\u00e6rksstandby. Den er konstrueret til at fungere sikkert og stabilt ved temperaturer fra 0\u00b0C til 35\u00b0C og leveres med en AC-adapter, der opfylder internationale sikkerhedsstandarder.Med Lenco DIR-260 f\u00e5r du en alsidig og brugervenlig radio, der forener klassisk lydkvalitet, moderne teknologi og et elegant design. Perfekt til enhver hverdag. Se hele vores udvalg af produkter her.<\/p>\n<p>Sammenlign priser p\u00e5 Lenco &#8211; Internet \/ DAB+ \/ FM-radio med cd-afspiller og Bluetooth\u00ae Sort &#8211; DIR-260BK og k\u00f8b online til den billigste pris, samt p\u00e5 tilbud!\u00a0\u00a0Tjek den bedste pris, produkt beskrivelse, video, test, anmeldelser osv.<\/p>\n<p><strong>Brand: <\/strong>Lenco<br \/>\n<strong>EAN: <\/strong>8711902043294<br \/>\n<strong>Producentens varenr.:<\/strong> 8711902043294<\/p>\n<p><strong>P.S.<\/strong><br \/>\nTilmeld dig til &#8220;Opret Gratis Prisfald Alarm&#8221;, og bliv underrettet med det samme om prisfald p\u00e5 Lenco &#8211; Internet \/ DAB+ \/ FM-radio med cd-afspiller og Bluetooth\u00ae Sort &#8211; DIR-260BK, og f\u00e5 den billigste pris!<\/p>\n<p>&nbsp;<\/p>\n<p>&nbsp;<\/p>\n","protected":false},"excerpt":{"rendered":"<p>K\u00f8b billig Lenco &#8211; Internet \/ DAB+ \/ FM-radio med cd-afspiller og Bluetooth\u00ae Sort &#8211; DIR-260BK! Lenco DIR-260 er en praktisk og moderne internetradio, der kombinerer DAB+, FM-radio, cd-afspiller og Bluetooth\u00ae-modtagelse i \u00e9t kompakt design. Det elegante tr\u00e6kabinet giver ikke kun et stilfuldt udtryk, men ogs\u00e5 forbedret akustisk ydeevne og holdbarhed, s\u00e5 du kan nyde [&hellip;]<\/p>\n","protected":false},"featured_media":0,"template":"","meta":[],"store":[1272516],"product_brand":[1272526],"product_cat":[1272439],"product_tag":[1275188,1272694],"class_list":{"0":"post-446803","1":"product","2":"type-product","3":"status-publish","5":"store-butik24","6":"product_brand-lenco","7":"product_cat-radio-2","8":"product_tag-lenco","9":"product_tag-radio","10":"pa_maerke-lenco","12":"first","13":"instock","14":"product-type-external"},"_links":{"self":[{"href":"https:\/\/www.pricetornado.com\/da\/wp-json\/wp\/v2\/product\/446803","targetHints":{"allow":["GET"]}}],"collection":[{"href":"https:\/\/www.pricetornado.com\/da\/wp-json\/wp\/v2\/product"}],"about":[{"href":"https:\/\/www.pricetornado.com\/da\/wp-json\/wp\/v2\/types\/product"}],"wp:attachment":[{"href":"https:\/\/www.pricetornado.com\/da\/wp-json\/wp\/v2\/media?parent=446803"}],"wp:term":[{"taxonomy":"store","embeddable":true,"href":"https:\/\/www.pricetornado.com\/da\/wp-json\/wp\/v2\/store?post=446803"},{"taxonomy":"product_brand","embeddable":true,"href":"https:\/\/www.pricetornado.com\/da\/wp-json\/wp\/v2\/product_brand?post=446803"},{"taxonomy":"product_cat","embeddable":true,"href":"https:\/\/www.pricetornado.com\/da\/wp-json\/wp\/v2\/product_cat?post=446803"},{"taxonomy":"product_tag","embeddable":true,"href":"https:\/\/www.pricetornado.com\/da\/wp-json\/wp\/v2\/product_tag?post=446803"}],"curies":[{"name":"wp","href":"https:\/\/api.w.org\/{rel}","templated":true}]}}