{"id":446801,"date":"2025-02-22T11:13:27","date_gmt":"2025-02-22T10:13:27","guid":{"rendered":"https:\/\/www.pricetornado.com\/da\/produkt\/lenco-baerbar-cd-afspiller-med-opladningsfunktion-blaa-cd-011bu\/"},"modified":"2026-04-21T08:40:48","modified_gmt":"2026-04-21T06:40:48","slug":"lenco-baerbar-cd-afspiller-med-opladningsfunktion-blaa-cd-011bu","status":"publish","type":"product","link":"https:\/\/www.pricetornado.com\/da\/produkt\/lenco-baerbar-cd-afspiller-med-opladningsfunktion-blaa-cd-011bu\/","title":{"rendered":"Lenco &#8211; B\u00e6rbar cd-afspiller med opladningsfunktion Bl\u00e5 &#8211; CD-011BU"},"content":{"rendered":"<p>K\u00f8b billig Lenco &#8211; B\u00e6rbar cd-afspiller med opladningsfunktion Bl\u00e5 &#8211; CD-011BU!<br \/>\nLenco CD-011 er en praktisk og kompakt b\u00e6rbar cd-afspiller, perfekt til dig, der \u00f8nsker at have din yndlingsmusik med overalt. Det lette design g\u00f8r den ideel til rejser eller til brug derhjemme, og de brugervenlige knapper s\u00f8rger for enkel betjening af alle funktioner.Lyt til dine cd\u2019er, som du \u00f8nsker det. Lenco CD-011 giver dig fuld kontrol over din musik med:Du kan bruge Lenco CD-011 b\u00e5de med 2 AA-batterier (medf\u00f8lger ikke) eller via USB-str\u00f8m med det medf\u00f8lgende DC-til-USB kabel. Cd-afspilleren har indbygget batteriopladningskredsl\u00f8b. For at spare p\u00e5 batteriet slukker enheden automatisk, hvis den ikke spiller musik i mere end 30 sekunder, og kan let genstartes med et tryk p\u00e5 en knap.Lenco CD-011 har et standard 3,5 mm jackstik til hovedtelefoner samt mulighed for at tilslutte eksterne h\u00f8jttalere via aux-kabel, s\u00e5 du kan nyde din musik, pr\u00e6cis som du foretr\u00e6kker det.Hvis du rejser ofte og gerne vil have din cd-samling med dig, er denne b\u00e6rbare cd-afspiller fra Lenco et p\u00e5lideligt valg. Med fleksible str\u00f8mforsyningsmuligheder, avanceret afspilningskontrol og brugervenligt design f\u00e5r du optimal musikoplevelse overalt.<\/p>\n<p>Sammenlign priser p\u00e5 Lenco &#8211; B\u00e6rbar cd-afspiller med opladningsfunktion Bl\u00e5 &#8211; CD-011BU og k\u00f8b online til den billigste pris, samt p\u00e5 tilbud!\u00a0\u00a0Tjek den bedste pris, produkt beskrivelse, video, test, anmeldelser osv.<\/p>\n<p><strong>Brand: <\/strong>Lenco<br \/>\n<strong>EAN: <\/strong>8711902043881<br \/>\n<strong>Producentens varenr.:<\/strong> 8711902043881<\/p>\n<p><strong>P.S.<\/strong><br \/>\nTilmeld dig til &#8220;Opret Gratis Prisfald Alarm&#8221;, og bliv underrettet med det samme om prisfald p\u00e5 Lenco &#8211; B\u00e6rbar cd-afspiller med opladningsfunktion Bl\u00e5 &#8211; CD-011BU, og f\u00e5 den billigste pris!<\/p>\n<p>&nbsp;<\/p>\n<p>&nbsp;<\/p>\n","protected":false},"excerpt":{"rendered":"<p>K\u00f8b billig Lenco &#8211; B\u00e6rbar cd-afspiller med opladningsfunktion Bl\u00e5 &#8211; CD-011BU! Lenco CD-011 er en praktisk og kompakt b\u00e6rbar cd-afspiller, perfekt til dig, der \u00f8nsker at have din yndlingsmusik med overalt. Det lette design g\u00f8r den ideel til rejser eller til brug derhjemme, og de brugervenlige knapper s\u00f8rger for enkel betjening af alle funktioner.Lyt til [&hellip;]<\/p>\n","protected":false},"featured_media":999980000004468010,"template":"","meta":[],"store":[1272516],"product_brand":[1272526],"product_cat":[1272471],"product_tag":[1275188,1272790],"class_list":{"0":"post-446801","1":"product","2":"type-product","3":"status-publish","4":"has-post-thumbnail","6":"store-butik24","7":"product_brand-lenco","8":"product_cat-underholdning","9":"product_tag-lenco","10":"product_tag-underholdning","11":"pa_maerke-lenco","13":"first","14":"instock","15":"product-type-external"},"_links":{"self":[{"href":"https:\/\/www.pricetornado.com\/da\/wp-json\/wp\/v2\/product\/446801","targetHints":{"allow":["GET"]}}],"collection":[{"href":"https:\/\/www.pricetornado.com\/da\/wp-json\/wp\/v2\/product"}],"about":[{"href":"https:\/\/www.pricetornado.com\/da\/wp-json\/wp\/v2\/types\/product"}],"wp:featuredmedia":[{"embeddable":true,"href":"https:\/\/www.pricetornado.com\/da\/wp-json\/"}],"wp:attachment":[{"href":"https:\/\/www.pricetornado.com\/da\/wp-json\/wp\/v2\/media?parent=446801"}],"wp:term":[{"taxonomy":"store","embeddable":true,"href":"https:\/\/www.pricetornado.com\/da\/wp-json\/wp\/v2\/store?post=446801"},{"taxonomy":"product_brand","embeddable":true,"href":"https:\/\/www.pricetornado.com\/da\/wp-json\/wp\/v2\/product_brand?post=446801"},{"taxonomy":"product_cat","embeddable":true,"href":"https:\/\/www.pricetornado.com\/da\/wp-json\/wp\/v2\/product_cat?post=446801"},{"taxonomy":"product_tag","embeddable":true,"href":"https:\/\/www.pricetornado.com\/da\/wp-json\/wp\/v2\/product_tag?post=446801"}],"curies":[{"name":"wp","href":"https:\/\/api.w.org\/{rel}","templated":true}]}}