{"id":446800,"date":"2025-02-20T06:55:23","date_gmt":"2025-02-20T05:55:23","guid":{"rendered":"https:\/\/www.pricetornado.com\/da\/produkt\/lenco-baerbar-cd-afspiller-med-opladningsfunktion-cd-010\/"},"modified":"2026-04-20T02:50:13","modified_gmt":"2026-04-20T00:50:13","slug":"lenco-baerbar-cd-afspiller-med-opladningsfunktion-cd-010","status":"publish","type":"product","link":"https:\/\/www.pricetornado.com\/da\/produkt\/lenco-baerbar-cd-afspiller-med-opladningsfunktion-cd-010\/","title":{"rendered":"Lenco &#8211; B\u00e6rbar cd-afspiller med opladningsfunktion &#8211; CD-010"},"content":{"rendered":"<p>K\u00f8b billig Lenco &#8211; B\u00e6rbar cd-afspiller med opladningsfunktion &#8211; CD-010!<br \/>\nLenco CD-010 er en praktisk og b\u00e6rbar cd-afspiller, designet i let og holdbart plastik, perfekt til b\u00e5de daglig brug og rejser. Den klare LCD-sk\u00e6rm g\u00f8r det nemt at navigere mellem sange og afspilningsindstillinger, mens de ergonomiske knapper sikrer let og intuitiv betjening uanset, hvor du befinder dig.Med Lenco CD-010 f\u00e5r du flere muligheder for str\u00f8mforsyning: Brug enten to AA-batterier eller tilslut afspilleren via et DC til USB kabel (batterier medf\u00f8lger ikke). Cd-afspilleren har et indbygget kredsl\u00f8b til opladning af genopladelige batterier, hvilket giver ekstra bekvemmelighed p\u00e5 farten.Lenco CD-010 er ideel til dig, der ofte er p\u00e5 farten. Du kan nemt styre afspilningsr\u00e6kkef\u00f8lgen, v\u00e6lge at gentage din yndlingssang eller lade cd-afspilleren v\u00e6lge numrene tilf\u00e6ldigt. N\u00e5r du vil spare p\u00e5 batteriet, s\u00f8rger den automatiske slukkefunktion for, at afspilleren slukker, hvis der ikke spilles musik i mere end 30 sekunder \u2013 og du kan hurtigt t\u00e6nde den igen med et tryk p\u00e5 en knap., og f\u00e5 optimal musikunderholdning uanset hvor du befinder dig.<\/p>\n<p>Sammenlign priser p\u00e5 Lenco &#8211; B\u00e6rbar cd-afspiller med opladningsfunktion &#8211; CD-010 og k\u00f8b online til den billigste pris, samt p\u00e5 tilbud!\u00a0\u00a0Tjek den bedste pris, produkt beskrivelse, video, test, anmeldelser osv.<\/p>\n<p><strong>Brand: <\/strong>Lenco<br \/>\n<strong>EAN: <\/strong>8711902039907<br \/>\n<strong>Producentens varenr.:<\/strong> 8711902039907<\/p>\n<p><strong>P.S.<\/strong><br \/>\nTilmeld dig til &#8220;Opret Gratis Prisfald Alarm&#8221;, og bliv underrettet med det samme om prisfald p\u00e5 Lenco &#8211; B\u00e6rbar cd-afspiller med opladningsfunktion &#8211; CD-010, og f\u00e5 den billigste pris!<\/p>\n<p>&nbsp;<\/p>\n<p>&nbsp;<\/p>\n","protected":false},"excerpt":{"rendered":"<p>K\u00f8b billig Lenco &#8211; B\u00e6rbar cd-afspiller med opladningsfunktion &#8211; CD-010! Lenco CD-010 er en praktisk og b\u00e6rbar cd-afspiller, designet i let og holdbart plastik, perfekt til b\u00e5de daglig brug og rejser. Den klare LCD-sk\u00e6rm g\u00f8r det nemt at navigere mellem sange og afspilningsindstillinger, mens de ergonomiske knapper sikrer let og intuitiv betjening uanset, hvor du [&hellip;]<\/p>\n","protected":false},"featured_media":999980000004468000,"template":"","meta":[],"store":[1272516],"product_brand":[1272526],"product_cat":[1272471],"product_tag":[1275188,1272790],"class_list":{"0":"post-446800","1":"product","2":"type-product","3":"status-publish","4":"has-post-thumbnail","6":"store-butik24","7":"product_brand-lenco","8":"product_cat-underholdning","9":"product_tag-lenco","10":"product_tag-underholdning","11":"pa_maerke-lenco","13":"first","14":"instock","15":"product-type-external"},"_links":{"self":[{"href":"https:\/\/www.pricetornado.com\/da\/wp-json\/wp\/v2\/product\/446800","targetHints":{"allow":["GET"]}}],"collection":[{"href":"https:\/\/www.pricetornado.com\/da\/wp-json\/wp\/v2\/product"}],"about":[{"href":"https:\/\/www.pricetornado.com\/da\/wp-json\/wp\/v2\/types\/product"}],"wp:featuredmedia":[{"embeddable":true,"href":"https:\/\/www.pricetornado.com\/da\/wp-json\/"}],"wp:attachment":[{"href":"https:\/\/www.pricetornado.com\/da\/wp-json\/wp\/v2\/media?parent=446800"}],"wp:term":[{"taxonomy":"store","embeddable":true,"href":"https:\/\/www.pricetornado.com\/da\/wp-json\/wp\/v2\/store?post=446800"},{"taxonomy":"product_brand","embeddable":true,"href":"https:\/\/www.pricetornado.com\/da\/wp-json\/wp\/v2\/product_brand?post=446800"},{"taxonomy":"product_cat","embeddable":true,"href":"https:\/\/www.pricetornado.com\/da\/wp-json\/wp\/v2\/product_cat?post=446800"},{"taxonomy":"product_tag","embeddable":true,"href":"https:\/\/www.pricetornado.com\/da\/wp-json\/wp\/v2\/product_tag?post=446800"}],"curies":[{"name":"wp","href":"https:\/\/api.w.org\/{rel}","templated":true}]}}