{"id":446791,"date":"2025-02-23T03:40:08","date_gmt":"2025-02-23T02:40:08","guid":{"rendered":"https:\/\/www.pricetornado.com\/da\/produkt\/scanpan-28-cm-classic-stegepande\/"},"modified":"2026-04-18T03:30:29","modified_gmt":"2026-04-18T01:30:29","slug":"scanpan-28-cm-classic-stegepande","status":"publish","type":"product","link":"https:\/\/www.pricetornado.com\/da\/produkt\/scanpan-28-cm-classic-stegepande\/","title":{"rendered":"Scanpan 28 Cm Classic Stegepande"},"content":{"rendered":"<p>K\u00f8b billig Scanpan 28 Cm Classic Stegepande!<br \/>\nScanpan 28 cm Classic stegepande er fremstillet af st\u00f8bt aluminium, hvilket sikrer en j\u00e6vn varmefordeling og h\u00f8j holdbarhed. Den specielle STRATANIUM non-stick bel\u00e6gning g\u00f8r det muligt at stege uden brug af fedtstof, er sikker at bruge med metalredskaber og er nem at reng\u00f8re. Denne non-stick bel\u00e6gning lever op til h\u00f8je f\u00f8devaresikkerhedsstandarder og giver langvarig ydeevne.H\u00e5ndtaget er lavet af bakelit og monteret med et patenteret l\u00e5sesystem uden skruer og nitter, hvilket sikrer, at det ikke bliver l\u00f8st med tiden. Du kan trygt vaske panden i opvaskemaskinen for ekstra bekvemmelighed i hverdagen.Panden er ovnfast og kan bruges direkte i ovnen op til en vis temperatur. Den fungerer p\u00e5 keramiske, gas-, halogen- og traditionelt spiralkomfur, men er ikke egnet til induktion. Med en livstidsgaranti f\u00e5r du et redskab, der er skabt til langvarig brug i det danske k\u00f8kken.For at bevare non-stick bel\u00e6gningens levetid anbefales det altid at reng\u00f8re panden med opvaskemiddel og undg\u00e5 hurtig opvarmning eller nedk\u00f8ling. til ethvert behov i k\u00f8kkenet.<\/p>\n<p>Sammenlign priser p\u00e5 Scanpan 28 Cm Classic Stegepande og k\u00f8b online til den billigste pris, samt p\u00e5 tilbud!\u00a0\u00a0Tjek den bedste pris, produkt beskrivelse, video, test, anmeldelser osv.<\/p>\n<p><strong>Brand: <\/strong>Scanpan<br \/>\n<strong>EAN: <\/strong>083421281234<br \/>\n<strong>Producentens varenr.:<\/strong> 083421281234<\/p>\n<p><strong>P.S.<\/strong><br \/>\nTilmeld dig til &#8220;Opret Gratis Prisfald Alarm&#8221;, og bliv underrettet med det samme om prisfald p\u00e5 Scanpan 28 Cm Classic Stegepande, og f\u00e5 den billigste pris!<\/p>\n<p>&nbsp;<\/p>\n<p>&nbsp;<\/p>\n","protected":false},"excerpt":{"rendered":"<p>K\u00f8b billig Scanpan 28 Cm Classic Stegepande! Scanpan 28 cm Classic stegepande er fremstillet af st\u00f8bt aluminium, hvilket sikrer en j\u00e6vn varmefordeling og h\u00f8j holdbarhed. Den specielle STRATANIUM non-stick bel\u00e6gning g\u00f8r det muligt at stege uden brug af fedtstof, er sikker at bruge med metalredskaber og er nem at reng\u00f8re. Denne non-stick bel\u00e6gning lever op [&hellip;]<\/p>\n","protected":false},"featured_media":999980000004467910,"template":"","meta":[],"store":[1272516],"product_brand":[1272521],"product_cat":[1272410],"product_tag":[1272681,1275184],"class_list":{"0":"post-446791","1":"product","2":"type-product","3":"status-publish","4":"has-post-thumbnail","6":"store-butik24","7":"product_brand-scanpan","8":"product_cat-koekkengrej","9":"product_tag-koekkengrej","10":"product_tag-scanpan","11":"pa_maerke-scanpan","13":"first","14":"instock","15":"product-type-external"},"_links":{"self":[{"href":"https:\/\/www.pricetornado.com\/da\/wp-json\/wp\/v2\/product\/446791","targetHints":{"allow":["GET"]}}],"collection":[{"href":"https:\/\/www.pricetornado.com\/da\/wp-json\/wp\/v2\/product"}],"about":[{"href":"https:\/\/www.pricetornado.com\/da\/wp-json\/wp\/v2\/types\/product"}],"wp:featuredmedia":[{"embeddable":true,"href":"https:\/\/www.pricetornado.com\/da\/wp-json\/"}],"wp:attachment":[{"href":"https:\/\/www.pricetornado.com\/da\/wp-json\/wp\/v2\/media?parent=446791"}],"wp:term":[{"taxonomy":"store","embeddable":true,"href":"https:\/\/www.pricetornado.com\/da\/wp-json\/wp\/v2\/store?post=446791"},{"taxonomy":"product_brand","embeddable":true,"href":"https:\/\/www.pricetornado.com\/da\/wp-json\/wp\/v2\/product_brand?post=446791"},{"taxonomy":"product_cat","embeddable":true,"href":"https:\/\/www.pricetornado.com\/da\/wp-json\/wp\/v2\/product_cat?post=446791"},{"taxonomy":"product_tag","embeddable":true,"href":"https:\/\/www.pricetornado.com\/da\/wp-json\/wp\/v2\/product_tag?post=446791"}],"curies":[{"name":"wp","href":"https:\/\/api.w.org\/{rel}","templated":true}]}}