{"id":446790,"date":"2025-02-22T12:39:41","date_gmt":"2025-02-22T11:39:41","guid":{"rendered":"https:\/\/www.pricetornado.com\/da\/produkt\/alecto-mini-roegalarm-med-10-aars-batteri-og-sensortid-hvid-sd1020\/"},"modified":"2026-04-17T01:30:21","modified_gmt":"2026-04-16T23:30:21","slug":"alecto-mini-roegalarm-med-10-aars-batteri-og-sensortid-hvid-sd1020","status":"publish","type":"product","link":"https:\/\/www.pricetornado.com\/da\/produkt\/alecto-mini-roegalarm-med-10-aars-batteri-og-sensortid-hvid-sd1020\/","title":{"rendered":"Alecto &#8211; Mini-r\u00f8galarm med 10 \u00e5rs batteri- og sensortid Hvid &#8211; SD1020"},"content":{"rendered":"<p>K\u00f8b billig Alecto &#8211; Mini-r\u00f8galarm med 10 \u00e5rs batteri- og sensortid Hvid &#8211; SD1020!<br \/>\nOplev stor sikkerhed i lille format med Alecto mini-r\u00f8galarm SD1020. Denne lille og diskrete r\u00f8galarm er fremstillet i let og holdbar plast, hvilket g\u00f8r den ideel til montering i alle hjemmets rum uden at v\u00e6re i\u00f8jnefaldende. Med denne mini-r\u00f8galarm f\u00e5r du hurtig advarsel ved r\u00f8g eller brand \u2013 ogs\u00e5 mens du sover \u2013 og \u00f8ger derved trygheden for hele familien.R\u00f8galarmen er udstyret med et kraftigt, indbygget batteri, der sikrer op til 10 \u00e5rs driftstid uden behov for udskiftning. Sensorens levetid matcher batteriets, hvilket g\u00f8r vedligeholdelsen minimal. N\u00e5r batteriet n\u00e6rmer sig enden af sin levetid, advares du rettidigt med et tydeligt signal, s\u00e5 du altid har fuld sikkerhed.N\u00e5r der registreres r\u00f8g, udsender enheden en kraftig akustisk alarm p\u00e5 85 decibel. Dette lydniveau sikrer, at selv personer i dyb s\u00f8vn hurtigt bliver advaret, hvilket kan v\u00e6re afg\u00f8rende i n\u00f8dsituationer.Alecto mini-r\u00f8galarm leveres komplet med bundplade, skruer og rawlplugs, s\u00e5 installationen klares let og hurtigt \u2013 det anbefales at montere den i loftet for optimal beskyttelse. R\u00f8galarmens kompakte design p\u00e5 kun 1,8 cm i diameter g\u00f8r den n\u00e6sten usynlig i indretningen.SD1020 r\u00f8galarmen er omfattende testet og opfylder de internationale krav i EN14604:2005\/AC:2008-standarden. Det giver dig garanti for p\u00e5lideligt og sikkert produkt til hjemmet. Alarmen kan nemt testes ved hj\u00e6lp af den integrerede test- og nulstillingsknap, s\u00e5 du altid kan sikre dig, at den fungerer optimalt.R\u00f8galarmen fungerer selvst\u00e6ndigt uden behov for smart home-hub eller ekstern str\u00f8mforsyning. Dette g\u00f8r Alecto SD1020 til en fleksibel og brugervenlig sikkerhedsl\u00f8sning, der passer ind i ethvert hjem.Alecto mini-r\u00f8galarm SD1020 er et prisvenligt valg for dig, der \u00f8nsker kvalitet, lang levetid og nem installation. Beskyt dit hjem effektivt og enkelt \u2013 bestil din r\u00f8galarm i dag for maksimal tryghed og ro i sindet.<\/p>\n<p>Sammenlign priser p\u00e5 Alecto &#8211; Mini-r\u00f8galarm med 10 \u00e5rs batteri- og sensortid Hvid &#8211; SD1020 og k\u00f8b online til den billigste pris, samt p\u00e5 tilbud!\u00a0\u00a0Tjek den bedste pris, produkt beskrivelse, video, test, anmeldelser osv.<\/p>\n<p><strong>Brand: <\/strong>Alecto<br \/>\n<strong>EAN: <\/strong>8711902089353<br \/>\n<strong>Producentens varenr.:<\/strong> 8711902089353<\/p>\n<p><strong>P.S.<\/strong><br \/>\nTilmeld dig til &#8220;Opret Gratis Prisfald Alarm&#8221;, og bliv underrettet med det samme om prisfald p\u00e5 Alecto &#8211; Mini-r\u00f8galarm med 10 \u00e5rs batteri- og sensortid Hvid &#8211; SD1020, og f\u00e5 den billigste pris!<\/p>\n<p>&nbsp;<\/p>\n<p>&nbsp;<\/p>\n","protected":false},"excerpt":{"rendered":"<p>K\u00f8b billig Alecto &#8211; Mini-r\u00f8galarm med 10 \u00e5rs batteri- og sensortid Hvid &#8211; SD1020! Oplev stor sikkerhed i lille format med Alecto mini-r\u00f8galarm SD1020. Denne lille og diskrete r\u00f8galarm er fremstillet i let og holdbar plast, hvilket g\u00f8r den ideel til montering i alle hjemmets rum uden at v\u00e6re i\u00f8jnefaldende. Med denne mini-r\u00f8galarm f\u00e5r du [&hellip;]<\/p>\n","protected":false},"featured_media":999980000004467900,"template":"","meta":[],"store":[1272516],"product_brand":[1272518],"product_cat":[1272469],"product_tag":[1275186,1273060],"class_list":{"0":"post-446790","1":"product","2":"type-product","3":"status-publish","4":"has-post-thumbnail","6":"store-butik24","7":"product_brand-alecto","8":"product_cat-detektorer","9":"product_tag-alecto","10":"product_tag-detektorer","11":"pa_maerke-alecto","13":"first","14":"instock","15":"product-type-external"},"_links":{"self":[{"href":"https:\/\/www.pricetornado.com\/da\/wp-json\/wp\/v2\/product\/446790","targetHints":{"allow":["GET"]}}],"collection":[{"href":"https:\/\/www.pricetornado.com\/da\/wp-json\/wp\/v2\/product"}],"about":[{"href":"https:\/\/www.pricetornado.com\/da\/wp-json\/wp\/v2\/types\/product"}],"wp:featuredmedia":[{"embeddable":true,"href":"https:\/\/www.pricetornado.com\/da\/wp-json\/"}],"wp:attachment":[{"href":"https:\/\/www.pricetornado.com\/da\/wp-json\/wp\/v2\/media?parent=446790"}],"wp:term":[{"taxonomy":"store","embeddable":true,"href":"https:\/\/www.pricetornado.com\/da\/wp-json\/wp\/v2\/store?post=446790"},{"taxonomy":"product_brand","embeddable":true,"href":"https:\/\/www.pricetornado.com\/da\/wp-json\/wp\/v2\/product_brand?post=446790"},{"taxonomy":"product_cat","embeddable":true,"href":"https:\/\/www.pricetornado.com\/da\/wp-json\/wp\/v2\/product_cat?post=446790"},{"taxonomy":"product_tag","embeddable":true,"href":"https:\/\/www.pricetornado.com\/da\/wp-json\/wp\/v2\/product_tag?post=446790"}],"curies":[{"name":"wp","href":"https:\/\/api.w.org\/{rel}","templated":true}]}}