{"id":446786,"date":"2025-02-27T22:43:39","date_gmt":"2025-02-27T21:43:39","guid":{"rendered":"https:\/\/www.pricetornado.com\/da\/produkt\/philips-hue-ambiance-gradient-lightstrip-2-meter\/"},"modified":"2026-05-01T03:09:49","modified_gmt":"2026-05-01T01:09:49","slug":"philips-hue-ambiance-gradient-lightstrip-2-meter","status":"publish","type":"product","link":"https:\/\/www.pricetornado.com\/da\/produkt\/philips-hue-ambiance-gradient-lightstrip-2-meter\/","title":{"rendered":"Philips HUE Ambiance gradient lightstrip, 2 meter"},"content":{"rendered":"<p>K\u00f8b billig Philips HUE Ambiance gradient lightstrip, 2 meter!<br \/>\nMed Philips Hue Ambiance gradient lightstrip p\u00e5 2 meter f\u00e5r du en avanceret LED-lysstribe med gradient-teknologi, der giver dig mulighed for at forme og tilpasse lyset pr\u00e6cis, som du \u00f8nsker. Denne lightstrip har en mat silikoneoverflade, som diffuserer lyset og minimerer skarpe refleksioner, hvilket \u00f8ger b\u00e5de holdbarhed og \u00e6stetisk udtryk til dit hjem.Tilpas og styr din Philips Hue lightstrip nemt via Hue appen til smartphone eller tablet. Du kan ogs\u00e5 bruge stemmestyring gennem popul\u00e6re Smart Home-assistenter som Amazon Alexa, Apple HomeKit og Google Assistant \u2013 s\u00e5 du kan justere dit lys helt h\u00e5ndfrit. Tilf\u00f8j tilbeh\u00f8r som eksempelvis Hue dimmer switch eller bev\u00e6gelsessensor for endnu mere fleksibilitet og brugervenlighed i din belysning.Besk\u00e6r lightstriben til den \u00f8nskede l\u00e6ngde eller forl\u00e6ng den med ekstra stik, s\u00e5 du f\u00e5r op til 10 meters belysning \u2013 ideelt til b\u00e5de store og sm\u00e5 rum. Den fleksible konstruktion g\u00f8r det nemt at montere LED-b\u00e5ndet p\u00e5 enhver fast overflade i hjemmet.Energivenlig l\u00f8sning med en forventet levetid p\u00e5 op til 25.000 timerPhilips Hue Ambiance gradient lightstrip er et robust og stilfuldt valg, der bringer farver og stemning ind i ethvert rum. Se hele vores udvalg af produkter og g\u00f8r dit hjem endnu mere intelligent.<\/p>\n<p>Sammenlign priser p\u00e5 Philips HUE Ambiance gradient lightstrip, 2 meter og k\u00f8b online til den billigste pris, samt p\u00e5 tilbud!\u00a0\u00a0Tjek den bedste pris, produkt beskrivelse, video, test, anmeldelser osv.<\/p>\n<p><strong>Brand: <\/strong>Philips Hue<br \/>\n<strong>EAN: <\/strong>8719514339965<br \/>\n<strong>Producentens varenr.:<\/strong> 8719514339965<\/p>\n<p><strong>P.S.<\/strong><br \/>\nTilmeld dig til &#8220;Opret Gratis Prisfald Alarm&#8221;, og bliv underrettet med det samme om prisfald p\u00e5 Philips HUE Ambiance gradient lightstrip, 2 meter, og f\u00e5 den billigste pris!<\/p>\n<p>&nbsp;<\/p>\n<p>&nbsp;<\/p>\n","protected":false},"excerpt":{"rendered":"<p>K\u00f8b billig Philips HUE Ambiance gradient lightstrip, 2 meter! Med Philips Hue Ambiance gradient lightstrip p\u00e5 2 meter f\u00e5r du en avanceret LED-lysstribe med gradient-teknologi, der giver dig mulighed for at forme og tilpasse lyset pr\u00e6cis, som du \u00f8nsker. Denne lightstrip har en mat silikoneoverflade, som diffuserer lyset og minimerer skarpe refleksioner, hvilket \u00f8ger b\u00e5de [&hellip;]<\/p>\n","protected":false},"featured_media":999980000004467860,"template":"","meta":[],"store":[1272516],"product_brand":[1272523],"product_cat":[1272407],"product_tag":[1272697,1272767],"class_list":{"0":"post-446786","1":"product","2":"type-product","3":"status-publish","4":"has-post-thumbnail","6":"store-butik24","7":"product_brand-philips-hue","8":"product_cat-belysning-2","9":"product_tag-belysning","10":"product_tag-philips-hue","11":"pa_maerke-philips-hue","13":"first","14":"instock","15":"product-type-external"},"_links":{"self":[{"href":"https:\/\/www.pricetornado.com\/da\/wp-json\/wp\/v2\/product\/446786","targetHints":{"allow":["GET"]}}],"collection":[{"href":"https:\/\/www.pricetornado.com\/da\/wp-json\/wp\/v2\/product"}],"about":[{"href":"https:\/\/www.pricetornado.com\/da\/wp-json\/wp\/v2\/types\/product"}],"wp:featuredmedia":[{"embeddable":true,"href":"https:\/\/www.pricetornado.com\/da\/wp-json\/"}],"wp:attachment":[{"href":"https:\/\/www.pricetornado.com\/da\/wp-json\/wp\/v2\/media?parent=446786"}],"wp:term":[{"taxonomy":"store","embeddable":true,"href":"https:\/\/www.pricetornado.com\/da\/wp-json\/wp\/v2\/store?post=446786"},{"taxonomy":"product_brand","embeddable":true,"href":"https:\/\/www.pricetornado.com\/da\/wp-json\/wp\/v2\/product_brand?post=446786"},{"taxonomy":"product_cat","embeddable":true,"href":"https:\/\/www.pricetornado.com\/da\/wp-json\/wp\/v2\/product_cat?post=446786"},{"taxonomy":"product_tag","embeddable":true,"href":"https:\/\/www.pricetornado.com\/da\/wp-json\/wp\/v2\/product_tag?post=446786"}],"curies":[{"name":"wp","href":"https:\/\/api.w.org\/{rel}","templated":true}]}}