{"id":446785,"date":"2025-02-22T12:14:55","date_gmt":"2025-02-22T11:14:55","guid":{"rendered":"https:\/\/www.pricetornado.com\/da\/produkt\/scanpan-20-cm-kokkekniv-classic-steel\/"},"modified":"2026-04-22T10:40:26","modified_gmt":"2026-04-22T08:40:26","slug":"scanpan-20-cm-kokkekniv-classic-steel","status":"publish","type":"product","link":"https:\/\/www.pricetornado.com\/da\/produkt\/scanpan-20-cm-kokkekniv-classic-steel\/","title":{"rendered":"Scanpan 20 cm kokkekniv &#8211; Classic Steel"},"content":{"rendered":"<p>K\u00f8b billig Scanpan 20 cm kokkekniv &#8211; Classic Steel!<br \/>\nScanpan 20 cm kokkekniv fra Classic Steel-serien er designet til at klare selv de mest kr\u00e6vende opgaver i k\u00f8kkenet. Det brede, tunge blad g\u00f8r det nemt at hakke, snitte og sk\u00e6re ingredienser i sm\u00e5 tern med pr\u00e6cision og effektivitet. Kniven forener dansk design med moderne produktionsteknologi for optimal arbejdsgl\u00e6de og funktionalitet.Kniven er fremstillet af tysk rustfrit st\u00e5l af h\u00f8jeste kvalitet, hvilket giver exceptionel holdbarhed og modstandsdygtighed overfor korrosion. Den s\u00e6rlige &quot;Hairline Finish&quot; taper slibning og en h\u00e5rdhed p\u00e5 56 HRC sikrer en skarp og pr\u00e6cis sk\u00e6reevne, mens den avancerede slibeteknik med 26\u00b0 slibevinkel forl\u00e6nger knivs\u00e6ggens levetid.Kniven er robust og brugervenlig samt godkendt med bed\u00f8mmelsen &quot;Excellent&quot;. Den t\u00e5ler opvaskemaskine, men for at bevare skarphed og kvalitet anbefales h\u00e5ndvask. Brug af bl\u00f8de sk\u00e6rebr\u00e6tter samt regelm\u00e6ssig slibning hj\u00e6lper med at forl\u00e6nge knivens ydeevne.Scanpan Classic Steel kokkekniven leveres med 10 \u00e5rs garanti mod produktionsfejl, hvilket sikrer tryghed og dokumenteret kvalitet i mange \u00e5r frem.V\u00e6lg Scanpan 20 cm kokkekniv, n\u00e5r du \u00f8nsker en kvalitetskniv med lang levetid, professionel sk\u00e6reevne og optimal komfort i k\u00f8kkenet. Se for at finde flere knivtyper, der d\u00e6kker ethvert behov i dit k\u00f8kken.<\/p>\n<p>Sammenlign priser p\u00e5 Scanpan 20 cm kokkekniv &#8211; Classic Steel og k\u00f8b online til den billigste pris, samt p\u00e5 tilbud!\u00a0\u00a0Tjek den bedste pris, produkt beskrivelse, video, test, anmeldelser osv.<\/p>\n<p><strong>Brand: <\/strong>Scanpan<br \/>\n<strong>EAN: <\/strong>083421182098<br \/>\n<strong>Producentens varenr.:<\/strong> 083421182098<\/p>\n<p><strong>P.S.<\/strong><br \/>\nTilmeld dig til &#8220;Opret Gratis Prisfald Alarm&#8221;, og bliv underrettet med det samme om prisfald p\u00e5 Scanpan 20 cm kokkekniv &#8211; Classic Steel, og f\u00e5 den billigste pris!<\/p>\n<p>&nbsp;<\/p>\n<p>&nbsp;<\/p>\n","protected":false},"excerpt":{"rendered":"<p>K\u00f8b billig Scanpan 20 cm kokkekniv &#8211; Classic Steel! Scanpan 20 cm kokkekniv fra Classic Steel-serien er designet til at klare selv de mest kr\u00e6vende opgaver i k\u00f8kkenet. Det brede, tunge blad g\u00f8r det nemt at hakke, snitte og sk\u00e6re ingredienser i sm\u00e5 tern med pr\u00e6cision og effektivitet. Kniven forener dansk design med moderne produktionsteknologi [&hellip;]<\/p>\n","protected":false},"featured_media":999980000004467850,"template":"","meta":[],"store":[1272516],"product_brand":[1272521],"product_cat":[1272410],"product_tag":[1272681,1275184],"class_list":{"0":"post-446785","1":"product","2":"type-product","3":"status-publish","4":"has-post-thumbnail","6":"store-butik24","7":"product_brand-scanpan","8":"product_cat-koekkengrej","9":"product_tag-koekkengrej","10":"product_tag-scanpan","11":"pa_maerke-scanpan","13":"first","14":"instock","15":"product-type-external"},"_links":{"self":[{"href":"https:\/\/www.pricetornado.com\/da\/wp-json\/wp\/v2\/product\/446785","targetHints":{"allow":["GET"]}}],"collection":[{"href":"https:\/\/www.pricetornado.com\/da\/wp-json\/wp\/v2\/product"}],"about":[{"href":"https:\/\/www.pricetornado.com\/da\/wp-json\/wp\/v2\/types\/product"}],"wp:featuredmedia":[{"embeddable":true,"href":"https:\/\/www.pricetornado.com\/da\/wp-json\/"}],"wp:attachment":[{"href":"https:\/\/www.pricetornado.com\/da\/wp-json\/wp\/v2\/media?parent=446785"}],"wp:term":[{"taxonomy":"store","embeddable":true,"href":"https:\/\/www.pricetornado.com\/da\/wp-json\/wp\/v2\/store?post=446785"},{"taxonomy":"product_brand","embeddable":true,"href":"https:\/\/www.pricetornado.com\/da\/wp-json\/wp\/v2\/product_brand?post=446785"},{"taxonomy":"product_cat","embeddable":true,"href":"https:\/\/www.pricetornado.com\/da\/wp-json\/wp\/v2\/product_cat?post=446785"},{"taxonomy":"product_tag","embeddable":true,"href":"https:\/\/www.pricetornado.com\/da\/wp-json\/wp\/v2\/product_tag?post=446785"}],"curies":[{"name":"wp","href":"https:\/\/api.w.org\/{rel}","templated":true}]}}