{"id":446782,"date":"2025-02-24T20:01:49","date_gmt":"2025-02-24T19:01:49","guid":{"rendered":"https:\/\/www.pricetornado.com\/da\/produkt\/scanpan-impact-24-cm-gryde-m-laag-48-l\/"},"modified":"2026-04-21T02:20:42","modified_gmt":"2026-04-21T00:20:42","slug":"scanpan-impact-24-cm-gryde-m-laag-48-l","status":"publish","type":"product","link":"https:\/\/www.pricetornado.com\/da\/produkt\/scanpan-impact-24-cm-gryde-m-laag-48-l\/","title":{"rendered":"Scanpan Impact 24 cm gryde m. l\u00e5g 4,8 L"},"content":{"rendered":"<p>K\u00f8b billig Scanpan Impact 24 cm gryde m. l\u00e5g 4,8 L!<br \/>\nScanpan Impact gryden p\u00e5 24 cm er designet til dig, der \u00f8nsker p\u00e5lideligt og slidst\u00e6rkt kogegrej til daglig brug. Gryden er fremstillet i h\u00f8jkvalitets 18\/10 rustfrit st\u00e5l, som sikrer maksimal holdbarhed og beskyttelse mod korrosion. Den solide konstruktion kombineret med gennemt\u00e6nkte detaljer g\u00f8r gryden b\u00e5de funktionel og elegant i ethvert k\u00f8kken.Med en 6,4 mm tyk sandwichbund med en kerne af aluminium f\u00e5r du overlegen varmefordeling og hurtig opvarmning. Denne opbygning g\u00f8r gryden kompatibel med alle komfurtyper \u2013 herunder induktion, gas, halogen, glaskeramik, spiralkomfur og masseplade. Aluminiumskernen forbedrer effektiviteten betydeligt i forhold til almindelige st\u00e5lgryder.Specialdesignet kant, som g\u00f8r det let at h\u00e6lde fra gryden uden at spilde eller dryppe.Indvendige m\u00e5leangivelser for hurtig og pr\u00e6cis opm\u00e5ling af v\u00e6sker.H\u00e5ndtag af st\u00f8bt rustfrit st\u00e5l, monteret med indvendige nitter for maksimal styrke og sikkerhed.H\u00e5ndtagene er designet til at holde sig k\u00f8lige l\u00e6ngere, s\u00e5 gryden er lettere at h\u00e5ndtere under madlavningen.L\u00e5g af h\u00e6rdet glas, s\u00e5 du kan f\u00f8lge madlavningen uden at l\u00f8fte l\u00e5get og miste varme.Gryden t\u00e5ler ovn op til 220\u00b0C-250\u00b0C, b\u00e5de med og uden l\u00e5g, hvilket giver dig fleksibilitet til at tilberede retter b\u00e5de p\u00e5 komfuret og i ovnen. Den kan desuden vaskes i opvaskemaskine for nemmere reng\u00f8ring.Scanpan Impact gryden er udviklet med fokus p\u00e5 lang levetid og modstandsdygtighed over for dagligt slid. Du f\u00e5r en robust gryde med 10 \u00e5rs garanti mod fabrikationsfejl, s\u00e5 du kan lave mad med ro i sindet i mange \u00e5r fremover.Scanpan Impact gryden forener skandinavisk design, funktionalitet og slidstyrke \u2013 det perfekte valg for dig, der vil have et solidt og effektivt k\u00f8kkenredskab til alle typer madlavning..<\/p>\n<p>Sammenlign priser p\u00e5 Scanpan Impact 24 cm gryde m. l\u00e5g 4,8 L og k\u00f8b online til den billigste pris, samt p\u00e5 tilbud!\u00a0\u00a0Tjek den bedste pris, produkt beskrivelse, video, test, anmeldelser osv.<\/p>\n<p><strong>Brand: <\/strong>Scanpan<br \/>\n<strong>EAN: <\/strong>083421712547<br \/>\n<strong>Producentens varenr.:<\/strong> 083421712547<\/p>\n<p><strong>P.S.<\/strong><br \/>\nTilmeld dig til &#8220;Opret Gratis Prisfald Alarm&#8221;, og bliv underrettet med det samme om prisfald p\u00e5 Scanpan Impact 24 cm gryde m. l\u00e5g 4,8 L, og f\u00e5 den billigste pris!<\/p>\n<p>&nbsp;<\/p>\n<p>&nbsp;<\/p>\n","protected":false},"excerpt":{"rendered":"<p>K\u00f8b billig Scanpan Impact 24 cm gryde m. l\u00e5g 4,8 L! Scanpan Impact gryden p\u00e5 24 cm er designet til dig, der \u00f8nsker p\u00e5lideligt og slidst\u00e6rkt kogegrej til daglig brug. Gryden er fremstillet i h\u00f8jkvalitets 18\/10 rustfrit st\u00e5l, som sikrer maksimal holdbarhed og beskyttelse mod korrosion. Den solide konstruktion kombineret med gennemt\u00e6nkte detaljer g\u00f8r gryden [&hellip;]<\/p>\n","protected":false},"featured_media":999980000004467820,"template":"","meta":[],"store":[1272516],"product_brand":[1272521],"product_cat":[1272410],"product_tag":[1272681,1275184],"class_list":{"0":"post-446782","1":"product","2":"type-product","3":"status-publish","4":"has-post-thumbnail","6":"store-butik24","7":"product_brand-scanpan","8":"product_cat-koekkengrej","9":"product_tag-koekkengrej","10":"product_tag-scanpan","11":"pa_maerke-scanpan","13":"first","14":"instock","15":"product-type-external"},"_links":{"self":[{"href":"https:\/\/www.pricetornado.com\/da\/wp-json\/wp\/v2\/product\/446782","targetHints":{"allow":["GET"]}}],"collection":[{"href":"https:\/\/www.pricetornado.com\/da\/wp-json\/wp\/v2\/product"}],"about":[{"href":"https:\/\/www.pricetornado.com\/da\/wp-json\/wp\/v2\/types\/product"}],"wp:featuredmedia":[{"embeddable":true,"href":"https:\/\/www.pricetornado.com\/da\/wp-json\/"}],"wp:attachment":[{"href":"https:\/\/www.pricetornado.com\/da\/wp-json\/wp\/v2\/media?parent=446782"}],"wp:term":[{"taxonomy":"store","embeddable":true,"href":"https:\/\/www.pricetornado.com\/da\/wp-json\/wp\/v2\/store?post=446782"},{"taxonomy":"product_brand","embeddable":true,"href":"https:\/\/www.pricetornado.com\/da\/wp-json\/wp\/v2\/product_brand?post=446782"},{"taxonomy":"product_cat","embeddable":true,"href":"https:\/\/www.pricetornado.com\/da\/wp-json\/wp\/v2\/product_cat?post=446782"},{"taxonomy":"product_tag","embeddable":true,"href":"https:\/\/www.pricetornado.com\/da\/wp-json\/wp\/v2\/product_tag?post=446782"}],"curies":[{"name":"wp","href":"https:\/\/api.w.org\/{rel}","templated":true}]}}