{"id":446780,"date":"2025-02-22T03:44:33","date_gmt":"2025-02-22T02:44:33","guid":{"rendered":"https:\/\/www.pricetornado.com\/da\/produkt\/scanpan-65-l-26-cm-gryde-m-laag-classic-induction\/"},"modified":"2026-04-20T11:00:21","modified_gmt":"2026-04-20T09:00:21","slug":"scanpan-65-l-26-cm-gryde-m-laag-classic-induction","status":"publish","type":"product","link":"https:\/\/www.pricetornado.com\/da\/produkt\/scanpan-65-l-26-cm-gryde-m-laag-classic-induction\/","title":{"rendered":"Scanpan 6,5 l\/26 cm gryde m. l\u00e5g &#8211; Classic Induction"},"content":{"rendered":"<p>K\u00f8b billig Scanpan 6,5 l\/26 cm gryde m. l\u00e5g &#8211; Classic Induction!<br \/>\nScanpan Classic gryde p\u00e5 6,5 liter og 26 cm er en alsidig gryde, der egner sig til b\u00e5de daglig madlavning og bagning. Classic-serien er kendt for sit rene, danske design og er produceret med avanceret teknologi for at sikre en professionel kvalitet og lang holdbarhed.Gryden er h\u00e5ndst\u00f8bt i genbrugsaluminium. Det g\u00f8r den let at h\u00e5ndtere og sikrer samtidig fremragende varmeledningsevne. Den 6 mm tykke bund giver en perfekt og ensartet varmefordeling, s\u00e5 maden tilberedes j\u00e6vnt uden varme pletter. H\u00e5ndtagene er fremstillet i bakelit og monteret med et patenteret, nittelfrit l\u00e5sesystem, der sikrer, at de aldrig l\u00f8sner sig og giver et ergonomisk og sikkert greb.Gryden er udstyret med STRATANIUM non-stick bel\u00e6gning, der t\u00e5ler brug af metalredskaber og g\u00f8r det muligt at stege uden fedt. Overfladen er samtidig nem at reng\u00f8re og t\u00e5ler opvaskemaskine, s\u00e5 vedligeholdelsen er problemfri og hurtig.Gryde, l\u00e5g og h\u00e5ndtag t\u00e5ler ovnvarme op til 250\u00b0C, hvilket g\u00f8r den velegnet til mange typer madlavning og bagning. Gryden er kompatibel med alle komfurtyper, inklusiv induktion.Med Scanpan Classic gryde f\u00e5r du et robust og funktionelt k\u00f8kkenredskab, som kombinerer stilrent dansk design med intelligente, brugervenlige l\u00f8sninger og milj\u00f8hensyn..<\/p>\n<p>Sammenlign priser p\u00e5 Scanpan 6,5 l\/26 cm gryde m. l\u00e5g &#8211; Classic Induction og k\u00f8b online til den billigste pris, samt p\u00e5 tilbud!\u00a0\u00a0Tjek den bedste pris, produkt beskrivelse, video, test, anmeldelser osv.<\/p>\n<p><strong>Brand: <\/strong>Scanpan<br \/>\n<strong>EAN: <\/strong>083421185228<br \/>\n<strong>Producentens varenr.:<\/strong> 083421185228<\/p>\n<p><strong>P.S.<\/strong><br \/>\nTilmeld dig til &#8220;Opret Gratis Prisfald Alarm&#8221;, og bliv underrettet med det samme om prisfald p\u00e5 Scanpan 6,5 l\/26 cm gryde m. l\u00e5g &#8211; Classic Induction, og f\u00e5 den billigste pris!<\/p>\n<p>&nbsp;<\/p>\n<p>&nbsp;<\/p>\n","protected":false},"excerpt":{"rendered":"<p>K\u00f8b billig Scanpan 6,5 l\/26 cm gryde m. l\u00e5g &#8211; Classic Induction! Scanpan Classic gryde p\u00e5 6,5 liter og 26 cm er en alsidig gryde, der egner sig til b\u00e5de daglig madlavning og bagning. Classic-serien er kendt for sit rene, danske design og er produceret med avanceret teknologi for at sikre en professionel kvalitet og [&hellip;]<\/p>\n","protected":false},"featured_media":999980000004467800,"template":"","meta":[],"store":[1272516],"product_brand":[1272521],"product_cat":[1272410],"product_tag":[1272681,1275184],"class_list":{"0":"post-446780","1":"product","2":"type-product","3":"status-publish","4":"has-post-thumbnail","6":"store-butik24","7":"product_brand-scanpan","8":"product_cat-koekkengrej","9":"product_tag-koekkengrej","10":"product_tag-scanpan","11":"pa_maerke-scanpan","13":"first","14":"instock","15":"product-type-external"},"_links":{"self":[{"href":"https:\/\/www.pricetornado.com\/da\/wp-json\/wp\/v2\/product\/446780","targetHints":{"allow":["GET"]}}],"collection":[{"href":"https:\/\/www.pricetornado.com\/da\/wp-json\/wp\/v2\/product"}],"about":[{"href":"https:\/\/www.pricetornado.com\/da\/wp-json\/wp\/v2\/types\/product"}],"wp:featuredmedia":[{"embeddable":true,"href":"https:\/\/www.pricetornado.com\/da\/wp-json\/"}],"wp:attachment":[{"href":"https:\/\/www.pricetornado.com\/da\/wp-json\/wp\/v2\/media?parent=446780"}],"wp:term":[{"taxonomy":"store","embeddable":true,"href":"https:\/\/www.pricetornado.com\/da\/wp-json\/wp\/v2\/store?post=446780"},{"taxonomy":"product_brand","embeddable":true,"href":"https:\/\/www.pricetornado.com\/da\/wp-json\/wp\/v2\/product_brand?post=446780"},{"taxonomy":"product_cat","embeddable":true,"href":"https:\/\/www.pricetornado.com\/da\/wp-json\/wp\/v2\/product_cat?post=446780"},{"taxonomy":"product_tag","embeddable":true,"href":"https:\/\/www.pricetornado.com\/da\/wp-json\/wp\/v2\/product_tag?post=446780"}],"curies":[{"name":"wp","href":"https:\/\/api.w.org\/{rel}","templated":true}]}}