{"id":446778,"date":"2025-02-27T22:34:14","date_gmt":"2025-02-27T21:34:14","guid":{"rendered":"https:\/\/www.pricetornado.com\/da\/produkt\/scanpan-35-l-20-cm-gryde-m-laag-haptiq\/"},"modified":"2026-04-17T10:39:59","modified_gmt":"2026-04-17T08:39:59","slug":"scanpan-35-l-20-cm-gryde-m-laag-haptiq","status":"publish","type":"product","link":"https:\/\/www.pricetornado.com\/da\/produkt\/scanpan-35-l-20-cm-gryde-m-laag-haptiq\/","title":{"rendered":"Scanpan 3,5 l\/20 cm gryde m. l\u00e5g &#8211; HaptIQ"},"content":{"rendered":"<p>K\u00f8b billig Scanpan 3,5 l\/20 cm gryde m. l\u00e5g &#8211; HaptIQ!<br \/>\nScanpan HaptIQ-serien er skabt til dig, der vil have mere ud af dit k\u00f8kkenudstyr. Denne 3,5 liters gryde med 20 cm diameter forener kompromisl\u00f8s funktionalitet og elegant design, s\u00e5 du f\u00e5r gl\u00e6de af b\u00e5de \u00e6stetik og holdbarhed. De blankpolerede rustfri st\u00e5loverflader giver gryden sit unikke, eksklusive udtryk og g\u00f8r den dekorativ, uanset om den h\u00e6nger fremme eller st\u00e5r klar mellem brug.Gryden er opbygget i fem lag af st\u00f8bt aluminium og rustfrit st\u00e5l, der tilsammen sikrer hurtig, j\u00e6vn varmefordeling og robust holdbarhed. Aluminiumskernen giver optimal varmeledning, mens det yderste st\u00e5llag g\u00f8r gryden egnet til alle varmekilder \u2013 inklusive induktion. Den avancerede flerlagsteknologi st\u00f8tter effektiv madlavning og giver dig fuld kontrol i k\u00f8kkenet.HaptIQ-gryden er forsynet med Scanpans revolutionerende Stratanium+ nonstick-bel\u00e6gning, udviklet i samarbejde med internationale gourmetkokke som Ren\u00e9 Stenholt, Thomas Sj\u00f6gren, Tommy Friis og Ronny Emborg. Bel\u00e6gningen er kendetegnet ved uovertruffen h\u00e5rdhed og holdbarhed, t\u00e5ler metalredskaber og g\u00f8r reng\u00f8ringen let. Den s\u00e6rlige overflade danner mikro-hulrum, som skaber en \u201cspr\u00f8d\u201d og \u201cknitrende\u201d lyd ved stegning. Det giver mulighed for unik stegeskorpe og dybe smagsnuancer, som ellers er sv\u00e6re at opn\u00e5 med traditionelle nonstick-bel\u00e6gninger.Scanpan tilbyder livstidsgaranti mod fabrikationsfejl p\u00e5 HaptIQ-serien, s\u00e5 du f\u00e5r en gryde, der holder i mange \u00e5r. Bem\u00e6rk, at nonstick-bel\u00e6gningen indeholder PTFE og PFAS, som kan v\u00e6re omfattet af visse reguleringer.HaptIQ-serien omfatter et bredt udvalg af gryder, kasseroller, wok og stegepander. Den gennemf\u00f8rte kombination af funktionalitet, eksklusivt design og holdbarhed g\u00f8r serien til det oplagte valg for dig, der \u00f8nsker det bedste til k\u00f8kkenet., der l\u00f8fter dine kulinariske oplevelser til nye h\u00f8jder.<\/p>\n<p>Sammenlign priser p\u00e5 Scanpan 3,5 l\/20 cm gryde m. l\u00e5g &#8211; HaptIQ og k\u00f8b online til den billigste pris, samt p\u00e5 tilbud!\u00a0\u00a0Tjek den bedste pris, produkt beskrivelse, video, test, anmeldelser osv.<\/p>\n<p><strong>Brand: <\/strong>Scanpan<br \/>\n<strong>EAN: <\/strong>083421180964<br \/>\n<strong>Producentens varenr.:<\/strong> 083421180964<\/p>\n<p><strong>P.S.<\/strong><br \/>\nTilmeld dig til &#8220;Opret Gratis Prisfald Alarm&#8221;, og bliv underrettet med det samme om prisfald p\u00e5 Scanpan 3,5 l\/20 cm gryde m. l\u00e5g &#8211; HaptIQ, og f\u00e5 den billigste pris!<\/p>\n<p>&nbsp;<\/p>\n<p>&nbsp;<\/p>\n","protected":false},"excerpt":{"rendered":"<p>K\u00f8b billig Scanpan 3,5 l\/20 cm gryde m. l\u00e5g &#8211; HaptIQ! Scanpan HaptIQ-serien er skabt til dig, der vil have mere ud af dit k\u00f8kkenudstyr. Denne 3,5 liters gryde med 20 cm diameter forener kompromisl\u00f8s funktionalitet og elegant design, s\u00e5 du f\u00e5r gl\u00e6de af b\u00e5de \u00e6stetik og holdbarhed. De blankpolerede rustfri st\u00e5loverflader giver gryden sit [&hellip;]<\/p>\n","protected":false},"featured_media":999980000004467780,"template":"","meta":[],"store":[1272516],"product_brand":[1272521],"product_cat":[1272410],"product_tag":[1272681,1275184],"class_list":{"0":"post-446778","1":"product","2":"type-product","3":"status-publish","4":"has-post-thumbnail","6":"store-butik24","7":"product_brand-scanpan","8":"product_cat-koekkengrej","9":"product_tag-koekkengrej","10":"product_tag-scanpan","11":"pa_maerke-scanpan","13":"first","14":"instock","15":"product-type-external"},"_links":{"self":[{"href":"https:\/\/www.pricetornado.com\/da\/wp-json\/wp\/v2\/product\/446778","targetHints":{"allow":["GET"]}}],"collection":[{"href":"https:\/\/www.pricetornado.com\/da\/wp-json\/wp\/v2\/product"}],"about":[{"href":"https:\/\/www.pricetornado.com\/da\/wp-json\/wp\/v2\/types\/product"}],"wp:featuredmedia":[{"embeddable":true,"href":"https:\/\/www.pricetornado.com\/da\/wp-json\/"}],"wp:attachment":[{"href":"https:\/\/www.pricetornado.com\/da\/wp-json\/wp\/v2\/media?parent=446778"}],"wp:term":[{"taxonomy":"store","embeddable":true,"href":"https:\/\/www.pricetornado.com\/da\/wp-json\/wp\/v2\/store?post=446778"},{"taxonomy":"product_brand","embeddable":true,"href":"https:\/\/www.pricetornado.com\/da\/wp-json\/wp\/v2\/product_brand?post=446778"},{"taxonomy":"product_cat","embeddable":true,"href":"https:\/\/www.pricetornado.com\/da\/wp-json\/wp\/v2\/product_cat?post=446778"},{"taxonomy":"product_tag","embeddable":true,"href":"https:\/\/www.pricetornado.com\/da\/wp-json\/wp\/v2\/product_tag?post=446778"}],"curies":[{"name":"wp","href":"https:\/\/api.w.org\/{rel}","templated":true}]}}