{"id":446777,"date":"2025-02-24T07:12:19","date_gmt":"2025-02-24T06:12:19","guid":{"rendered":"https:\/\/www.pricetornado.com\/da\/produkt\/scanpan-32-cm-stegepande-haptiq\/"},"modified":"2026-04-17T10:29:54","modified_gmt":"2026-04-17T08:29:54","slug":"scanpan-32-cm-stegepande-haptiq","status":"publish","type":"product","link":"https:\/\/www.pricetornado.com\/da\/produkt\/scanpan-32-cm-stegepande-haptiq\/","title":{"rendered":"Scanpan 32 cm stegepande &#8211; HaptIQ"},"content":{"rendered":"<p>K\u00f8b billig Scanpan 32 cm stegepande &#8211; HaptIQ!<br \/>\nScanpan stegepanden p\u00e5 32 cm er udviklet med en kommerciel Stratanium+ non-stick bel\u00e6gning, der er fri for PFOA og giver suver\u00e6n slip-let effekt, forbedret bruning og nem reng\u00f8ring. Micro-textureret overflade g\u00f8r, at panden t\u00e5ler brug af metalredskaber og er ekstra slidst\u00e6rk til dagligt brug.De buede sider sikrer let adgang med k\u00f8kkenredskaber, mens det ergonomiske h\u00e5ndtag i st\u00f8bt rustfrit st\u00e5l er fastgjort med nitter for h\u00f8j stabilitet og bliver ikke varmt under brug p\u00e5 komfur.Stegepanden er fremstillet med en fem-lags kerne af st\u00f8bt aluminium og rustfrit st\u00e5l, hvilket sikrer en hurtig, j\u00e6vn varmefordeling og effektiv varmeopbevaring uden varmepletter. Den er velegnet til al slags madlavning, b\u00e5de p\u00e5 komfur og i ovn.Panden er kompatibel med alle komfurtyper, inklusiv induktion, og t\u00e5ler ovnvarme op til 260\u00b0C. Den passer ogs\u00e5 til Scanpans 12,5&quot; l\u00e5g, s\u00e5 du nemt kan tilberede retter med eller uden l\u00e5g.Beregnet til brug med metalredskaber, takket v\u00e6re den ekstra st\u00e6rke bel\u00e6gning.Kan vaskes i opvaskemaskine, men h\u00e5ndvask med opvaskemiddel anbefales for at bevare non-stick bel\u00e6gningen.Undg\u00e5 hurtig opvarmning og afk\u00f8ling for l\u00e6ngst mulig holdbarhed.Scanpan yder livstidsgaranti p\u00e5 denne stegepande.Velegnet til alle komfurer inkl. induktionGiv din non-stick bel\u00e6gning et langt liv: Reng\u00f8r altid med opvaskemiddel, og undg\u00e5 hurtig opvarmning og nedk\u00f8ling. Opgrader dit k\u00f8kken med denne holdbare og effektive Scanpan stegepande, der kombinerer avanceret materialeteknologi og praktisk design. Se ogs\u00e5 vores udvalg af .<\/p>\n<p>Sammenlign priser p\u00e5 Scanpan 32 cm stegepande &#8211; HaptIQ og k\u00f8b online til den billigste pris, samt p\u00e5 tilbud!\u00a0\u00a0Tjek den bedste pris, produkt beskrivelse, video, test, anmeldelser osv.<\/p>\n<p><strong>Brand: <\/strong>Scanpan<br \/>\n<strong>EAN: <\/strong>083421181312<br \/>\n<strong>Producentens varenr.:<\/strong> 083421181312<\/p>\n<p><strong>P.S.<\/strong><br \/>\nTilmeld dig til &#8220;Opret Gratis Prisfald Alarm&#8221;, og bliv underrettet med det samme om prisfald p\u00e5 Scanpan 32 cm stegepande &#8211; HaptIQ, og f\u00e5 den billigste pris!<\/p>\n<p>&nbsp;<\/p>\n<p>&nbsp;<\/p>\n","protected":false},"excerpt":{"rendered":"<p>K\u00f8b billig Scanpan 32 cm stegepande &#8211; HaptIQ! Scanpan stegepanden p\u00e5 32 cm er udviklet med en kommerciel Stratanium+ non-stick bel\u00e6gning, der er fri for PFOA og giver suver\u00e6n slip-let effekt, forbedret bruning og nem reng\u00f8ring. Micro-textureret overflade g\u00f8r, at panden t\u00e5ler brug af metalredskaber og er ekstra slidst\u00e6rk til dagligt brug.De buede sider sikrer [&hellip;]<\/p>\n","protected":false},"featured_media":999980000004467770,"template":"","meta":[],"store":[1272516],"product_brand":[1272521],"product_cat":[1272410],"product_tag":[1272681,1275184],"class_list":{"0":"post-446777","1":"product","2":"type-product","3":"status-publish","4":"has-post-thumbnail","6":"store-butik24","7":"product_brand-scanpan","8":"product_cat-koekkengrej","9":"product_tag-koekkengrej","10":"product_tag-scanpan","11":"pa_maerke-scanpan","13":"first","14":"instock","15":"product-type-external"},"_links":{"self":[{"href":"https:\/\/www.pricetornado.com\/da\/wp-json\/wp\/v2\/product\/446777","targetHints":{"allow":["GET"]}}],"collection":[{"href":"https:\/\/www.pricetornado.com\/da\/wp-json\/wp\/v2\/product"}],"about":[{"href":"https:\/\/www.pricetornado.com\/da\/wp-json\/wp\/v2\/types\/product"}],"wp:featuredmedia":[{"embeddable":true,"href":"https:\/\/www.pricetornado.com\/da\/wp-json\/"}],"wp:attachment":[{"href":"https:\/\/www.pricetornado.com\/da\/wp-json\/wp\/v2\/media?parent=446777"}],"wp:term":[{"taxonomy":"store","embeddable":true,"href":"https:\/\/www.pricetornado.com\/da\/wp-json\/wp\/v2\/store?post=446777"},{"taxonomy":"product_brand","embeddable":true,"href":"https:\/\/www.pricetornado.com\/da\/wp-json\/wp\/v2\/product_brand?post=446777"},{"taxonomy":"product_cat","embeddable":true,"href":"https:\/\/www.pricetornado.com\/da\/wp-json\/wp\/v2\/product_cat?post=446777"},{"taxonomy":"product_tag","embeddable":true,"href":"https:\/\/www.pricetornado.com\/da\/wp-json\/wp\/v2\/product_tag?post=446777"}],"curies":[{"name":"wp","href":"https:\/\/api.w.org\/{rel}","templated":true}]}}