{"id":446776,"date":"2025-02-27T10:03:11","date_gmt":"2025-02-27T09:03:11","guid":{"rendered":"https:\/\/www.pricetornado.com\/da\/produkt\/scanpan-28-cm-32-l-sauterpande-m-laag-impact\/"},"modified":"2026-04-21T06:00:27","modified_gmt":"2026-04-21T04:00:27","slug":"scanpan-28-cm-32-l-sauterpande-m-laag-impact","status":"publish","type":"product","link":"https:\/\/www.pricetornado.com\/da\/produkt\/scanpan-28-cm-32-l-sauterpande-m-laag-impact\/","title":{"rendered":"Scanpan 28 cm\/3,2 l sauterpande m. l\u00e5g &#8211; Impact"},"content":{"rendered":"<p>K\u00f8b billig Scanpan 28 cm\/3,2 l sauterpande m. l\u00e5g &#8211; Impact!<br \/>\nScanpan Impact sauterpande p\u00e5 28 cm og 3,2 l er fremstillet af slidst\u00e6rkt 18\/10 rustfrit st\u00e5l, hvilket sikrer h\u00f8j holdbarhed og modstandsdygtighed over for slid. Denne sauterpande er ideel til hurtige sammenkogte retter og giver dig et robust og p\u00e5lideligt redskab til daglig madlavning. Et ekstra h\u00e5ndtag g\u00f8r det nemt at l\u00f8fte panden, selv n\u00e5r den er fyldt. Kraftig bund med aluminiumskerne sikrer optimal og j\u00e6vn varmefordeling \u2013 ogs\u00e5 p\u00e5 induktion. Den smarte kant g\u00f8r, at du kan h\u00e6lde v\u00e6ske uden at dryppe eller spilde. Giver nemt overblik over madlavningen uden at l\u00f8fte l\u00e5get. St\u00f8bt i rustfrit st\u00e5l og fastgjort med nitter, hvilket g\u00f8r dem ekstra holdbare og behagelige at holde p\u00e5 \u2013 de forbliver kolde l\u00e6ngere. Flot finish, som ogs\u00e5 g\u00f8r reng\u00f8ringen let. Kan bruges i ovn op til 220\u00b0C uden l\u00e5g og op til 250\u00b0C med l\u00e5g. Scanpan yder 10 \u00e5rs garanti mod fabrikationsfejl.Den kraftige sandwichbund med aluminiumskerne sikrer j\u00e6vn og hurtig varmefordeling, hvilket g\u00f8r sauterpanden energieffektiv og g\u00f8r det muligt at tilberede maden pr\u00e6cist og sikkert p\u00e5 alle varmekilder \u2013 inklusiv induktion.Den spejlpolerede inderside giver ikke blot et elegant look, men g\u00f8r ogs\u00e5 sauterpanden let at reng\u00f8re. Med den drypfri kant og det ekstra greb f\u00e5r du en brugervenlig og komfortabel oplevelse hver gang. for at finde mere kvalitetsudstyr til dit k\u00f8kken.<\/p>\n<p>Sammenlign priser p\u00e5 Scanpan 28 cm\/3,2 l sauterpande m. l\u00e5g &#8211; Impact og k\u00f8b online til den billigste pris, samt p\u00e5 tilbud!\u00a0\u00a0Tjek den bedste pris, produkt beskrivelse, video, test, anmeldelser osv.<\/p>\n<p><strong>Brand: <\/strong>Scanpan<br \/>\n<strong>EAN: <\/strong>083421711083<br \/>\n<strong>Producentens varenr.:<\/strong> 083421711083<\/p>\n<p><strong>P.S.<\/strong><br \/>\nTilmeld dig til &#8220;Opret Gratis Prisfald Alarm&#8221;, og bliv underrettet med det samme om prisfald p\u00e5 Scanpan 28 cm\/3,2 l sauterpande m. l\u00e5g &#8211; Impact, og f\u00e5 den billigste pris!<\/p>\n<p>&nbsp;<\/p>\n<p>&nbsp;<\/p>\n","protected":false},"excerpt":{"rendered":"<p>K\u00f8b billig Scanpan 28 cm\/3,2 l sauterpande m. l\u00e5g &#8211; Impact! Scanpan Impact sauterpande p\u00e5 28 cm og 3,2 l er fremstillet af slidst\u00e6rkt 18\/10 rustfrit st\u00e5l, hvilket sikrer h\u00f8j holdbarhed og modstandsdygtighed over for slid. Denne sauterpande er ideel til hurtige sammenkogte retter og giver dig et robust og p\u00e5lideligt redskab til daglig madlavning. [&hellip;]<\/p>\n","protected":false},"featured_media":999980000004467760,"template":"","meta":[],"store":[1272516],"product_brand":[1272521],"product_cat":[1272410],"product_tag":[1272681,1275184],"class_list":{"0":"post-446776","1":"product","2":"type-product","3":"status-publish","4":"has-post-thumbnail","6":"store-butik24","7":"product_brand-scanpan","8":"product_cat-koekkengrej","9":"product_tag-koekkengrej","10":"product_tag-scanpan","11":"pa_maerke-scanpan","13":"first","14":"instock","15":"product-type-external"},"_links":{"self":[{"href":"https:\/\/www.pricetornado.com\/da\/wp-json\/wp\/v2\/product\/446776","targetHints":{"allow":["GET"]}}],"collection":[{"href":"https:\/\/www.pricetornado.com\/da\/wp-json\/wp\/v2\/product"}],"about":[{"href":"https:\/\/www.pricetornado.com\/da\/wp-json\/wp\/v2\/types\/product"}],"wp:featuredmedia":[{"embeddable":true,"href":"https:\/\/www.pricetornado.com\/da\/wp-json\/"}],"wp:attachment":[{"href":"https:\/\/www.pricetornado.com\/da\/wp-json\/wp\/v2\/media?parent=446776"}],"wp:term":[{"taxonomy":"store","embeddable":true,"href":"https:\/\/www.pricetornado.com\/da\/wp-json\/wp\/v2\/store?post=446776"},{"taxonomy":"product_brand","embeddable":true,"href":"https:\/\/www.pricetornado.com\/da\/wp-json\/wp\/v2\/product_brand?post=446776"},{"taxonomy":"product_cat","embeddable":true,"href":"https:\/\/www.pricetornado.com\/da\/wp-json\/wp\/v2\/product_cat?post=446776"},{"taxonomy":"product_tag","embeddable":true,"href":"https:\/\/www.pricetornado.com\/da\/wp-json\/wp\/v2\/product_tag?post=446776"}],"curies":[{"name":"wp","href":"https:\/\/api.w.org\/{rel}","templated":true}]}}