{"id":446774,"date":"2025-02-26T04:07:56","date_gmt":"2025-02-26T03:07:56","guid":{"rendered":"https:\/\/www.pricetornado.com\/da\/produkt\/scanpan-18-l-18cm-kasserolle-m-laag-classic-induction\/"},"modified":"2026-04-21T09:50:53","modified_gmt":"2026-04-21T07:50:53","slug":"scanpan-18-l-18cm-kasserolle-m-laag-classic-induction","status":"publish","type":"product","link":"https:\/\/www.pricetornado.com\/da\/produkt\/scanpan-18-l-18cm-kasserolle-m-laag-classic-induction\/","title":{"rendered":"Scanpan 1,8 l\/18cm kasserolle m. l\u00e5g &#8211; Classic Induction"},"content":{"rendered":"<p>K\u00f8b billig Scanpan 1,8 l\/18cm kasserolle m. l\u00e5g &#8211; Classic Induction!<br \/>\nScanpan Classic Induction kasserolle p\u00e5 1,8 liter og 18 cm i diameter er det perfekte valg til daglig madlavning. Den er fremstillet i genbrugsaluminium, hvilket g\u00f8r den b\u00e5de milj\u00f8venlig og ekstremt holdbar. Stratanium non-stick bel\u00e6gningen g\u00f8r gryden s\u00e6rligt velegnet til retter med ost eller m\u00e6lk, og s\u00f8rger for, at mad ikke br\u00e6nder sig fast og g\u00f8r reng\u00f8ringen meget nem.Kasserollens h\u00e5ndst\u00f8bte aluminiumskonstruktion giver fremragende varmeledning og sikrer j\u00e6vn fordeling uden hotspots. Selvom aluminium ikke er magnetisk, har denne kasserolle en integreret st\u00e5lplade i bunden, s\u00e5 den kan anvendes p\u00e5 alle komfurtyper, inklusive induktion.Den slidst\u00e6rke non-stick bel\u00e6gning best\u00e5r af flere lag, der smeltes sammen under produktion for ekstra lang holdbarhed. Du kan stege helt uden fedt, og g\u00f8re brug af metalredskaber uden at beskadige overfladen. For l\u00e6ngst mulig levetid anbefales det dog altid at reng\u00f8re med opvaskemiddel og undg\u00e5 hurtige temperatur\u00e6ndringer.Kasserollen egner sig til stegning, kogning, bagning og mange andre retter, b\u00e5de p\u00e5 komfur og i ovn. Designet er b\u00e5de klassisk og funktionelt, med ergonomiske h\u00e5ndtag og praktisk glasl\u00e5g for maksimal anvendelighed i k\u00f8kkenet. V\u00e6lg Scanpan Classic Induction for uanede anvendelsesmuligheder og et gennemf\u00f8rt resultat \u2013 uanset om du steger, koger, bager eller griller..<\/p>\n<p>Sammenlign priser p\u00e5 Scanpan 1,8 l\/18cm kasserolle m. l\u00e5g &#8211; Classic Induction og k\u00f8b online til den billigste pris, samt p\u00e5 tilbud!\u00a0\u00a0Tjek den bedste pris, produkt beskrivelse, video, test, anmeldelser osv.<\/p>\n<p><strong>Brand: <\/strong>Scanpan<br \/>\n<strong>EAN: <\/strong>083421122605<br \/>\n<strong>Producentens varenr.:<\/strong> 083421122605<\/p>\n<p><strong>P.S.<\/strong><br \/>\nTilmeld dig til &#8220;Opret Gratis Prisfald Alarm&#8221;, og bliv underrettet med det samme om prisfald p\u00e5 Scanpan 1,8 l\/18cm kasserolle m. l\u00e5g &#8211; Classic Induction, og f\u00e5 den billigste pris!<\/p>\n<p>&nbsp;<\/p>\n<p>&nbsp;<\/p>\n","protected":false},"excerpt":{"rendered":"<p>K\u00f8b billig Scanpan 1,8 l\/18cm kasserolle m. l\u00e5g &#8211; Classic Induction! Scanpan Classic Induction kasserolle p\u00e5 1,8 liter og 18 cm i diameter er det perfekte valg til daglig madlavning. Den er fremstillet i genbrugsaluminium, hvilket g\u00f8r den b\u00e5de milj\u00f8venlig og ekstremt holdbar. Stratanium non-stick bel\u00e6gningen g\u00f8r gryden s\u00e6rligt velegnet til retter med ost eller [&hellip;]<\/p>\n","protected":false},"featured_media":999980000004467740,"template":"","meta":[],"store":[1272516],"product_brand":[1272521],"product_cat":[1272410],"product_tag":[1272681,1275184],"class_list":{"0":"post-446774","1":"product","2":"type-product","3":"status-publish","4":"has-post-thumbnail","6":"store-butik24","7":"product_brand-scanpan","8":"product_cat-koekkengrej","9":"product_tag-koekkengrej","10":"product_tag-scanpan","11":"pa_maerke-scanpan","13":"first","14":"instock","15":"product-type-external"},"_links":{"self":[{"href":"https:\/\/www.pricetornado.com\/da\/wp-json\/wp\/v2\/product\/446774","targetHints":{"allow":["GET"]}}],"collection":[{"href":"https:\/\/www.pricetornado.com\/da\/wp-json\/wp\/v2\/product"}],"about":[{"href":"https:\/\/www.pricetornado.com\/da\/wp-json\/wp\/v2\/types\/product"}],"wp:featuredmedia":[{"embeddable":true,"href":"https:\/\/www.pricetornado.com\/da\/wp-json\/"}],"wp:attachment":[{"href":"https:\/\/www.pricetornado.com\/da\/wp-json\/wp\/v2\/media?parent=446774"}],"wp:term":[{"taxonomy":"store","embeddable":true,"href":"https:\/\/www.pricetornado.com\/da\/wp-json\/wp\/v2\/store?post=446774"},{"taxonomy":"product_brand","embeddable":true,"href":"https:\/\/www.pricetornado.com\/da\/wp-json\/wp\/v2\/product_brand?post=446774"},{"taxonomy":"product_cat","embeddable":true,"href":"https:\/\/www.pricetornado.com\/da\/wp-json\/wp\/v2\/product_cat?post=446774"},{"taxonomy":"product_tag","embeddable":true,"href":"https:\/\/www.pricetornado.com\/da\/wp-json\/wp\/v2\/product_tag?post=446774"}],"curies":[{"name":"wp","href":"https:\/\/api.w.org\/{rel}","templated":true}]}}