{"id":446772,"date":"2025-02-22T11:09:59","date_gmt":"2025-02-22T10:09:59","guid":{"rendered":"https:\/\/www.pricetornado.com\/da\/produkt\/scanpan-325-l-20-cm-gryde-m-laag-classic-induction\/"},"modified":"2026-05-01T02:10:55","modified_gmt":"2026-05-01T00:10:55","slug":"scanpan-325-l-20-cm-gryde-m-laag-classic-induction","status":"publish","type":"product","link":"https:\/\/www.pricetornado.com\/da\/produkt\/scanpan-325-l-20-cm-gryde-m-laag-classic-induction\/","title":{"rendered":"Scanpan 3,25 l\/20 cm gryde m. l\u00e5g -Classic Induction"},"content":{"rendered":"<p>K\u00f8b billig Scanpan 3,25 l\/20 cm gryde m. l\u00e5g -Classic Induction!<br \/>\nScanpans Classic Induction-gryde p\u00e5 3,25 liter er udviklet til alsidig madlavning og bagning med fokus p\u00e5 funktionalitet, holdbarhed og dansk design. Gryden er fremstillet i 100% genbrugsaluminium, hvilket b\u00e5de g\u00f8r den let, milj\u00f8venlig og sikrer optimal varmeledning. Den 6 mm tykke bund giver en ensartet varmefordeling og forhindrer vridning, s\u00e5 du opn\u00e5r perfekte resultater hver gang.Gryden er udstyret med Scanpans unikke STRATANIUM non-stick bel\u00e6gning, som er PFOA-fri, metalredskabssikker og s\u00e6rdeles slidst\u00e6rk. Den flerlags non-stick overflade g\u00f8r det nemt at reng\u00f8re gryden og muligg\u00f8r madlavning med lidt eller intet fedtstof. Bel\u00e6gningen t\u00e5ler daglig brug og h\u00f8je temperaturer, hvilket g\u00f8r gryden ideel til b\u00e5de stegning, kogning og bagning.Selvom aluminium i sig selv ikke er magnetisk, har Scanpan integreret en specialst\u00f8bt st\u00e5lplade i bunden. Dette g\u00f8r gryden kompatibel med alle komfurtyper, inklusive induktion. Gryde, l\u00e5g og h\u00e5ndtag kan uden problemer bruges i ovn ved op til 260\u00b0C. Det giver fleksibilitet fra komfur til ovn, uanset om du koger, steger eller bager.Scanpan anvender udelukkende genbrugsaluminium, hvilket giver et lavt milj\u00f8aftryk uden at g\u00e5 p\u00e5 kompromis med kvaliteten. Gryden leveres med livstidsgaranti p\u00e5 STRATANIUM non-stick bel\u00e6gningen (for modeller produceret efter 2020).Scanpan Classic gryden er det perfekte valg til b\u00e5de daglig madlavning og kr\u00e6vende retter \u2013 med fokus p\u00e5 funktionalitet, lang holdbarhed og et klassisk dansk design..<\/p>\n<p>Sammenlign priser p\u00e5 Scanpan 3,25 l\/20 cm gryde m. l\u00e5g -Classic Induction og k\u00f8b online til den billigste pris, samt p\u00e5 tilbud!\u00a0\u00a0Tjek den bedste pris, produkt beskrivelse, video, test, anmeldelser osv.<\/p>\n<p><strong>Brand: <\/strong>Scanpan<br \/>\n<strong>EAN: <\/strong>083421122629<br \/>\n<strong>Producentens varenr.:<\/strong> 083421122629<\/p>\n<p><strong>P.S.<\/strong><br \/>\nTilmeld dig til &#8220;Opret Gratis Prisfald Alarm&#8221;, og bliv underrettet med det samme om prisfald p\u00e5 Scanpan 3,25 l\/20 cm gryde m. l\u00e5g -Classic Induction, og f\u00e5 den billigste pris!<\/p>\n<p>&nbsp;<\/p>\n<p>&nbsp;<\/p>\n","protected":false},"excerpt":{"rendered":"<p>K\u00f8b billig Scanpan 3,25 l\/20 cm gryde m. l\u00e5g -Classic Induction! Scanpans Classic Induction-gryde p\u00e5 3,25 liter er udviklet til alsidig madlavning og bagning med fokus p\u00e5 funktionalitet, holdbarhed og dansk design. Gryden er fremstillet i 100% genbrugsaluminium, hvilket b\u00e5de g\u00f8r den let, milj\u00f8venlig og sikrer optimal varmeledning. Den 6 mm tykke bund giver en [&hellip;]<\/p>\n","protected":false},"featured_media":999980000004467720,"template":"","meta":[],"store":[1272516],"product_brand":[1272521],"product_cat":[1272410],"product_tag":[1272681,1275184],"class_list":{"0":"post-446772","1":"product","2":"type-product","3":"status-publish","4":"has-post-thumbnail","6":"store-butik24","7":"product_brand-scanpan","8":"product_cat-koekkengrej","9":"product_tag-koekkengrej","10":"product_tag-scanpan","11":"pa_maerke-scanpan","13":"first","14":"instock","15":"product-type-external"},"_links":{"self":[{"href":"https:\/\/www.pricetornado.com\/da\/wp-json\/wp\/v2\/product\/446772","targetHints":{"allow":["GET"]}}],"collection":[{"href":"https:\/\/www.pricetornado.com\/da\/wp-json\/wp\/v2\/product"}],"about":[{"href":"https:\/\/www.pricetornado.com\/da\/wp-json\/wp\/v2\/types\/product"}],"wp:featuredmedia":[{"embeddable":true,"href":"https:\/\/www.pricetornado.com\/da\/wp-json\/"}],"wp:attachment":[{"href":"https:\/\/www.pricetornado.com\/da\/wp-json\/wp\/v2\/media?parent=446772"}],"wp:term":[{"taxonomy":"store","embeddable":true,"href":"https:\/\/www.pricetornado.com\/da\/wp-json\/wp\/v2\/store?post=446772"},{"taxonomy":"product_brand","embeddable":true,"href":"https:\/\/www.pricetornado.com\/da\/wp-json\/wp\/v2\/product_brand?post=446772"},{"taxonomy":"product_cat","embeddable":true,"href":"https:\/\/www.pricetornado.com\/da\/wp-json\/wp\/v2\/product_cat?post=446772"},{"taxonomy":"product_tag","embeddable":true,"href":"https:\/\/www.pricetornado.com\/da\/wp-json\/wp\/v2\/product_tag?post=446772"}],"curies":[{"name":"wp","href":"https:\/\/api.w.org\/{rel}","templated":true}]}}