{"id":446770,"date":"2025-02-26T21:11:07","date_gmt":"2025-02-26T20:11:07","guid":{"rendered":"https:\/\/www.pricetornado.com\/da\/produkt\/scanpan-20-cm-impact-stegepande\/"},"modified":"2026-04-18T09:00:34","modified_gmt":"2026-04-18T07:00:34","slug":"scanpan-20-cm-impact-stegepande","status":"publish","type":"product","link":"https:\/\/www.pricetornado.com\/da\/produkt\/scanpan-20-cm-impact-stegepande\/","title":{"rendered":"Scanpan 20 Cm Impact stegepande"},"content":{"rendered":"<p>K\u00f8b billig Scanpan 20 Cm Impact stegepande!<br \/>\nScanpan Impact stegepande p\u00e5 20 cm er fremstillet af holdbart 18\/10 rustfrit st\u00e5l og har en 6,4 mm sandwichbund med en aluminiumskerne. Denne avancerede konstruktion sikrer lynhurtig og j\u00e6vn varmefordeling uden varmepletter, perfekt til b\u00e5de hverdag og finere madlavning. Panden kan anvendes p\u00e5 alle typer komfurer, inklusive induktion, hvilket g\u00f8r den utroligt alsidig i ethvert k\u00f8kken.Pandens kant er specielt designet til at h\u00e6lde fra alle vinkler uden at dryppe, s\u00e5 du undg\u00e5r spild og skjulte madrester. Du finder praktiske indvendige m\u00e5leangivelser, som g\u00f8r det let at dosere v\u00e6sker n\u00f8jagtigt. Den blankpolerede inderside i rustfrit st\u00e5l g\u00f8r reng\u00f8ringen hurtigere og forl\u00e6nger pandens levetid. H\u00e5ndtaget er ergonomisk i st\u00f8bt rustfrit st\u00e5l, fastgjort med indvendige nitter for maksimal styrke og designet til at forblive k\u00f8ligt l\u00e6ngere under madlavning.Egnet til alle komfurtyper, inkl. induktionProduktet fra Scanpan Impact-serien kombinerer styrke, effektiv varmefordeling og gennemt\u00e6nkte designdetaljer, der letter madlavningen og sikrer lang holdbarhed i hverdagen. Med denne stegepande f\u00e5r du p\u00e5lidelighed og funktionalitet til b\u00e5de daglig brug og madlavning p\u00e5 h\u00f8jt niveau. for at finde flere pander og gryder i samme h\u00f8je kvalitet. Se ogs\u00e5 vores udvalg af og find det udstyr, der passer bedst til dit k\u00f8kken.<\/p>\n<p>Sammenlign priser p\u00e5 Scanpan 20 Cm Impact stegepande og k\u00f8b online til den billigste pris, samt p\u00e5 tilbud!\u00a0\u00a0Tjek den bedste pris, produkt beskrivelse, video, test, anmeldelser osv.<\/p>\n<p><strong>Brand: <\/strong>Scanpan<br \/>\n<strong>EAN: <\/strong>083421710024<br \/>\n<strong>Producentens varenr.:<\/strong> 083421710024<\/p>\n<p><strong>P.S.<\/strong><br \/>\nTilmeld dig til &#8220;Opret Gratis Prisfald Alarm&#8221;, og bliv underrettet med det samme om prisfald p\u00e5 Scanpan 20 Cm Impact stegepande, og f\u00e5 den billigste pris!<\/p>\n<p>&nbsp;<\/p>\n<p>&nbsp;<\/p>\n","protected":false},"excerpt":{"rendered":"<p>K\u00f8b billig Scanpan 20 Cm Impact stegepande! Scanpan Impact stegepande p\u00e5 20 cm er fremstillet af holdbart 18\/10 rustfrit st\u00e5l og har en 6,4 mm sandwichbund med en aluminiumskerne. Denne avancerede konstruktion sikrer lynhurtig og j\u00e6vn varmefordeling uden varmepletter, perfekt til b\u00e5de hverdag og finere madlavning. Panden kan anvendes p\u00e5 alle typer komfurer, inklusive induktion, [&hellip;]<\/p>\n","protected":false},"featured_media":999980000004467700,"template":"","meta":[],"store":[1272516],"product_brand":[1272521],"product_cat":[1272410],"product_tag":[1272681,1275184],"class_list":{"0":"post-446770","1":"product","2":"type-product","3":"status-publish","4":"has-post-thumbnail","6":"store-butik24","7":"product_brand-scanpan","8":"product_cat-koekkengrej","9":"product_tag-koekkengrej","10":"product_tag-scanpan","11":"pa_maerke-scanpan","13":"first","14":"instock","15":"product-type-external"},"_links":{"self":[{"href":"https:\/\/www.pricetornado.com\/da\/wp-json\/wp\/v2\/product\/446770","targetHints":{"allow":["GET"]}}],"collection":[{"href":"https:\/\/www.pricetornado.com\/da\/wp-json\/wp\/v2\/product"}],"about":[{"href":"https:\/\/www.pricetornado.com\/da\/wp-json\/wp\/v2\/types\/product"}],"wp:featuredmedia":[{"embeddable":true,"href":"https:\/\/www.pricetornado.com\/da\/wp-json\/"}],"wp:attachment":[{"href":"https:\/\/www.pricetornado.com\/da\/wp-json\/wp\/v2\/media?parent=446770"}],"wp:term":[{"taxonomy":"store","embeddable":true,"href":"https:\/\/www.pricetornado.com\/da\/wp-json\/wp\/v2\/store?post=446770"},{"taxonomy":"product_brand","embeddable":true,"href":"https:\/\/www.pricetornado.com\/da\/wp-json\/wp\/v2\/product_brand?post=446770"},{"taxonomy":"product_cat","embeddable":true,"href":"https:\/\/www.pricetornado.com\/da\/wp-json\/wp\/v2\/product_cat?post=446770"},{"taxonomy":"product_tag","embeddable":true,"href":"https:\/\/www.pricetornado.com\/da\/wp-json\/wp\/v2\/product_tag?post=446770"}],"curies":[{"name":"wp","href":"https:\/\/api.w.org\/{rel}","templated":true}]}}