{"id":446768,"date":"2025-02-26T17:54:58","date_gmt":"2025-02-26T16:54:58","guid":{"rendered":"https:\/\/www.pricetornado.com\/da\/produkt\/scanpan-impact-25-l-18-cm-gryde-m-laag\/"},"modified":"2026-04-17T08:19:54","modified_gmt":"2026-04-17T06:19:54","slug":"scanpan-impact-25-l-18-cm-gryde-m-laag","status":"publish","type":"product","link":"https:\/\/www.pricetornado.com\/da\/produkt\/scanpan-impact-25-l-18-cm-gryde-m-laag\/","title":{"rendered":"Scanpan Impact 2,5 l\/18 cm gryde m. l\u00e5g"},"content":{"rendered":"<p>K\u00f8b billig Scanpan Impact 2,5 l\/18 cm gryde m. l\u00e5g!<br \/>\nScanpan Impact gryde p\u00e5 2,5 liter og 18 cm er fremstillet af h\u00f8jkvalitets rustfrit st\u00e5l med en aluminiumkerne. Denne kombination giver b\u00e5de stor styrke og optimal varmefordeling \u2013 aluminiumkernen sikrer, at varmen hurtigt og j\u00e6vnt fordeles, s\u00e5 tilberedningen bliver mere effektiv og energibesparende. Rustfrit st\u00e5l g\u00f8r gryden modstandsdygtig over for slid og korrosion, perfekt til daglig brug gennem mange \u00e5r.De solide greb er lavet af st\u00f8bt rustfrit st\u00e5l og er fastgjort med indvendige rustfri st\u00e5lnitter, hvilket giver en permanent og stabil vedh\u00e6ftning. Grebene er designet til at holde sig k\u00f8lige i l\u00e6ngere tid under brug, s\u00e5 du kan h\u00e5ndtere gryden sikkert. Den drypfri kant g\u00f8r det let at h\u00e6lde fra enhver vinkel uden at spilde, og de indvendige m\u00e5langivelser g\u00f8r det hurtigt og simpelt at afm\u00e5le v\u00e6sker direkte i gryden. Det h\u00e6rdede glasl\u00e5g giver dig fuldt overblik over tilberedningen, uden at du beh\u00f8ver l\u00f8fte p\u00e5 l\u00e5get og dermed slippe varme eller damp.Scanpan Impact gryden er velegnet til alle typer kogeplader, herunder induktion, takket v\u00e6re opbygningen i b\u00e5de aluminium og rustfrit st\u00e5l. Der er ikke anvendt skadelige bel\u00e6gninger som Teflon \u2013 kun f\u00f8devaregodkendt rustfrit st\u00e5l, s\u00e5 du kan lave mad med ro i sindet.Velegnet til alle komfurtyper inkl. induktionGryden leveres naturligvis inklusive l\u00e5g og kombinerer funktionalitet med lang holdbarhed. Se ogs\u00e5 andre .<\/p>\n<p>Sammenlign priser p\u00e5 Scanpan Impact 2,5 l\/18 cm gryde m. l\u00e5g og k\u00f8b online til den billigste pris, samt p\u00e5 tilbud!\u00a0\u00a0Tjek den bedste pris, produkt beskrivelse, video, test, anmeldelser osv.<\/p>\n<p><strong>Brand: <\/strong>Scanpan<br \/>\n<strong>EAN: <\/strong>083421712585<br \/>\n<strong>Producentens varenr.:<\/strong> 083421712585<\/p>\n<p><strong>P.S.<\/strong><br \/>\nTilmeld dig til &#8220;Opret Gratis Prisfald Alarm&#8221;, og bliv underrettet med det samme om prisfald p\u00e5 Scanpan Impact 2,5 l\/18 cm gryde m. l\u00e5g, og f\u00e5 den billigste pris!<\/p>\n<p>&nbsp;<\/p>\n<p>&nbsp;<\/p>\n","protected":false},"excerpt":{"rendered":"<p>K\u00f8b billig Scanpan Impact 2,5 l\/18 cm gryde m. l\u00e5g! Scanpan Impact gryde p\u00e5 2,5 liter og 18 cm er fremstillet af h\u00f8jkvalitets rustfrit st\u00e5l med en aluminiumkerne. Denne kombination giver b\u00e5de stor styrke og optimal varmefordeling \u2013 aluminiumkernen sikrer, at varmen hurtigt og j\u00e6vnt fordeles, s\u00e5 tilberedningen bliver mere effektiv og energibesparende. Rustfrit st\u00e5l [&hellip;]<\/p>\n","protected":false},"featured_media":999980000004467680,"template":"","meta":[],"store":[1272516],"product_brand":[1272521],"product_cat":[1272410],"product_tag":[1272681,1275184],"class_list":{"0":"post-446768","1":"product","2":"type-product","3":"status-publish","4":"has-post-thumbnail","6":"store-butik24","7":"product_brand-scanpan","8":"product_cat-koekkengrej","9":"product_tag-koekkengrej","10":"product_tag-scanpan","11":"pa_maerke-scanpan","13":"first","14":"instock","15":"product-type-external"},"_links":{"self":[{"href":"https:\/\/www.pricetornado.com\/da\/wp-json\/wp\/v2\/product\/446768","targetHints":{"allow":["GET"]}}],"collection":[{"href":"https:\/\/www.pricetornado.com\/da\/wp-json\/wp\/v2\/product"}],"about":[{"href":"https:\/\/www.pricetornado.com\/da\/wp-json\/wp\/v2\/types\/product"}],"wp:featuredmedia":[{"embeddable":true,"href":"https:\/\/www.pricetornado.com\/da\/wp-json\/"}],"wp:attachment":[{"href":"https:\/\/www.pricetornado.com\/da\/wp-json\/wp\/v2\/media?parent=446768"}],"wp:term":[{"taxonomy":"store","embeddable":true,"href":"https:\/\/www.pricetornado.com\/da\/wp-json\/wp\/v2\/store?post=446768"},{"taxonomy":"product_brand","embeddable":true,"href":"https:\/\/www.pricetornado.com\/da\/wp-json\/wp\/v2\/product_brand?post=446768"},{"taxonomy":"product_cat","embeddable":true,"href":"https:\/\/www.pricetornado.com\/da\/wp-json\/wp\/v2\/product_cat?post=446768"},{"taxonomy":"product_tag","embeddable":true,"href":"https:\/\/www.pricetornado.com\/da\/wp-json\/wp\/v2\/product_tag?post=446768"}],"curies":[{"name":"wp","href":"https:\/\/api.w.org\/{rel}","templated":true}]}}