{"id":446767,"date":"2025-02-20T20:59:02","date_gmt":"2025-02-20T19:59:02","guid":{"rendered":"https:\/\/www.pricetornado.com\/da\/produkt\/scanpan-impact-12-l-14-cm-kasserolle-m-laag\/"},"modified":"2026-04-29T03:20:13","modified_gmt":"2026-04-29T01:20:13","slug":"scanpan-impact-12-l-14-cm-kasserolle-m-laag","status":"publish","type":"product","link":"https:\/\/www.pricetornado.com\/da\/produkt\/scanpan-impact-12-l-14-cm-kasserolle-m-laag\/","title":{"rendered":"Scanpan Impact 1,2 l\/14 cm kasserolle m. l\u00e5g"},"content":{"rendered":"<p>K\u00f8b billig Scanpan Impact 1,2 l\/14 cm kasserolle m. l\u00e5g!<br \/>\nScanpan Impact kasserolle p\u00e5 1,2 liter og 14 cm i diameter er fremstillet i holdbart 18\/10 rustfrit st\u00e5l med en solid sandwichbund, der har en aluminiumkerne. Denne bund sikrer hurtig og j\u00e6vn varmefordeling samt optimal varmebevarelse, s\u00e5 din mad tilberedes perfekt hver gang. Kasserollen fungerer p\u00e5 alle varmekilder, inklusive induktion.Den indvendige m\u00e5langivelse hj\u00e6lper dig med pr\u00e6cise m\u00e5linger direkte i gryden, og den drypfri kant g\u00f8r det muligt at h\u00e6lde uden at spilde. Kasserollen har et elegant og enkelt design, og det medf\u00f8lgende l\u00e5g af h\u00e6rdet glas giver dig mulighed for at f\u00f8lge madlavningen uden at l\u00f8fte l\u00e5get.Scanpan Impact kasserolle leveres inklusiv l\u00e5g og er et praktisk valg til daglig k\u00f8kkenbrug. Udforsk ogs\u00e5 vores brede udvalg af . Find ogs\u00e5 .<\/p>\n<p>Sammenlign priser p\u00e5 Scanpan Impact 1,2 l\/14 cm kasserolle m. l\u00e5g og k\u00f8b online til den billigste pris, samt p\u00e5 tilbud!\u00a0\u00a0Tjek den bedste pris, produkt beskrivelse, video, test, anmeldelser osv.<\/p>\n<p><strong>Brand: <\/strong>Scanpan<br \/>\n<strong>EAN: <\/strong>083421712349<br \/>\n<strong>Producentens varenr.:<\/strong> 083421712349<\/p>\n<p><strong>P.S.<\/strong><br \/>\nTilmeld dig til &#8220;Opret Gratis Prisfald Alarm&#8221;, og bliv underrettet med det samme om prisfald p\u00e5 Scanpan Impact 1,2 l\/14 cm kasserolle m. l\u00e5g, og f\u00e5 den billigste pris!<\/p>\n<p>&nbsp;<\/p>\n<p>&nbsp;<\/p>\n","protected":false},"excerpt":{"rendered":"<p>K\u00f8b billig Scanpan Impact 1,2 l\/14 cm kasserolle m. l\u00e5g! Scanpan Impact kasserolle p\u00e5 1,2 liter og 14 cm i diameter er fremstillet i holdbart 18\/10 rustfrit st\u00e5l med en solid sandwichbund, der har en aluminiumkerne. Denne bund sikrer hurtig og j\u00e6vn varmefordeling samt optimal varmebevarelse, s\u00e5 din mad tilberedes perfekt hver gang. Kasserollen fungerer [&hellip;]<\/p>\n","protected":false},"featured_media":999980000004467670,"template":"","meta":[],"store":[1272516],"product_brand":[1272521],"product_cat":[1272410],"product_tag":[1272681,1275184],"class_list":{"0":"post-446767","1":"product","2":"type-product","3":"status-publish","4":"has-post-thumbnail","6":"store-butik24","7":"product_brand-scanpan","8":"product_cat-koekkengrej","9":"product_tag-koekkengrej","10":"product_tag-scanpan","11":"pa_maerke-scanpan","13":"first","14":"instock","15":"product-type-external"},"_links":{"self":[{"href":"https:\/\/www.pricetornado.com\/da\/wp-json\/wp\/v2\/product\/446767","targetHints":{"allow":["GET"]}}],"collection":[{"href":"https:\/\/www.pricetornado.com\/da\/wp-json\/wp\/v2\/product"}],"about":[{"href":"https:\/\/www.pricetornado.com\/da\/wp-json\/wp\/v2\/types\/product"}],"wp:featuredmedia":[{"embeddable":true,"href":"https:\/\/www.pricetornado.com\/da\/wp-json\/"}],"wp:attachment":[{"href":"https:\/\/www.pricetornado.com\/da\/wp-json\/wp\/v2\/media?parent=446767"}],"wp:term":[{"taxonomy":"store","embeddable":true,"href":"https:\/\/www.pricetornado.com\/da\/wp-json\/wp\/v2\/store?post=446767"},{"taxonomy":"product_brand","embeddable":true,"href":"https:\/\/www.pricetornado.com\/da\/wp-json\/wp\/v2\/product_brand?post=446767"},{"taxonomy":"product_cat","embeddable":true,"href":"https:\/\/www.pricetornado.com\/da\/wp-json\/wp\/v2\/product_cat?post=446767"},{"taxonomy":"product_tag","embeddable":true,"href":"https:\/\/www.pricetornado.com\/da\/wp-json\/wp\/v2\/product_tag?post=446767"}],"curies":[{"name":"wp","href":"https:\/\/api.w.org\/{rel}","templated":true}]}}