{"id":446765,"date":"2025-02-24T00:46:45","date_gmt":"2025-02-23T23:46:45","guid":{"rendered":"https:\/\/www.pricetornado.com\/da\/produkt\/nedis-smartlife-stikdaase-wi-fi-3-x-eu-stik-cee-7-3-4-x-usb-16-a-3680-w-1-80-m-10-40-c-android-ios-hvid-wifip312fwt\/"},"modified":"2026-03-18T01:28:54","modified_gmt":"2026-03-18T00:28:54","slug":"nedis-smartlife-stikdaase-wi-fi-3-x-eu-stik-cee-7-3-4-x-usb-16-a-3680-w-1-80-m-10-40-c-android-ios-hvid-wifip312fwt","status":"publish","type":"product","link":"https:\/\/www.pricetornado.com\/da\/produkt\/nedis-smartlife-stikdaase-wi-fi-3-x-eu-stik-cee-7-3-4-x-usb-16-a-3680-w-1-80-m-10-40-c-android-ios-hvid-wifip312fwt\/","title":{"rendered":"Nedis &#8211; SmartLife Stikd\u00e5se | Wi-Fi | 3 x EU stik (CEE 7\/3) \/ 4 x USB | 16 A | 3680 W | 1.80 m | -10 &#8211; 40 \u00b0C | Android\u2122 \/ IOS | Hvid &#8211; WIFIP312FWT"},"content":{"rendered":"<p>K\u00f8b billig Nedis &#8211; SmartLife Stikd\u00e5se | Wi-Fi | 3 x EU stik (CEE 7\/3) \/ 4 x USB | 16 A | 3680 W | 1.80 m | -10 &#8211; 40 \u00b0C | Android\u2122 \/ IOS | Hvid &#8211; WIFIP312FWT!<br \/>\nDette Nedis Smart Wi-Fi 3-vejs forl\u00e6ngerstik er den ideelle l\u00f8sning til dine hjemmeunderholdnings- eller kontorbehov. Med et slankt design og avancerede funktioner passer stikd\u00e5sen perfekt ind i stuen, sovev\u00e6relset eller hjemmekontoret. Forl\u00e6ngerstikket er fremstillet i robust plast og opfylder alle krav til elektrisk sikkerhed og holdbarhed.Stikd\u00e5sen har tre smarte EU-stik (CEE 7\/3), som du nemt kan styre individuelt via din smartphone eller tablet takket v\u00e6re Nedis\u00ae SmartLife-appen (Android\/iOS). Fire ekstra USB-porte g\u00f8r det hurtigt og let at oplade mobile enheder, s\u00e5 du kan holde styr p\u00e5 alle dine gadgets.Takket v\u00e6re en samlet effektkapacitet p\u00e5 op til 3680 W (16 A) kan du trygt bruge flere apparater samtidigt, herunder tv, Hi-Fi-udstyr, spillekonsol, vaskemaskine eller t\u00f8rretumbler. Den 1,8 meter lange ledning giver fleksibel placering i hjemmet, s\u00e5 du altid har adgang til str\u00f8m, d\u00e9r hvor du har mest brug for det.Konfiguration er enkel: Tilslut direkte til dit Wi-Fi-netv\u00e6rk uden behov for separat hub. Brug Nedis\u00ae SmartLife-appen til at indstille timere og tidsplaner for automatisk t\u00e6nd\/sluk af dine enheder, eller styr manuelt med knapperne p\u00e5 forl\u00e6ngerstikket. Stikd\u00e5sen underst\u00f8tter ogs\u00e5 stemmestyring via Amazon Alexa eller Google Home, s\u00e5 du kan t\u00e6nde og slukke for enhederne med din stemme.Du kan anvende forl\u00e6ngerstikket som et selvst\u00e6ndigt produkt eller integrere det gnidningsfrit med andre Nedis\u00ae SmartLife-produkter for en komplet smart home-oplevelse. G\u00f8r hverdagen mere bekvem, sikker og effektiv \u2013 opgrader med denne smarte Wi-Fi stikd\u00e5se med USB og oplev fuld kontrol over hjemmets elektronik.<\/p>\n<p>Sammenlign priser p\u00e5 Nedis &#8211; SmartLife Stikd\u00e5se | Wi-Fi | 3 x EU stik (CEE 7\/3) \/ 4 x USB | 16 A | 3680 W | 1.80 m | -10 &#8211; 40 \u00b0C | Android\u2122 \/ IOS | Hvid &#8211; WIFIP312FWT og k\u00f8b online til den billigste pris, samt p\u00e5 tilbud!\u00a0\u00a0Tjek den bedste pris, produkt beskrivelse, video, test, anmeldelser osv.<\/p>\n<p><strong>Brand: <\/strong>Nedis<br \/>\n<strong>EAN: <\/strong>5412810419449<br \/>\n<strong>Producentens varenr.:<\/strong> 5412810419449<\/p>\n<p><strong>P.S.<\/strong><br \/>\nTilmeld dig til &#8220;Opret Gratis Prisfald Alarm&#8221;, og bliv underrettet med det samme om prisfald p\u00e5 Nedis &#8211; SmartLife Stikd\u00e5se | Wi-Fi | 3 x EU stik (CEE 7\/3) \/ 4 x USB | 16 A | 3680 W | 1.80 m | -10 &#8211; 40 \u00b0C | Android\u2122 \/ IOS | Hvid &#8211; WIFIP312FWT, og f\u00e5 den billigste pris!<\/p>\n<p>&nbsp;<\/p>\n<p>&nbsp;<\/p>\n","protected":false},"excerpt":{"rendered":"<p>K\u00f8b billig Nedis &#8211; SmartLife Stikd\u00e5se | Wi-Fi | 3 x EU stik (CEE 7\/3) \/ 4 x USB | 16 A | 3680 W | 1.80 m | -10 &#8211; 40 \u00b0C | Android\u2122 \/ IOS | Hvid &#8211; WIFIP312FWT! Dette Nedis Smart Wi-Fi 3-vejs forl\u00e6ngerstik er den ideelle l\u00f8sning til dine hjemmeunderholdnings- eller [&hellip;]<\/p>\n","protected":false},"featured_media":0,"template":"","meta":[],"store":[1272516],"product_brand":[1272517],"product_cat":[1272467],"product_tag":[1275178,1273383],"class_list":{"0":"post-446765","1":"product","2":"type-product","3":"status-publish","5":"store-butik24","6":"product_brand-nedis","7":"product_cat-power-og-energi","8":"product_tag-nedis","9":"product_tag-power-og-energi","10":"pa_maerke-nedis","12":"first","13":"instock","14":"product-type-external"},"_links":{"self":[{"href":"https:\/\/www.pricetornado.com\/da\/wp-json\/wp\/v2\/product\/446765","targetHints":{"allow":["GET"]}}],"collection":[{"href":"https:\/\/www.pricetornado.com\/da\/wp-json\/wp\/v2\/product"}],"about":[{"href":"https:\/\/www.pricetornado.com\/da\/wp-json\/wp\/v2\/types\/product"}],"wp:attachment":[{"href":"https:\/\/www.pricetornado.com\/da\/wp-json\/wp\/v2\/media?parent=446765"}],"wp:term":[{"taxonomy":"store","embeddable":true,"href":"https:\/\/www.pricetornado.com\/da\/wp-json\/wp\/v2\/store?post=446765"},{"taxonomy":"product_brand","embeddable":true,"href":"https:\/\/www.pricetornado.com\/da\/wp-json\/wp\/v2\/product_brand?post=446765"},{"taxonomy":"product_cat","embeddable":true,"href":"https:\/\/www.pricetornado.com\/da\/wp-json\/wp\/v2\/product_cat?post=446765"},{"taxonomy":"product_tag","embeddable":true,"href":"https:\/\/www.pricetornado.com\/da\/wp-json\/wp\/v2\/product_tag?post=446765"}],"curies":[{"name":"wp","href":"https:\/\/api.w.org\/{rel}","templated":true}]}}