{"id":446763,"date":"2025-02-22T00:47:44","date_gmt":"2025-02-21T23:47:44","guid":{"rendered":"https:\/\/www.pricetornado.com\/da\/produkt\/wiz-bevaegelsessensor\/"},"modified":"2026-04-29T08:10:27","modified_gmt":"2026-04-29T06:10:27","slug":"wiz-bevaegelsessensor","status":"publish","type":"product","link":"https:\/\/www.pricetornado.com\/da\/produkt\/wiz-bevaegelsessensor\/","title":{"rendered":"WIZ Bev\u00e6gelsessensor"},"content":{"rendered":"<p>K\u00f8b billig WIZ Bev\u00e6gelsessensor!<br \/>\nDen tr\u00e5dl\u00f8se WiZ bev\u00e6gelsessensor er en effektiv og batteridrevet l\u00f8sning til automatisering af lyset i hjemmet. Sensoren muligg\u00f8r, at lyset automatisk t\u00e6nder, n\u00e5r der registreres bev\u00e6gelse, og slukker igen, n\u00e5r du forlader lokalet. Placer sensoren i eksempelvis entr\u00e9en, gangen eller andre rum, hvor automatisk styring af belysningen \u00f8nskes \u2013 og just\u00e9r let lysindstillinger via appen for optimal komfort.Sensoeren er fremstillet i holdbart, hvidt plastik og kr\u00e6ver ingen ledninger, da den er fuldt batteridrevet. Det g\u00f8r installationen hurtig og fleksibel, s\u00e5 du let kan flytte enheden mellem forskellige rum efter behov og opn\u00e5 optimal d\u00e6kning i hjemmet.WiZ bev\u00e6gelsessensoren registrerer bev\u00e6gelse i op til 3 meters afstand med en bred vinkel p\u00e5 120 grader, hvilket sikrer effektiv d\u00e6kning af rummet. Via WiZ-appen kan du ops\u00e6tte dine foretrukne belysningsindstillinger, tidsplaner og justere lysstyrken, s\u00e5 det passer perfekt til dit daglige behov. Sensoren arbejder problemfrit sammen med alle WiZ produkter og kan let integreres i dit eksisterende Smart Home system.Med WiZ bev\u00e6gelsessensoren f\u00e5r du intelligent, praktisk og energibesparende lysstyring uden besv\u00e6r. Oplev, hvor let det er at automatisere dit hjem og skabe den \u00f8nskede atmosf\u00e6re med kun \u00e9t tryk eller automatisk, n\u00e5r du tr\u00e6der ind i rummet.<\/p>\n<p>Sammenlign priser p\u00e5 WIZ Bev\u00e6gelsessensor og k\u00f8b online til den billigste pris, samt p\u00e5 tilbud!\u00a0\u00a0Tjek den bedste pris, produkt beskrivelse, video, test, anmeldelser osv.<\/p>\n<p><strong>Brand: <\/strong>Wiz<br \/>\n<strong>EAN: <\/strong>8718699788209<br \/>\n<strong>Producentens varenr.:<\/strong> 8718699788209<\/p>\n<p><strong>P.S.<\/strong><br \/>\nTilmeld dig til &#8220;Opret Gratis Prisfald Alarm&#8221;, og bliv underrettet med det samme om prisfald p\u00e5 WIZ Bev\u00e6gelsessensor, og f\u00e5 den billigste pris!<\/p>\n<p>&nbsp;<\/p>\n<p>&nbsp;<\/p>\n","protected":false},"excerpt":{"rendered":"<p>K\u00f8b billig WIZ Bev\u00e6gelsessensor! Den tr\u00e5dl\u00f8se WiZ bev\u00e6gelsessensor er en effektiv og batteridrevet l\u00f8sning til automatisering af lyset i hjemmet. Sensoren muligg\u00f8r, at lyset automatisk t\u00e6nder, n\u00e5r der registreres bev\u00e6gelse, og slukker igen, n\u00e5r du forlader lokalet. Placer sensoren i eksempelvis entr\u00e9en, gangen eller andre rum, hvor automatisk styring af belysningen \u00f8nskes \u2013 og just\u00e9r [&hellip;]<\/p>\n","protected":false},"featured_media":999980000004467630,"template":"","meta":[],"store":[1272516],"product_brand":[1272522],"product_cat":[1272407],"product_tag":[1272697,1275183],"class_list":{"0":"post-446763","1":"product","2":"type-product","3":"status-publish","4":"has-post-thumbnail","6":"store-butik24","7":"product_brand-wiz","8":"product_cat-belysning-2","9":"product_tag-belysning","10":"product_tag-wiz","11":"pa_maerke-wiz","13":"first","14":"instock","15":"product-type-external"},"_links":{"self":[{"href":"https:\/\/www.pricetornado.com\/da\/wp-json\/wp\/v2\/product\/446763","targetHints":{"allow":["GET"]}}],"collection":[{"href":"https:\/\/www.pricetornado.com\/da\/wp-json\/wp\/v2\/product"}],"about":[{"href":"https:\/\/www.pricetornado.com\/da\/wp-json\/wp\/v2\/types\/product"}],"wp:featuredmedia":[{"embeddable":true,"href":"https:\/\/www.pricetornado.com\/da\/wp-json\/"}],"wp:attachment":[{"href":"https:\/\/www.pricetornado.com\/da\/wp-json\/wp\/v2\/media?parent=446763"}],"wp:term":[{"taxonomy":"store","embeddable":true,"href":"https:\/\/www.pricetornado.com\/da\/wp-json\/wp\/v2\/store?post=446763"},{"taxonomy":"product_brand","embeddable":true,"href":"https:\/\/www.pricetornado.com\/da\/wp-json\/wp\/v2\/product_brand?post=446763"},{"taxonomy":"product_cat","embeddable":true,"href":"https:\/\/www.pricetornado.com\/da\/wp-json\/wp\/v2\/product_cat?post=446763"},{"taxonomy":"product_tag","embeddable":true,"href":"https:\/\/www.pricetornado.com\/da\/wp-json\/wp\/v2\/product_tag?post=446763"}],"curies":[{"name":"wp","href":"https:\/\/api.w.org\/{rel}","templated":true}]}}