{"id":446760,"date":"2025-02-21T08:07:28","date_gmt":"2025-02-21T07:07:28","guid":{"rendered":"https:\/\/www.pricetornado.com\/da\/produkt\/philips-ep2230-10-fuldautomatisk-espressomaskine\/"},"modified":"2026-05-01T01:40:16","modified_gmt":"2026-04-30T23:40:16","slug":"philips-ep2230-10-fuldautomatisk-espressomaskine","status":"publish","type":"product","link":"https:\/\/www.pricetornado.com\/da\/produkt\/philips-ep2230-10-fuldautomatisk-espressomaskine\/","title":{"rendered":"Philips EP2230\/10 Fuldautomatisk espressomaskine"},"content":{"rendered":"<p>K\u00f8b billig Philips EP2230\/10 Fuldautomatisk espressomaskine!<br \/>\nPhilips EP2230\/10 giver dig nem adgang til tre friskmalede kaffevarianter \u2013 espresso, kaffe og cappuccino \u2013 direkte fra hele b\u00f8nner. Du v\u00e6lger din favorit med et enkelt tryk p\u00e5 den intuitive ber\u00f8ringssk\u00e6rm. Just\u00e9r aroma, temperatur (3 niveauer), og m\u00e6ngde for at skr\u00e6ddersy hver kop pr\u00e6cis efter din smag. Med hele 12 kv\u00e6rnindstillinger kan du tilpasse grovheden, s\u00e5 aromaen passer perfekt til dine pr\u00e6ferencer.Oplev det hurtigste m\u00e6lkesystem nogensinde: LatteGo. Systemet best\u00e5r kun af to aftagelige dele uden r\u00f8r og leverer silkebl\u00f8dt m\u00e6lkeskum p\u00e5 f\u00e5 sekunder. Ops\u00e6tning og reng\u00f8ring er ekstremt nemt \u2013 hele processen tager kun 15 sekunder. LatteGo dele t\u00e5ler desuden opvaskemaskine, hvilket giver maksimal bekvemmelighed i hverdagen.Philips EP2230\/10 er udstyret med holdbare keramiske kv\u00e6rne, der maler b\u00f8nnerne til op til 20.000 kopper kaffe og sikrer optimal videref\u00f8relse af smag og aroma hver gang. Aroma Seal-l\u00e5get minimerer luftindtr\u00e6ngning, s\u00e5 b\u00f8nnerne bevarer deres friskhed og aroma i l\u00e6ngere tid. Maskinens pr\u00e6cise bryggetemperatur mellem 90-98\u00b0C sikrer hver kop den perfekte balance mellem smag og cremet skumlag.En fuldt aftagelig bryggeenhed g\u00f8r det let at reng\u00f8re maskinen grundigt. B\u00e5de drypbakke og LatteGo-system kan vaskes i opvaskemaskinen. Takket v\u00e6re AquaClean-filteret kan du brygge op til 5.000 kopper kaffe uden at skulle afkalke maskinen, da filteret effektivt bl\u00f8dg\u00f8r vandet og modvirker kalkdannelse.Philips EP2230\/10 er fremstillet i over 95% genanvendte materialer, har energiklasse A samt ECO-tilstand, der reducerer str\u00f8mforbruget. Maskinen er udstyret med automatisk slukning, termisk regulering og et justerbart kaffetud (85-145 mm), der passer til forskellige kopst\u00f8rrelser. Det sikrer ikke blot fleksibilitet i brug, men ogs\u00e5 optimal sikkerhed og energibesparelse.Keramiske kv\u00e6rne til 20.000 kopper og friskhedsl\u00e5g (Aroma Seal)Op til 5.000 kopper uden afkalkning med AquaCleanOpgrader din kaffeoplevelse med Philips EP2230\/10 \u2013 en baristakvalitet espressomaskine, der kombinerer brugervenlighed, maksimal smag og minimal vedligeholdelse. Se hele udvalget af og find netop den model, der matcher dine behov.<\/p>\n<p>Sammenlign priser p\u00e5 Philips EP2230\/10 Fuldautomatisk espressomaskine og k\u00f8b online til den billigste pris, samt p\u00e5 tilbud!\u00a0\u00a0Tjek den bedste pris, produkt beskrivelse, video, test, anmeldelser osv.<\/p>\n<p><strong>Brand: <\/strong>Philips<br \/>\n<strong>EAN: <\/strong>8710103886037<br \/>\n<strong>Producentens varenr.:<\/strong> 8710103886037<\/p>\n<p><strong>P.S.<\/strong><br \/>\nTilmeld dig til &#8220;Opret Gratis Prisfald Alarm&#8221;, og bliv underrettet med det samme om prisfald p\u00e5 Philips EP2230\/10 Fuldautomatisk espressomaskine, og f\u00e5 den billigste pris!<\/p>\n<p>&nbsp;<\/p>\n<p>&nbsp;<\/p>\n","protected":false},"excerpt":{"rendered":"<p>K\u00f8b billig Philips EP2230\/10 Fuldautomatisk espressomaskine! Philips EP2230\/10 giver dig nem adgang til tre friskmalede kaffevarianter \u2013 espresso, kaffe og cappuccino \u2013 direkte fra hele b\u00f8nner. Du v\u00e6lger din favorit med et enkelt tryk p\u00e5 den intuitive ber\u00f8ringssk\u00e6rm. Just\u00e9r aroma, temperatur (3 niveauer), og m\u00e6ngde for at skr\u00e6ddersy hver kop pr\u00e6cis efter din smag. Med [&hellip;]<\/p>\n","protected":false},"featured_media":999980000004467600,"template":"","meta":[],"store":[1272516],"product_brand":[1272519],"product_cat":[855237],"product_tag":[1272770,1275180],"class_list":{"0":"post-446760","1":"product","2":"type-product","3":"status-publish","4":"has-post-thumbnail","6":"store-butik24","7":"product_brand-philips","8":"product_cat-kaffemaskiner","9":"product_tag-kaffemaskiner","10":"product_tag-philips","11":"pa_maerke-philips","13":"first","14":"instock","15":"product-type-external"},"_links":{"self":[{"href":"https:\/\/www.pricetornado.com\/da\/wp-json\/wp\/v2\/product\/446760","targetHints":{"allow":["GET"]}}],"collection":[{"href":"https:\/\/www.pricetornado.com\/da\/wp-json\/wp\/v2\/product"}],"about":[{"href":"https:\/\/www.pricetornado.com\/da\/wp-json\/wp\/v2\/types\/product"}],"wp:featuredmedia":[{"embeddable":true,"href":"https:\/\/www.pricetornado.com\/da\/wp-json\/"}],"wp:attachment":[{"href":"https:\/\/www.pricetornado.com\/da\/wp-json\/wp\/v2\/media?parent=446760"}],"wp:term":[{"taxonomy":"store","embeddable":true,"href":"https:\/\/www.pricetornado.com\/da\/wp-json\/wp\/v2\/store?post=446760"},{"taxonomy":"product_brand","embeddable":true,"href":"https:\/\/www.pricetornado.com\/da\/wp-json\/wp\/v2\/product_brand?post=446760"},{"taxonomy":"product_cat","embeddable":true,"href":"https:\/\/www.pricetornado.com\/da\/wp-json\/wp\/v2\/product_cat?post=446760"},{"taxonomy":"product_tag","embeddable":true,"href":"https:\/\/www.pricetornado.com\/da\/wp-json\/wp\/v2\/product_tag?post=446760"}],"curies":[{"name":"wp","href":"https:\/\/api.w.org\/{rel}","templated":true}]}}