{"id":446759,"date":"2025-02-25T17:46:05","date_gmt":"2025-02-25T16:46:05","guid":{"rendered":"https:\/\/www.pricetornado.com\/da\/produkt\/scanpan-classic-15-cm-kokkekniv\/"},"modified":"2026-04-18T10:40:24","modified_gmt":"2026-04-18T08:40:24","slug":"scanpan-classic-15-cm-kokkekniv","status":"publish","type":"product","link":"https:\/\/www.pricetornado.com\/da\/produkt\/scanpan-classic-15-cm-kokkekniv\/","title":{"rendered":"Scanpan Classic 15 cm Kokkekniv"},"content":{"rendered":"<p>K\u00f8b billig Scanpan Classic 15 cm Kokkekniv!<br \/>\nScanpan Classic 15 cm kokkekniv er ideel til kr\u00e6vende k\u00f8kkenopgaver, hvor der skal hakkes, snittes og sk\u00e6res i sm\u00e5 tern. Det brede, tunge blad giver dig fuld kontrol, og kniven er designet til b\u00e5de hobbykokke og professionelle, der s\u00e6tter pris p\u00e5 pr\u00e6cision og lang levetid.Kokkekniven er fremstillet af det fineste tyske rustfri st\u00e5l med &quot;Hairline Finish&quot;, som giver ekstra stor korrosionsbestandighed og h\u00f8j skarphed. Bladet er h\u00e6rdet til HRC 56-57 for optimal slidstyrke og vedvarende \u00e6g. Den har en pr\u00e6cisionstempereret klinge med 30\u00b0 slibevinkel, der sikrer imponerende sk\u00e6reevne hver gang.Kniven t\u00e5ler opvaskemaskine if\u00f8lge producentens anbefalinger, men for at bevare den skarpe \u00e6g anbefales h\u00e5ndvask. Med korrekt pleje f\u00e5r du gl\u00e6de af din Scanpan Classic kokkekniv i mange \u00e5r. Der medf\u00f8lger 10 \u00e5rs garanti mod fabrikationsfejl&#8230;<\/p>\n<p>Sammenlign priser p\u00e5 Scanpan Classic 15 cm Kokkekniv og k\u00f8b online til den billigste pris, samt p\u00e5 tilbud!\u00a0\u00a0Tjek den bedste pris, produkt beskrivelse, video, test, anmeldelser osv.<\/p>\n<p><strong>Brand: <\/strong>Scanpan<br \/>\n<strong>EAN: <\/strong>083421925053<br \/>\n<strong>Producentens varenr.:<\/strong> 083421925053<\/p>\n<p><strong>P.S.<\/strong><br \/>\nTilmeld dig til &#8220;Opret Gratis Prisfald Alarm&#8221;, og bliv underrettet med det samme om prisfald p\u00e5 Scanpan Classic 15 cm Kokkekniv, og f\u00e5 den billigste pris!<\/p>\n<p>&nbsp;<\/p>\n<p>&nbsp;<\/p>\n","protected":false},"excerpt":{"rendered":"<p>K\u00f8b billig Scanpan Classic 15 cm Kokkekniv! Scanpan Classic 15 cm kokkekniv er ideel til kr\u00e6vende k\u00f8kkenopgaver, hvor der skal hakkes, snittes og sk\u00e6res i sm\u00e5 tern. Det brede, tunge blad giver dig fuld kontrol, og kniven er designet til b\u00e5de hobbykokke og professionelle, der s\u00e6tter pris p\u00e5 pr\u00e6cision og lang levetid.Kokkekniven er fremstillet af [&hellip;]<\/p>\n","protected":false},"featured_media":999980000004467590,"template":"","meta":[],"store":[1272516],"product_brand":[1272521],"product_cat":[1272410],"product_tag":[1272681,1275184],"class_list":{"0":"post-446759","1":"product","2":"type-product","3":"status-publish","4":"has-post-thumbnail","6":"store-butik24","7":"product_brand-scanpan","8":"product_cat-koekkengrej","9":"product_tag-koekkengrej","10":"product_tag-scanpan","11":"pa_maerke-scanpan","13":"first","14":"instock","15":"product-type-external"},"_links":{"self":[{"href":"https:\/\/www.pricetornado.com\/da\/wp-json\/wp\/v2\/product\/446759","targetHints":{"allow":["GET"]}}],"collection":[{"href":"https:\/\/www.pricetornado.com\/da\/wp-json\/wp\/v2\/product"}],"about":[{"href":"https:\/\/www.pricetornado.com\/da\/wp-json\/wp\/v2\/types\/product"}],"wp:featuredmedia":[{"embeddable":true,"href":"https:\/\/www.pricetornado.com\/da\/wp-json\/"}],"wp:attachment":[{"href":"https:\/\/www.pricetornado.com\/da\/wp-json\/wp\/v2\/media?parent=446759"}],"wp:term":[{"taxonomy":"store","embeddable":true,"href":"https:\/\/www.pricetornado.com\/da\/wp-json\/wp\/v2\/store?post=446759"},{"taxonomy":"product_brand","embeddable":true,"href":"https:\/\/www.pricetornado.com\/da\/wp-json\/wp\/v2\/product_brand?post=446759"},{"taxonomy":"product_cat","embeddable":true,"href":"https:\/\/www.pricetornado.com\/da\/wp-json\/wp\/v2\/product_cat?post=446759"},{"taxonomy":"product_tag","embeddable":true,"href":"https:\/\/www.pricetornado.com\/da\/wp-json\/wp\/v2\/product_tag?post=446759"}],"curies":[{"name":"wp","href":"https:\/\/api.w.org\/{rel}","templated":true}]}}