{"id":446758,"date":"2025-02-23T01:27:58","date_gmt":"2025-02-23T00:27:58","guid":{"rendered":"https:\/\/www.pricetornado.com\/da\/produkt\/scanpan-ctx-32-cm-sauterpande-m-laag\/"},"modified":"2026-05-01T02:10:52","modified_gmt":"2026-05-01T00:10:52","slug":"scanpan-ctx-32-cm-sauterpande-m-laag","status":"publish","type":"product","link":"https:\/\/www.pricetornado.com\/da\/produkt\/scanpan-ctx-32-cm-sauterpande-m-laag\/","title":{"rendered":"Scanpan CTX 32 cm sauterpande m. l\u00e5g"},"content":{"rendered":"<p>K\u00f8b billig Scanpan CTX 32 cm sauterpande m. l\u00e5g!<br \/>\nScanpan CTX sauterpande p\u00e5 32 cm kombinerer et minimalistisk design med materialer af h\u00f8j kvalitet og praktiske funktioner. Panden er fremstillet af genanvendt squeeze-cast aluminium og rustfrit st\u00e5l, hvilket sikrer fremragende varmefordeling og lang levetid. Det ergonomiske h\u00e5ndtag i rustfrit st\u00e5l giver et sikkert greb og forbliver k\u00f8ligt under brug. Et ekstra greb g\u00f8r det nemt at l\u00f8fte og h\u00e5ndtere selv en fuld sauterpande. Den leveres inklusiv l\u00e5g og er ideel til b\u00e5de hurtige retter og langsom tilberedning.Panden har Scanpans unikke Stratanium non-stick bel\u00e6gning, der er keramisk forst\u00e6rket med titanium, hvilket g\u00f8r den ekstremt slidst\u00e6rk, let at reng\u00f8re og PFOA-fri. Bel\u00e6gningen tillader brug af metalredskaber og sikrer, at maden nemt slipper. CTX-seriens femlagskonstruktion fordeler varmen j\u00e6vnt og forhindrer varmepletter under madlavningen..<\/p>\n<p>Sammenlign priser p\u00e5 Scanpan CTX 32 cm sauterpande m. l\u00e5g og k\u00f8b online til den billigste pris, samt p\u00e5 tilbud!\u00a0\u00a0Tjek den bedste pris, produkt beskrivelse, video, test, anmeldelser osv.<\/p>\n<p><strong>Brand: <\/strong>Scanpan<br \/>\n<strong>EAN: <\/strong>083421651327<br \/>\n<strong>Producentens varenr.:<\/strong> 083421651327<\/p>\n<p><strong>P.S.<\/strong><br \/>\nTilmeld dig til &#8220;Opret Gratis Prisfald Alarm&#8221;, og bliv underrettet med det samme om prisfald p\u00e5 Scanpan CTX 32 cm sauterpande m. l\u00e5g, og f\u00e5 den billigste pris!<\/p>\n<p>&nbsp;<\/p>\n<p>&nbsp;<\/p>\n","protected":false},"excerpt":{"rendered":"<p>K\u00f8b billig Scanpan CTX 32 cm sauterpande m. l\u00e5g! Scanpan CTX sauterpande p\u00e5 32 cm kombinerer et minimalistisk design med materialer af h\u00f8j kvalitet og praktiske funktioner. Panden er fremstillet af genanvendt squeeze-cast aluminium og rustfrit st\u00e5l, hvilket sikrer fremragende varmefordeling og lang levetid. Det ergonomiske h\u00e5ndtag i rustfrit st\u00e5l giver et sikkert greb og [&hellip;]<\/p>\n","protected":false},"featured_media":999980000004467580,"template":"","meta":[],"store":[1272516],"product_brand":[1272521],"product_cat":[1272410],"product_tag":[1272681,1275184],"class_list":{"0":"post-446758","1":"product","2":"type-product","3":"status-publish","4":"has-post-thumbnail","6":"store-butik24","7":"product_brand-scanpan","8":"product_cat-koekkengrej","9":"product_tag-koekkengrej","10":"product_tag-scanpan","11":"pa_maerke-scanpan","13":"first","14":"instock","15":"product-type-external"},"_links":{"self":[{"href":"https:\/\/www.pricetornado.com\/da\/wp-json\/wp\/v2\/product\/446758","targetHints":{"allow":["GET"]}}],"collection":[{"href":"https:\/\/www.pricetornado.com\/da\/wp-json\/wp\/v2\/product"}],"about":[{"href":"https:\/\/www.pricetornado.com\/da\/wp-json\/wp\/v2\/types\/product"}],"wp:featuredmedia":[{"embeddable":true,"href":"https:\/\/www.pricetornado.com\/da\/wp-json\/"}],"wp:attachment":[{"href":"https:\/\/www.pricetornado.com\/da\/wp-json\/wp\/v2\/media?parent=446758"}],"wp:term":[{"taxonomy":"store","embeddable":true,"href":"https:\/\/www.pricetornado.com\/da\/wp-json\/wp\/v2\/store?post=446758"},{"taxonomy":"product_brand","embeddable":true,"href":"https:\/\/www.pricetornado.com\/da\/wp-json\/wp\/v2\/product_brand?post=446758"},{"taxonomy":"product_cat","embeddable":true,"href":"https:\/\/www.pricetornado.com\/da\/wp-json\/wp\/v2\/product_cat?post=446758"},{"taxonomy":"product_tag","embeddable":true,"href":"https:\/\/www.pricetornado.com\/da\/wp-json\/wp\/v2\/product_tag?post=446758"}],"curies":[{"name":"wp","href":"https:\/\/api.w.org\/{rel}","templated":true}]}}