{"id":446755,"date":"2025-02-20T17:34:58","date_gmt":"2025-02-20T16:34:58","guid":{"rendered":"https:\/\/www.pricetornado.com\/da\/produkt\/brund-by-scanpan-35-cm-knivmagnet\/"},"modified":"2026-04-17T10:00:14","modified_gmt":"2026-04-17T08:00:14","slug":"brund-by-scanpan-35-cm-knivmagnet","status":"publish","type":"product","link":"https:\/\/www.pricetornado.com\/da\/produkt\/brund-by-scanpan-35-cm-knivmagnet\/","title":{"rendered":"Brund by Scanpan 35 cm knivmagnet"},"content":{"rendered":"<p>K\u00f8b billig Brund by Scanpan 35 cm knivmagnet!<br \/>\nAt opbevare k\u00f8kkenknive l\u00f8st og ubeskyttet i en skuffe er den sikre vej til sl\u00f8ve, \u00f8delagte knive. Med Brund by Scanpan 35 cm knivmagnet f\u00e5r du en praktisk og sikker m\u00e5de at holde styr p\u00e5 dine k\u00f8kkenknive, s\u00e5 du altid har dem lige ved h\u00e5nden.Knivmagneten er fremstillet af mat anodiseret aluminium, som g\u00f8r den b\u00e5de let, korrosionsbestandig og ekstra slidst\u00e6rk mod ridser. Den st\u00e6rke magnet s\u00f8rger for sikker og stabil opbevaring \u2013 selv af tunge k\u00f8kkenknive \u2013 og beskytter dine knivblade ved at undg\u00e5 kontakt med h\u00e5rde overflader.Kompakt 35 cm l\u00e6ngde, s\u00e5 du udnytter k\u00f8kkenpladsen optimalt, mens knivene altid er let tilg\u00e6ngelige.Let at reng\u00f8re med en fugtig klud \u2013 den glatte aluminiumsoverflade g\u00f8r vedligeholdelsen nem.Sikker opbevaring, der reducerer risikoen for snits\u00e5r og forl\u00e6nger levetiden p\u00e5 dine knive..<\/p>\n<p>Sammenlign priser p\u00e5 Brund by Scanpan 35 cm knivmagnet og k\u00f8b online til den billigste pris, samt p\u00e5 tilbud!\u00a0\u00a0Tjek den bedste pris, produkt beskrivelse, video, test, anmeldelser osv.<\/p>\n<p><strong>Brand: <\/strong>Scanpan<br \/>\n<strong>EAN: <\/strong>083421116437<br \/>\n<strong>Producentens varenr.:<\/strong> 083421116437<\/p>\n<p><strong>P.S.<\/strong><br \/>\nTilmeld dig til &#8220;Opret Gratis Prisfald Alarm&#8221;, og bliv underrettet med det samme om prisfald p\u00e5 Brund by Scanpan 35 cm knivmagnet, og f\u00e5 den billigste pris!<\/p>\n<p>&nbsp;<\/p>\n<p>&nbsp;<\/p>\n","protected":false},"excerpt":{"rendered":"<p>K\u00f8b billig Brund by Scanpan 35 cm knivmagnet! At opbevare k\u00f8kkenknive l\u00f8st og ubeskyttet i en skuffe er den sikre vej til sl\u00f8ve, \u00f8delagte knive. Med Brund by Scanpan 35 cm knivmagnet f\u00e5r du en praktisk og sikker m\u00e5de at holde styr p\u00e5 dine k\u00f8kkenknive, s\u00e5 du altid har dem lige ved h\u00e5nden.Knivmagneten er fremstillet [&hellip;]<\/p>\n","protected":false},"featured_media":999980000004467550,"template":"","meta":[],"store":[1272516],"product_brand":[1272521],"product_cat":[1272410],"product_tag":[1272681,1275184],"class_list":{"0":"post-446755","1":"product","2":"type-product","3":"status-publish","4":"has-post-thumbnail","6":"store-butik24","7":"product_brand-scanpan","8":"product_cat-koekkengrej","9":"product_tag-koekkengrej","10":"product_tag-scanpan","11":"pa_maerke-scanpan","13":"first","14":"instock","15":"product-type-external"},"_links":{"self":[{"href":"https:\/\/www.pricetornado.com\/da\/wp-json\/wp\/v2\/product\/446755","targetHints":{"allow":["GET"]}}],"collection":[{"href":"https:\/\/www.pricetornado.com\/da\/wp-json\/wp\/v2\/product"}],"about":[{"href":"https:\/\/www.pricetornado.com\/da\/wp-json\/wp\/v2\/types\/product"}],"wp:featuredmedia":[{"embeddable":true,"href":"https:\/\/www.pricetornado.com\/da\/wp-json\/"}],"wp:attachment":[{"href":"https:\/\/www.pricetornado.com\/da\/wp-json\/wp\/v2\/media?parent=446755"}],"wp:term":[{"taxonomy":"store","embeddable":true,"href":"https:\/\/www.pricetornado.com\/da\/wp-json\/wp\/v2\/store?post=446755"},{"taxonomy":"product_brand","embeddable":true,"href":"https:\/\/www.pricetornado.com\/da\/wp-json\/wp\/v2\/product_brand?post=446755"},{"taxonomy":"product_cat","embeddable":true,"href":"https:\/\/www.pricetornado.com\/da\/wp-json\/wp\/v2\/product_cat?post=446755"},{"taxonomy":"product_tag","embeddable":true,"href":"https:\/\/www.pricetornado.com\/da\/wp-json\/wp\/v2\/product_tag?post=446755"}],"curies":[{"name":"wp","href":"https:\/\/api.w.org\/{rel}","templated":true}]}}