{"id":446754,"date":"2025-02-26T16:56:27","date_gmt":"2025-02-26T15:56:27","guid":{"rendered":"https:\/\/www.pricetornado.com\/da\/produkt\/scanpan-classic-induction-40-l-26-cm-sautergryde-m-laag\/"},"modified":"2026-04-17T09:10:28","modified_gmt":"2026-04-17T07:10:28","slug":"scanpan-classic-induction-40-l-26-cm-sautergryde-m-laag","status":"publish","type":"product","link":"https:\/\/www.pricetornado.com\/da\/produkt\/scanpan-classic-induction-40-l-26-cm-sautergryde-m-laag\/","title":{"rendered":"Scanpan Classic Induction 4,0 l\/26 cm sautergryde m. l\u00e5g"},"content":{"rendered":"<p>K\u00f8b billig Scanpan Classic Induction 4,0 l\/26 cm sautergryde m. l\u00e5g!<br \/>\nScanpan Classic Induction sautergryde p\u00e5 4,0 liter og 26 cm i diameter er en lav gryde med stor bund, hvilket sikrer hurtig opvarmning og en rummelig stegeflade. Det g\u00f8r den s\u00e6rligt velegnet til gryderetter, simremad, grydesteg og grydebr\u00f8d, hvor j\u00e6vn varmefordeling er vigtig.Gryden er fremstillet af genanvendt st\u00f8bt aluminium, der giver hurtig og ensartet varmefordeling uden varmepletter. Bunden er designet med en speciel squeeze-cast teknik for optimal effektivitet ved kogning og stegning. Gryden har en indbygget induktionskompatibel st\u00e5lplade, hvilket betyder, at den kan bruges p\u00e5 alle induktionskogeplader.Indvendigt har gryden Scanpans slidst\u00e6rke Stratanium nonstick-bel\u00e6gning, der er fri for PFOA, og som t\u00e5ler metalredskaber, hvilket g\u00f8r madlavningen og reng\u00f8ringen ekstra nem. H\u00e5ndtagene er lavet af bakelit og er nittelfri, fastgjort med et patenteret l\u00e5sesystem, der modvirker l\u00f8se skruer og letter reng\u00f8ringen.Kan bruges i ovnen op til 260\u00b0C \u2013 perfekt til retter, der kr\u00e6ver b\u00e5de komfur og ovn.Leveres med l\u00e5g, som passer til alle Scanpan produkter med samme diameter.T\u00e5ler opvaskemaskine for let reng\u00f8ring.Livstidsgaranti mod fabrikationsfejl, hvilket understreger grydenes holdbarhed.Milj\u00f8venlig produktion med fokus p\u00e5 genanvendelse.Giv din nonstick-bel\u00e6gning et langt liv ved altid at reng\u00f8re gryden med opvaskemiddel og undg\u00e5 hurtige temperatur\u00e6ndringer, som kan beskadige bel\u00e6gningen.Opgrader dit k\u00f8kkenudstyr med en Scanpan Classic Induction sautergryde \u2013 et milj\u00f8bevidst valg, der lever op til kravene fra moderne madlavning..<\/p>\n<p>Sammenlign priser p\u00e5 Scanpan Classic Induction 4,0 l\/26 cm sautergryde m. l\u00e5g og k\u00f8b online til den billigste pris, samt p\u00e5 tilbud!\u00a0\u00a0Tjek den bedste pris, produkt beskrivelse, video, test, anmeldelser osv.<\/p>\n<p><strong>Brand: <\/strong>Scanpan<br \/>\n<strong>EAN: <\/strong>083421122582<br \/>\n<strong>Producentens varenr.:<\/strong> 083421122582<\/p>\n<p><strong>P.S.<\/strong><br \/>\nTilmeld dig til &#8220;Opret Gratis Prisfald Alarm&#8221;, og bliv underrettet med det samme om prisfald p\u00e5 Scanpan Classic Induction 4,0 l\/26 cm sautergryde m. l\u00e5g, og f\u00e5 den billigste pris!<\/p>\n<p>&nbsp;<\/p>\n<p>&nbsp;<\/p>\n","protected":false},"excerpt":{"rendered":"<p>K\u00f8b billig Scanpan Classic Induction 4,0 l\/26 cm sautergryde m. l\u00e5g! Scanpan Classic Induction sautergryde p\u00e5 4,0 liter og 26 cm i diameter er en lav gryde med stor bund, hvilket sikrer hurtig opvarmning og en rummelig stegeflade. Det g\u00f8r den s\u00e6rligt velegnet til gryderetter, simremad, grydesteg og grydebr\u00f8d, hvor j\u00e6vn varmefordeling er vigtig.Gryden er [&hellip;]<\/p>\n","protected":false},"featured_media":999980000004467540,"template":"","meta":[],"store":[1272516],"product_brand":[1272521],"product_cat":[1272410],"product_tag":[1272681,1275184],"class_list":{"0":"post-446754","1":"product","2":"type-product","3":"status-publish","4":"has-post-thumbnail","6":"store-butik24","7":"product_brand-scanpan","8":"product_cat-koekkengrej","9":"product_tag-koekkengrej","10":"product_tag-scanpan","11":"pa_maerke-scanpan","13":"first","14":"instock","15":"product-type-external"},"_links":{"self":[{"href":"https:\/\/www.pricetornado.com\/da\/wp-json\/wp\/v2\/product\/446754","targetHints":{"allow":["GET"]}}],"collection":[{"href":"https:\/\/www.pricetornado.com\/da\/wp-json\/wp\/v2\/product"}],"about":[{"href":"https:\/\/www.pricetornado.com\/da\/wp-json\/wp\/v2\/types\/product"}],"wp:featuredmedia":[{"embeddable":true,"href":"https:\/\/www.pricetornado.com\/da\/wp-json\/"}],"wp:attachment":[{"href":"https:\/\/www.pricetornado.com\/da\/wp-json\/wp\/v2\/media?parent=446754"}],"wp:term":[{"taxonomy":"store","embeddable":true,"href":"https:\/\/www.pricetornado.com\/da\/wp-json\/wp\/v2\/store?post=446754"},{"taxonomy":"product_brand","embeddable":true,"href":"https:\/\/www.pricetornado.com\/da\/wp-json\/wp\/v2\/product_brand?post=446754"},{"taxonomy":"product_cat","embeddable":true,"href":"https:\/\/www.pricetornado.com\/da\/wp-json\/wp\/v2\/product_cat?post=446754"},{"taxonomy":"product_tag","embeddable":true,"href":"https:\/\/www.pricetornado.com\/da\/wp-json\/wp\/v2\/product_tag?post=446754"}],"curies":[{"name":"wp","href":"https:\/\/api.w.org\/{rel}","templated":true}]}}