{"id":446753,"date":"2025-02-25T00:33:17","date_gmt":"2025-02-24T23:33:17","guid":{"rendered":"https:\/\/www.pricetornado.com\/da\/produkt\/brund-by-scanpan-45-cm-knivmagnet\/"},"modified":"2026-05-03T10:20:22","modified_gmt":"2026-05-03T08:20:22","slug":"brund-by-scanpan-45-cm-knivmagnet","status":"publish","type":"product","link":"https:\/\/www.pricetornado.com\/da\/produkt\/brund-by-scanpan-45-cm-knivmagnet\/","title":{"rendered":"Brund by Scanpan 45 cm knivmagnet"},"content":{"rendered":"<p>K\u00f8b billig Brund by Scanpan 45 cm knivmagnet!<br \/>\nOpbevar dine k\u00f8kkenknive sikkert og stilfuldt med knivmagneten fra Brund by Scanpan. Ved at h\u00e6nge knivene p\u00e5 v\u00e6ggen undg\u00e5r du, at de ligger l\u00f8st og ubeskyttet i en skuffe, hvor de let kan blive sl\u00f8ve eller beskadigede. Med magnetskinnen har du altid knivene lige ved h\u00e5nden, n\u00e5r du laver mad.Denne knivmagnet er fremstillet af anodiseret aluminium, som giver en robust og slidst\u00e6rk overflade. Materialet sikrer, at dine knive holdes sikkert og stabilt p\u00e5 plads, samtidig med at magneten giver et moderne og rent udtryk, der passer ind i de fleste danske k\u00f8kkener.Magneten m\u00e5ler 45 cm og har god plads til flere k\u00f8kkenknive.Beskytter dine knive mod skader og holder dem skarpe l\u00e6ngere.Nem v\u00e6gmontering s\u00f8rger for organiseret og lettilg\u00e6ngelig opbevaring.Frig\u00f8r plads p\u00e5 k\u00f8kkenbordet og skaber et ryddeligt udtryk.-produkter og find det perfekte tilbeh\u00f8r til dit k\u00f8kken.<\/p>\n<p>Sammenlign priser p\u00e5 Brund by Scanpan 45 cm knivmagnet og k\u00f8b online til den billigste pris, samt p\u00e5 tilbud!\u00a0\u00a0Tjek den bedste pris, produkt beskrivelse, video, test, anmeldelser osv.<\/p>\n<p><strong>Brand: <\/strong>Scanpan<br \/>\n<strong>EAN: <\/strong>083421114747<br \/>\n<strong>Producentens varenr.:<\/strong> 083421114747<\/p>\n<p><strong>P.S.<\/strong><br \/>\nTilmeld dig til &#8220;Opret Gratis Prisfald Alarm&#8221;, og bliv underrettet med det samme om prisfald p\u00e5 Brund by Scanpan 45 cm knivmagnet, og f\u00e5 den billigste pris!<\/p>\n<p>&nbsp;<\/p>\n<p>&nbsp;<\/p>\n","protected":false},"excerpt":{"rendered":"<p>K\u00f8b billig Brund by Scanpan 45 cm knivmagnet! Opbevar dine k\u00f8kkenknive sikkert og stilfuldt med knivmagneten fra Brund by Scanpan. Ved at h\u00e6nge knivene p\u00e5 v\u00e6ggen undg\u00e5r du, at de ligger l\u00f8st og ubeskyttet i en skuffe, hvor de let kan blive sl\u00f8ve eller beskadigede. Med magnetskinnen har du altid knivene lige ved h\u00e5nden, n\u00e5r [&hellip;]<\/p>\n","protected":false},"featured_media":999980000004467530,"template":"","meta":[],"store":[1272516],"product_brand":[1272521],"product_cat":[1272410],"product_tag":[1272681,1275184],"class_list":{"0":"post-446753","1":"product","2":"type-product","3":"status-publish","4":"has-post-thumbnail","6":"store-butik24","7":"product_brand-scanpan","8":"product_cat-koekkengrej","9":"product_tag-koekkengrej","10":"product_tag-scanpan","11":"pa_maerke-scanpan","13":"first","14":"instock","15":"product-type-external"},"_links":{"self":[{"href":"https:\/\/www.pricetornado.com\/da\/wp-json\/wp\/v2\/product\/446753","targetHints":{"allow":["GET"]}}],"collection":[{"href":"https:\/\/www.pricetornado.com\/da\/wp-json\/wp\/v2\/product"}],"about":[{"href":"https:\/\/www.pricetornado.com\/da\/wp-json\/wp\/v2\/types\/product"}],"wp:featuredmedia":[{"embeddable":true,"href":"https:\/\/www.pricetornado.com\/da\/wp-json\/"}],"wp:attachment":[{"href":"https:\/\/www.pricetornado.com\/da\/wp-json\/wp\/v2\/media?parent=446753"}],"wp:term":[{"taxonomy":"store","embeddable":true,"href":"https:\/\/www.pricetornado.com\/da\/wp-json\/wp\/v2\/store?post=446753"},{"taxonomy":"product_brand","embeddable":true,"href":"https:\/\/www.pricetornado.com\/da\/wp-json\/wp\/v2\/product_brand?post=446753"},{"taxonomy":"product_cat","embeddable":true,"href":"https:\/\/www.pricetornado.com\/da\/wp-json\/wp\/v2\/product_cat?post=446753"},{"taxonomy":"product_tag","embeddable":true,"href":"https:\/\/www.pricetornado.com\/da\/wp-json\/wp\/v2\/product_tag?post=446753"}],"curies":[{"name":"wp","href":"https:\/\/api.w.org\/{rel}","templated":true}]}}