{"id":446751,"date":"2025-02-27T23:11:21","date_gmt":"2025-02-27T22:11:21","guid":{"rendered":"https:\/\/www.pricetornado.com\/da\/produkt\/nedis-elkedel-1-7-l-glas-gennemsigtig-60708090100-c-temperaturindikator-drejelig-360-grader-skjult-varmeelement-strix-controller-beskyttelse-mod-kogetoerring-kawk\/"},"modified":"2026-04-15T01:24:32","modified_gmt":"2026-04-14T23:24:32","slug":"nedis-elkedel-1-7-l-glas-gennemsigtig-60708090100-c-temperaturindikator-drejelig-360-grader-skjult-varmeelement-strix-controller-beskyttelse-mod-kogetoerring-kawk","status":"publish","type":"product","link":"https:\/\/www.pricetornado.com\/da\/produkt\/nedis-elkedel-1-7-l-glas-gennemsigtig-60708090100-c-temperaturindikator-drejelig-360-grader-skjult-varmeelement-strix-controller-beskyttelse-mod-kogetoerring-kawk\/","title":{"rendered":"Nedis &#8211; Elkedel | 1.7 l | Glas | Gennemsigtig | 60,70,80,90,100 \u00b0C | Temperaturindikator | Drejelig 360 grader | Skjult varmeelement | Strix\u00ae-controller | Beskyttelse mod koget\u00f8rring &#8211; KAWK320EGS"},"content":{"rendered":"<p>K\u00f8b billig Nedis &#8211; Elkedel | 1.7 l | Glas | Gennemsigtig | 60,70,80,90,100 \u00b0C | Temperaturindikator | Drejelig 360 grader | Skjult varmeelement | Strix\u00ae-controller | Beskyttelse mod koget\u00f8rring &#8211; KAWK320EGS!<br \/>\nOplev en kombination af stil og funktionalitet med Nedis elkedel, der rummer 1,7 liter og bringer dit vand hurtigt i kog takket v\u00e6re den kraftfulde 2200 W skjulte varmelegeme. Den gennemsigtige glaskande med metaldele giver dig fuldt overblik over vandstanden, og dobbeltsidede vandstandsm\u00e5lere sikrer n\u00f8jagtig opfyldning ved hver brug.Med fem forudindstillede temperaturer fra 60 til 100 \u00b0C, som styres enkelt via et tryk, opn\u00e5r du pr\u00e6cis den varme, der passer til forskellige typer te eller kaffe. De farvekodede LED-indikatorer lyser i forskellige farver alt efter valgt temperatur, s\u00e5 du let kan f\u00f8lge med.Ledningsfri 360\u00b0 roterbar base giver frihed til at placere og l\u00f8fte elkedlen fra alle vinkler.Skjult varmelegeme minimerer kalkdannelse og g\u00f8r reng\u00f8ring enkel.Aftageligt filter holder kalk og urenheder v\u00e6k fra din drik.Non-slip f\u00f8dder samt et fjederbelastet l\u00e5g for ekstra stabilitet og nem p\u00e5fyldning.Elkedlen er udviklet med en Strix\u00ae-controller, der opfylder internationale sikkerhedsstandarder. Koget\u00f8rringsbeskyttelse og automatisk sluk sikrer, at elkedlen slukker, hvis der ikke er mere vand. Hold-varmen-funktionen holder vandet varmt i op til 30 minutter, uden at du skal genopvarme.V\u00e6lg en elkedel fra Nedis for hurtig opvarmning, pr\u00e6cis temperaturstyring og et elegant glasdesign, der passer ind i ethvert moderne k\u00f8kken.<\/p>\n<p>Sammenlign priser p\u00e5 Nedis &#8211; Elkedel | 1.7 l | Glas | Gennemsigtig | 60,70,80,90,100 \u00b0C | Temperaturindikator | Drejelig 360 grader | Skjult varmeelement | Strix\u00ae-controller | Beskyttelse mod koget\u00f8rring &#8211; KAWK320EGS og k\u00f8b online til den billigste pris, samt p\u00e5 tilbud!\u00a0\u00a0Tjek den bedste pris, produkt beskrivelse, video, test, anmeldelser osv.<\/p>\n<p><strong>Brand: <\/strong>Nedis<br \/>\n<strong>EAN: <\/strong>5412810320707<br \/>\n<strong>Producentens varenr.:<\/strong> 5412810320707<\/p>\n<p><strong>P.S.<\/strong><br \/>\nTilmeld dig til &#8220;Opret Gratis Prisfald Alarm&#8221;, og bliv underrettet med det samme om prisfald p\u00e5 Nedis &#8211; Elkedel | 1.7 l | Glas | Gennemsigtig | 60,70,80,90,100 \u00b0C | Temperaturindikator | Drejelig 360 grader | Skjult varmeelement | Strix\u00ae-controller | Beskyttelse mod koget\u00f8rring &#8211; KAWK320EGS, og f\u00e5 den billigste pris!<\/p>\n<p>&nbsp;<\/p>\n<p>&nbsp;<\/p>\n","protected":false},"excerpt":{"rendered":"<p>K\u00f8b billig Nedis &#8211; Elkedel | 1.7 l | Glas | Gennemsigtig | 60,70,80,90,100 \u00b0C | Temperaturindikator | Drejelig 360 grader | Skjult varmeelement | Strix\u00ae-controller | Beskyttelse mod koget\u00f8rring &#8211; KAWK320EGS! Oplev en kombination af stil og funktionalitet med Nedis elkedel, der rummer 1,7 liter og bringer dit vand hurtigt i kog takket v\u00e6re [&hellip;]<\/p>\n","protected":false},"featured_media":0,"template":"","meta":[],"store":[1272516],"product_brand":[1272517],"product_cat":[1272453],"product_tag":[1272769,1275178],"class_list":{"0":"post-446751","1":"product","2":"type-product","3":"status-publish","5":"store-butik24","6":"product_brand-nedis","7":"product_cat-kaffe-og-te","8":"product_tag-kaffe-og-te","9":"product_tag-nedis","10":"pa_maerke-nedis","12":"first","13":"instock","14":"product-type-external"},"_links":{"self":[{"href":"https:\/\/www.pricetornado.com\/da\/wp-json\/wp\/v2\/product\/446751","targetHints":{"allow":["GET"]}}],"collection":[{"href":"https:\/\/www.pricetornado.com\/da\/wp-json\/wp\/v2\/product"}],"about":[{"href":"https:\/\/www.pricetornado.com\/da\/wp-json\/wp\/v2\/types\/product"}],"wp:attachment":[{"href":"https:\/\/www.pricetornado.com\/da\/wp-json\/wp\/v2\/media?parent=446751"}],"wp:term":[{"taxonomy":"store","embeddable":true,"href":"https:\/\/www.pricetornado.com\/da\/wp-json\/wp\/v2\/store?post=446751"},{"taxonomy":"product_brand","embeddable":true,"href":"https:\/\/www.pricetornado.com\/da\/wp-json\/wp\/v2\/product_brand?post=446751"},{"taxonomy":"product_cat","embeddable":true,"href":"https:\/\/www.pricetornado.com\/da\/wp-json\/wp\/v2\/product_cat?post=446751"},{"taxonomy":"product_tag","embeddable":true,"href":"https:\/\/www.pricetornado.com\/da\/wp-json\/wp\/v2\/product_tag?post=446751"}],"curies":[{"name":"wp","href":"https:\/\/api.w.org\/{rel}","templated":true}]}}