{"id":446742,"date":"2025-02-20T14:45:50","date_gmt":"2025-02-20T13:45:50","guid":{"rendered":"https:\/\/www.pricetornado.com\/da\/produkt\/imperial-dabman-i510-bt-multifunktionsradio-dab-fm-internet-bluetooth-sort-22-253-00\/"},"modified":"2026-04-18T03:30:18","modified_gmt":"2026-04-18T01:30:18","slug":"imperial-dabman-i510-bt-multifunktionsradio-dab-fm-internet-bluetooth-sort-22-253-00","status":"publish","type":"product","link":"https:\/\/www.pricetornado.com\/da\/produkt\/imperial-dabman-i510-bt-multifunktionsradio-dab-fm-internet-bluetooth-sort-22-253-00\/","title":{"rendered":"Imperial &#8211; DABMAN i510 BT Multifunktionsradio DAB+ \/ FM \/ Internet \/ Bluetooth Sort &#8211; 22-253-00"},"content":{"rendered":"<p>K\u00f8b billig Imperial &#8211; DABMAN i510 BT Multifunktionsradio DAB+ \/ FM \/ Internet \/ Bluetooth Sort &#8211; 22-253-00!<br \/>\nImperial DABMAN i510 BT opgraderer ethvert HiFi-system til det 21. \u00e5rhundrede med et v\u00e6ld af moderne funktioner. Denne hybridradio modtager DAB+- og FM-radio samt internetradio, hvilket giver adgang til over 500 stationer verden over. Radioen fungerer ogs\u00e5 som netv\u00e6rksafspiller og tilbyder direkte adgang til popul\u00e6re streamingtjenester som Amazon Music, Deezer, Tidal, Napster, qobuz, Soundmachine, Calm Radio og HighRes Audio (med underst\u00f8ttelse af FLAC for h\u00f8jopl\u00f8st lyd).Avancerede tilslutningsmuligheder med Bluetooth 5.1Den integrerede Bluetooth 5.1-gr\u00e6nseflade underst\u00f8tter b\u00e5de sender- og modtagerfunktion, s\u00e5 du nemt kan streame musik tr\u00e5dl\u00f8st fra eller til din mobiltelefon og tablet. DABMAN i510 BT tilbyder desuden 2,4 GHz Wi-Fi, LAN-port, USB 2.0 (til b\u00e5de afspilning og optagelse) samt digitale lydudgange (optisk og coaxial) for fleksible tilslutninger til dit HiFi-setup.Radioen kan intuitivt betjenes enten via den medf\u00f8lgende fjernbetjening eller ved hj\u00e6lp af den gratis Soundmate-app til iOS og Android-enheder. Det store 3,2&quot; TFT-farvedisplay viser stationer, musikoplysninger og har menu p\u00e5 flere sprog, hvilket g\u00f8r betjeningen nem og overskuelig.DABMAN i510 BT g\u00f8r det muligt at optage radiostr\u00f8mme direkte p\u00e5 et USB-lager. Afspilning af musik underst\u00f8ttes i formaterne MP3, WMA og FLAC, hvilket giver stor fleksibilitet, uanset om du lytter live eller afspiller dine favoritnumre fra eksternt medie.Radioen har et elegant og tidl\u00f8st kabinet i klassisk 43 cm format, der passer til de fleste HiFi-milj\u00f8er. Praktisk hoteltilstand muligg\u00f8r l\u00e5sning af indstillinger, s\u00e5 uautoriserede brugere ikke kan \u00e6ndre dem \u2013 ideelt til delte eller offentlige rum.Direkte adgang til streamingtjenester (Amazon Music, Deezer, Tidal, m.fl.)Bluetooth 5.1 med sender- og modtagerfunktion2,4 GHz Wi-Fi, LAN-port og USB 2.0 (afspilning\/optagelse)Med Imperial DABMAN i510 BT f\u00e5r du en komplet, brugervenlig og moderne radiol\u00f8sning med avancerede streamingmuligheder, intuitiv betjening og h\u00f8j lydkvalitet. Perfekt til b\u00e5de hjemmet og kontoret. og find den ideelle radiol\u00f8sning til dine behov.<\/p>\n<p>Sammenlign priser p\u00e5 Imperial &#8211; DABMAN i510 BT Multifunktionsradio DAB+ \/ FM \/ Internet \/ Bluetooth Sort &#8211; 22-253-00 og k\u00f8b online til den billigste pris, samt p\u00e5 tilbud!\u00a0\u00a0Tjek den bedste pris, produkt beskrivelse, video, test, anmeldelser osv.<\/p>\n<p><strong>Brand: <\/strong>Imperial<br \/>\n<strong>EAN: <\/strong>4024035002538<br \/>\n<strong>Producentens varenr.:<\/strong> 4024035002538<\/p>\n<p><strong>P.S.<\/strong><br \/>\nTilmeld dig til &#8220;Opret Gratis Prisfald Alarm&#8221;, og bliv underrettet med det samme om prisfald p\u00e5 Imperial &#8211; DABMAN i510 BT Multifunktionsradio DAB+ \/ FM \/ Internet \/ Bluetooth Sort &#8211; 22-253-00, og f\u00e5 den billigste pris!<\/p>\n<p>&nbsp;<\/p>\n<p>&nbsp;<\/p>\n","protected":false},"excerpt":{"rendered":"<p>K\u00f8b billig Imperial &#8211; DABMAN i510 BT Multifunktionsradio DAB+ \/ FM \/ Internet \/ Bluetooth Sort &#8211; 22-253-00! Imperial DABMAN i510 BT opgraderer ethvert HiFi-system til det 21. \u00e5rhundrede med et v\u00e6ld af moderne funktioner. Denne hybridradio modtager DAB+- og FM-radio samt internetradio, hvilket giver adgang til over 500 stationer verden over. Radioen fungerer ogs\u00e5 [&hellip;]<\/p>\n","protected":false},"featured_media":999980000004467420,"template":"","meta":[],"store":[1272516],"product_brand":[1272525],"product_cat":[1272439],"product_tag":[1275182,1272694],"class_list":{"0":"post-446742","1":"product","2":"type-product","3":"status-publish","4":"has-post-thumbnail","6":"store-butik24","7":"product_brand-imperial","8":"product_cat-radio-2","9":"product_tag-imperial","10":"product_tag-radio","11":"pa_maerke-imperial","13":"first","14":"instock","15":"product-type-external"},"_links":{"self":[{"href":"https:\/\/www.pricetornado.com\/da\/wp-json\/wp\/v2\/product\/446742","targetHints":{"allow":["GET"]}}],"collection":[{"href":"https:\/\/www.pricetornado.com\/da\/wp-json\/wp\/v2\/product"}],"about":[{"href":"https:\/\/www.pricetornado.com\/da\/wp-json\/wp\/v2\/types\/product"}],"wp:featuredmedia":[{"embeddable":true,"href":"https:\/\/www.pricetornado.com\/da\/wp-json\/"}],"wp:attachment":[{"href":"https:\/\/www.pricetornado.com\/da\/wp-json\/wp\/v2\/media?parent=446742"}],"wp:term":[{"taxonomy":"store","embeddable":true,"href":"https:\/\/www.pricetornado.com\/da\/wp-json\/wp\/v2\/store?post=446742"},{"taxonomy":"product_brand","embeddable":true,"href":"https:\/\/www.pricetornado.com\/da\/wp-json\/wp\/v2\/product_brand?post=446742"},{"taxonomy":"product_cat","embeddable":true,"href":"https:\/\/www.pricetornado.com\/da\/wp-json\/wp\/v2\/product_cat?post=446742"},{"taxonomy":"product_tag","embeddable":true,"href":"https:\/\/www.pricetornado.com\/da\/wp-json\/wp\/v2\/product_tag?post=446742"}],"curies":[{"name":"wp","href":"https:\/\/api.w.org\/{rel}","templated":true}]}}