{"id":446741,"date":"2025-02-27T08:07:31","date_gmt":"2025-02-27T07:07:31","guid":{"rendered":"https:\/\/www.pricetornado.com\/da\/produkt\/imperial-i105-wlan-internetradio-med-24-tommer-farveskaerm-sort-22-315-00\/"},"modified":"2026-04-29T10:10:31","modified_gmt":"2026-04-29T08:10:31","slug":"imperial-i105-wlan-internetradio-med-24-tommer-farveskaerm-sort-22-315-00","status":"publish","type":"product","link":"https:\/\/www.pricetornado.com\/da\/produkt\/imperial-i105-wlan-internetradio-med-24-tommer-farveskaerm-sort-22-315-00\/","title":{"rendered":"Imperial &#8211; i105 WLAN internetradio med 2,4 tommer farvesk\u00e6rm Sort &#8211; 22-315-00"},"content":{"rendered":"<p>K\u00f8b billig Imperial &#8211; i105 WLAN internetradio med 2,4 tommer farvesk\u00e6rm Sort &#8211; 22-315-00!<br \/>\nImperial i105 WLAN internetradio er en kompakt og brugervenlig l\u00f8sning til dig, der \u00f8nsker nem adgang til tusindvis af radiostationer og musik i h\u00f8j kvalitet. Med et tydeligt 2,4 tommer farvedisplay f\u00e5r du ikke kun vist klokkesl\u00e6t og stationsinformationer, men ogs\u00e5 nyttige ekstra data som aktuelle vejrforhold. Radioen har et stilrent sort design og er ideel til bordbrug b\u00e5de i hjemmet og p\u00e5 kontoret. Den lette v\u00e6gt p\u00e5 kun 560 gram og kompakte st\u00f8rrelse g\u00f8r den nem at flytte rundt p\u00e5 og praktisk til daglig brug.Med Imperial i105 kan du v\u00e6lge mellem mere end 25.000 internetradiostationer via Wi-Fi, som underst\u00f8tter standarderne 802.11b\/g\/n. Radioen fungerer b\u00e5de som internetradio og USB-medieafspiller, s\u00e5 du kan afspille musik i forskellige formater som MP3, WMA, AAC og AAC+ fra USB-enheder eller via DLNA-streaming. En integreret AUX-indgang g\u00f8r det muligt at tilslutte eksterne lydkilder efter behov. Navigationen gennem menuerne foreg\u00e5r hurtigt og enkelt via enten det overskuelige farvedisplay eller fjernbetjening gennem en smartphone-app. Menuerne underst\u00f8tter flere sprog.Imperial i105 har dimensionerne 239 mm (bredde), 92 mm (h\u00f8jde) og 110 mm (dybde), hvilket g\u00f8r den velegnet til bordbrug uden at optage meget plads. Den lave v\u00e6gt og robuste bygning g\u00f8r radioen nem og bekvem at transportere rundt i hjemmet eller p\u00e5 kontoret.Imperial i105 WLAN internetradio tilbyder et v\u00e6ld af moderne funktioner samlet i \u00e9n kompakt enhed: fremragende lyd, adgang til tusinder af internetradiostationer, fleksible afspilningsmuligheder samt praktiske dagligdagsfunktioner som alarm, USB-opladning og energibesparende drift. Udforsk flere smarte l\u00f8sninger fra og v\u00e6lg det produkt, der matcher dine behov.<\/p>\n<p>Sammenlign priser p\u00e5 Imperial &#8211; i105 WLAN internetradio med 2,4 tommer farvesk\u00e6rm Sort &#8211; 22-315-00 og k\u00f8b online til den billigste pris, samt p\u00e5 tilbud!\u00a0\u00a0Tjek den bedste pris, produkt beskrivelse, video, test, anmeldelser osv.<\/p>\n<p><strong>Brand: <\/strong>Imperial<br \/>\n<strong>EAN: <\/strong>4024035315003<br \/>\n<strong>Producentens varenr.:<\/strong> 4024035315003<\/p>\n<p><strong>P.S.<\/strong><br \/>\nTilmeld dig til &#8220;Opret Gratis Prisfald Alarm&#8221;, og bliv underrettet med det samme om prisfald p\u00e5 Imperial &#8211; i105 WLAN internetradio med 2,4 tommer farvesk\u00e6rm Sort &#8211; 22-315-00, og f\u00e5 den billigste pris!<\/p>\n<p>&nbsp;<\/p>\n<p>&nbsp;<\/p>\n","protected":false},"excerpt":{"rendered":"<p>K\u00f8b billig Imperial &#8211; i105 WLAN internetradio med 2,4 tommer farvesk\u00e6rm Sort &#8211; 22-315-00! Imperial i105 WLAN internetradio er en kompakt og brugervenlig l\u00f8sning til dig, der \u00f8nsker nem adgang til tusindvis af radiostationer og musik i h\u00f8j kvalitet. Med et tydeligt 2,4 tommer farvedisplay f\u00e5r du ikke kun vist klokkesl\u00e6t og stationsinformationer, men ogs\u00e5 [&hellip;]<\/p>\n","protected":false},"featured_media":999980000004467410,"template":"","meta":[],"store":[1272516],"product_brand":[1272525],"product_cat":[1272439],"product_tag":[1275182,1272694],"class_list":{"0":"post-446741","1":"product","2":"type-product","3":"status-publish","4":"has-post-thumbnail","6":"store-butik24","7":"product_brand-imperial","8":"product_cat-radio-2","9":"product_tag-imperial","10":"product_tag-radio","11":"pa_maerke-imperial","13":"first","14":"instock","15":"product-type-external"},"_links":{"self":[{"href":"https:\/\/www.pricetornado.com\/da\/wp-json\/wp\/v2\/product\/446741","targetHints":{"allow":["GET"]}}],"collection":[{"href":"https:\/\/www.pricetornado.com\/da\/wp-json\/wp\/v2\/product"}],"about":[{"href":"https:\/\/www.pricetornado.com\/da\/wp-json\/wp\/v2\/types\/product"}],"wp:featuredmedia":[{"embeddable":true,"href":"https:\/\/www.pricetornado.com\/da\/wp-json\/"}],"wp:attachment":[{"href":"https:\/\/www.pricetornado.com\/da\/wp-json\/wp\/v2\/media?parent=446741"}],"wp:term":[{"taxonomy":"store","embeddable":true,"href":"https:\/\/www.pricetornado.com\/da\/wp-json\/wp\/v2\/store?post=446741"},{"taxonomy":"product_brand","embeddable":true,"href":"https:\/\/www.pricetornado.com\/da\/wp-json\/wp\/v2\/product_brand?post=446741"},{"taxonomy":"product_cat","embeddable":true,"href":"https:\/\/www.pricetornado.com\/da\/wp-json\/wp\/v2\/product_cat?post=446741"},{"taxonomy":"product_tag","embeddable":true,"href":"https:\/\/www.pricetornado.com\/da\/wp-json\/wp\/v2\/product_tag?post=446741"}],"curies":[{"name":"wp","href":"https:\/\/api.w.org\/{rel}","templated":true}]}}