{"id":446736,"date":"2025-02-20T02:39:57","date_gmt":"2025-02-20T01:39:57","guid":{"rendered":"https:\/\/www.pricetornado.com\/da\/produkt\/nedis-traadloest-tv-hovedtelefoner-rf-over-ear-maksimal-batteritid-8-timer-25-m-digital-lyd-opladningsstation-sort-hprf321bk\/"},"modified":"2026-04-18T10:20:32","modified_gmt":"2026-04-18T08:20:32","slug":"nedis-traadloest-tv-hovedtelefoner-rf-over-ear-maksimal-batteritid-8-timer-25-m-digital-lyd-opladningsstation-sort-hprf321bk","status":"publish","type":"product","link":"https:\/\/www.pricetornado.com\/da\/produkt\/nedis-traadloest-tv-hovedtelefoner-rf-over-ear-maksimal-batteritid-8-timer-25-m-digital-lyd-opladningsstation-sort-hprf321bk\/","title":{"rendered":"Nedis &#8211; Tr\u00e5dl\u00f8st TV hovedtelefoner | RF | Over-Ear | Maksimal batteritid: 8 timer | 25 m | Digital lyd | Opladningsstation | Sort &#8211; HPRF321BK"},"content":{"rendered":"<p>K\u00f8b billig Nedis &#8211; Tr\u00e5dl\u00f8st TV hovedtelefoner | RF | Over-Ear | Maksimal batteritid: 8 timer | 25 m | Digital lyd | Opladningsstation | Sort &#8211; HPRF321BK!<br \/>\nSe og lyt til TV fuldt ud komfortabelt uden at forstyrre andre i rummet med disse tr\u00e5dl\u00f8se Nedis RF over-ear hovedtelefoner med opladerstation. Det bl\u00f8dt polstrede over-ear design og den justerbare hovedb\u00f8jle sikrer en behagelig pasform til mange timers brug.Opladerstationen underst\u00f8tter flere lydindgange, herunder optisk Toslink, COAX, RCA samt 3,5 mm indgang direkte p\u00e5 hovedtelefonerne. Dette g\u00f8r det nemt at tilslutte hovedtelefonerne til forskellige TV og lydkilder, s\u00e5 du kan opleve krystalklar digital lyd uden kabler.Med op til 8 timers spilletid pr. opladning kan du lytte uforstyrret til dit TV. Oplad hovedtelefonerne nemt via den medf\u00f8lgende dockingstation, som fuldt oplader p\u00e5 cirka 5 timer. For at spare str\u00f8m slukker systemet automatisk for RF-transmissionen efter 5 minutters inaktivitet, og hovedtelefonerne har en standbytid p\u00e5 op til 120 timer.Juster nemt lydstyrken direkte p\u00e5 hovedtelefonerne for optimal lyttekomfort. En automatisk d\u00e6mpningsfunktion optimerer signalstyrken for b\u00e5de mobile og station\u00e6re enheder og reducerer forvr\u00e6ngning. Kontinuerlig frekvensskift minimerer forstyrrelser og sikrer privat lytning. LED-indikatorer giver dig overblik over opladning, str\u00f8mstatus og optisk input.Op til 8 timers batteritid og ca. 5 timers opladningstidDisse tr\u00e5dl\u00f8se Nedis TV-hovedtelefoner kombinerer komfort, fleksibilitet og smart teknologi, s\u00e5 du kan nyde TV og lyd i topkvalitet p\u00e5 dine egne pr\u00e6misser. Se flere lignende produkter i vores udvalg af .<\/p>\n<p>Sammenlign priser p\u00e5 Nedis &#8211; Tr\u00e5dl\u00f8st TV hovedtelefoner | RF | Over-Ear | Maksimal batteritid: 8 timer | 25 m | Digital lyd | Opladningsstation | Sort &#8211; HPRF321BK og k\u00f8b online til den billigste pris, samt p\u00e5 tilbud!\u00a0\u00a0Tjek den bedste pris, produkt beskrivelse, video, test, anmeldelser osv.<\/p>\n<p><strong>Brand: <\/strong>Nedis<br \/>\n<strong>EAN: <\/strong>5412810412181<br \/>\n<strong>Producentens varenr.:<\/strong> 5412810412181<\/p>\n<p><strong>P.S.<\/strong><br \/>\nTilmeld dig til &#8220;Opret Gratis Prisfald Alarm&#8221;, og bliv underrettet med det samme om prisfald p\u00e5 Nedis &#8211; Tr\u00e5dl\u00f8st TV hovedtelefoner | RF | Over-Ear | Maksimal batteritid: 8 timer | 25 m | Digital lyd | Opladningsstation | Sort &#8211; HPRF321BK, og f\u00e5 den billigste pris!<\/p>\n<p>&nbsp;<\/p>\n<p>&nbsp;<\/p>\n","protected":false},"excerpt":{"rendered":"<p>K\u00f8b billig Nedis &#8211; Tr\u00e5dl\u00f8st TV hovedtelefoner | RF | Over-Ear | Maksimal batteritid: 8 timer | 25 m | Digital lyd | Opladningsstation | Sort &#8211; HPRF321BK! Se og lyt til TV fuldt ud komfortabelt uden at forstyrre andre i rummet med disse tr\u00e5dl\u00f8se Nedis RF over-ear hovedtelefoner med opladerstation. Det bl\u00f8dt polstrede over-ear [&hellip;]<\/p>\n","protected":false},"featured_media":999980000004467360,"template":"","meta":[],"store":[1272516],"product_brand":[1272517],"product_cat":[1272434],"product_tag":[1272843,1275178],"class_list":{"0":"post-446736","1":"product","2":"type-product","3":"status-publish","4":"has-post-thumbnail","6":"store-butik24","7":"product_brand-nedis","8":"product_cat-hovedtelefoner","9":"product_tag-hovedtelefoner","10":"product_tag-nedis","11":"pa_maerke-nedis","13":"first","14":"instock","15":"product-type-external"},"_links":{"self":[{"href":"https:\/\/www.pricetornado.com\/da\/wp-json\/wp\/v2\/product\/446736","targetHints":{"allow":["GET"]}}],"collection":[{"href":"https:\/\/www.pricetornado.com\/da\/wp-json\/wp\/v2\/product"}],"about":[{"href":"https:\/\/www.pricetornado.com\/da\/wp-json\/wp\/v2\/types\/product"}],"wp:featuredmedia":[{"embeddable":true,"href":"https:\/\/www.pricetornado.com\/da\/wp-json\/"}],"wp:attachment":[{"href":"https:\/\/www.pricetornado.com\/da\/wp-json\/wp\/v2\/media?parent=446736"}],"wp:term":[{"taxonomy":"store","embeddable":true,"href":"https:\/\/www.pricetornado.com\/da\/wp-json\/wp\/v2\/store?post=446736"},{"taxonomy":"product_brand","embeddable":true,"href":"https:\/\/www.pricetornado.com\/da\/wp-json\/wp\/v2\/product_brand?post=446736"},{"taxonomy":"product_cat","embeddable":true,"href":"https:\/\/www.pricetornado.com\/da\/wp-json\/wp\/v2\/product_cat?post=446736"},{"taxonomy":"product_tag","embeddable":true,"href":"https:\/\/www.pricetornado.com\/da\/wp-json\/wp\/v2\/product_tag?post=446736"}],"curies":[{"name":"wp","href":"https:\/\/api.w.org\/{rel}","templated":true}]}}