{"id":446735,"date":"2025-02-25T05:22:27","date_gmt":"2025-02-25T04:22:27","guid":{"rendered":"https:\/\/www.pricetornado.com\/da\/produkt\/scanpan-28-cm-sauterpande-med-glaslaag-ctx\/"},"modified":"2026-04-20T02:20:40","modified_gmt":"2026-04-20T00:20:40","slug":"scanpan-28-cm-sauterpande-med-glaslaag-ctx","status":"publish","type":"product","link":"https:\/\/www.pricetornado.com\/da\/produkt\/scanpan-28-cm-sauterpande-med-glaslaag-ctx\/","title":{"rendered":"Scanpan 28 cm sauterpande med glasl\u00e5g- CTX"},"content":{"rendered":"<p>K\u00f8b billig Scanpan 28 cm sauterpande med glasl\u00e5g- CTX!<br \/>\nScanpan CTX 28 cm sauterpande er skabt i minimalistisk, dansk design og produceret p\u00e5 Scanpans fabrik i Ryomg\u00e5rd p\u00e5 Djursland. Sauterpanden kombinerer elegante materialer med brugervenlig funktionalitet og lang levetid. Det udvendige b\u00f8rstede st\u00e5l st\u00e5r skarpt til det sorte indre og giver et eksklusivt udtryk i ethvert k\u00f8kken.Panden er fremstillet med en avanceret 5-lags konstruktion, som inkluderer st\u00e5l for holdbarhed og induktionskompatibilitet samt en kerne af aluminium for fremragende varmelederevne. Dette sikrer en optimal og j\u00e6vn varmefordeling, s\u00e5 du opn\u00e5r perfekte resultater hver gang.Scanpan CTX-serien er udstyret med Scanpans kendte Stratanium non-stick bel\u00e6gning, som er b\u00e5de ekstra slidst\u00e6rk, nem at reng\u00f8re og sikker at anvende med metalredskaber. Bel\u00e6gningen er PFOA-fri for sikker og kemikaliefri madlavning. Sauterpanden er desuden forsynet med et ergonomisk h\u00e5ndtag i rustfrit st\u00e5l, der giver et sikkert greb og forbliver k\u00f8ligt under brug. Et ekstra greb g\u00f8r det nemt at l\u00f8fte panden, selv n\u00e5r den er fuld.Sauterpanden er velegnet til alle komfurtyper \u2013 ogs\u00e5 induktion \u2013 og t\u00e5ler brug i ovn op til 250\u00b0C, hvilket giver masser af muligheder for varieret madlavning s\u00e5som sautering, stegning og bruning. Det medf\u00f8lgende tempererede glasl\u00e5g med st\u00e5lramme g\u00f8r det nemt at f\u00f8lge madlavningen, mens fugten bevares optimalt.Sauterpanden t\u00e5ler opvaskemaskine, men vi anbefaler h\u00e5ndvask med opvaskemiddel for at bevare det flotte udtryk l\u00e6ngst muligt. Scanpan CTX leveres med livstidsgaranti mod fabrikationsfejl for ekstra tryghed.Velegnet til alle komfurtyper inkl. induktionS\u00f8rg for at reng\u00f8re non-stick bel\u00e6gningen med opvaskemiddel og undg\u00e5 hurtige temperatur\u00e6ndringer for at bevare produktets holdbarhed. Scanpan CTX er et oplagt valg, hvis du \u00f8nsker kvalitet og funktionalitet i s\u00e6rklasse i dit k\u00f8kken..<\/p>\n<p>Sammenlign priser p\u00e5 Scanpan 28 cm sauterpande med glasl\u00e5g- CTX og k\u00f8b online til den billigste pris, samt p\u00e5 tilbud!\u00a0\u00a0Tjek den bedste pris, produkt beskrivelse, video, test, anmeldelser osv.<\/p>\n<p><strong>Brand: <\/strong>Scanpan<br \/>\n<strong>EAN: <\/strong>083421651280<br \/>\n<strong>Producentens varenr.:<\/strong> 083421651280<\/p>\n<p><strong>P.S.<\/strong><br \/>\nTilmeld dig til &#8220;Opret Gratis Prisfald Alarm&#8221;, og bliv underrettet med det samme om prisfald p\u00e5 Scanpan 28 cm sauterpande med glasl\u00e5g- CTX, og f\u00e5 den billigste pris!<\/p>\n<p>&nbsp;<\/p>\n<p>&nbsp;<\/p>\n","protected":false},"excerpt":{"rendered":"<p>K\u00f8b billig Scanpan 28 cm sauterpande med glasl\u00e5g- CTX! Scanpan CTX 28 cm sauterpande er skabt i minimalistisk, dansk design og produceret p\u00e5 Scanpans fabrik i Ryomg\u00e5rd p\u00e5 Djursland. Sauterpanden kombinerer elegante materialer med brugervenlig funktionalitet og lang levetid. Det udvendige b\u00f8rstede st\u00e5l st\u00e5r skarpt til det sorte indre og giver et eksklusivt udtryk i [&hellip;]<\/p>\n","protected":false},"featured_media":999980000004467350,"template":"","meta":[],"store":[1272516],"product_brand":[1272521],"product_cat":[1272410],"product_tag":[1272681,1275184],"class_list":{"0":"post-446735","1":"product","2":"type-product","3":"status-publish","4":"has-post-thumbnail","6":"store-butik24","7":"product_brand-scanpan","8":"product_cat-koekkengrej","9":"product_tag-koekkengrej","10":"product_tag-scanpan","11":"pa_maerke-scanpan","13":"first","14":"instock","15":"product-type-external"},"_links":{"self":[{"href":"https:\/\/www.pricetornado.com\/da\/wp-json\/wp\/v2\/product\/446735","targetHints":{"allow":["GET"]}}],"collection":[{"href":"https:\/\/www.pricetornado.com\/da\/wp-json\/wp\/v2\/product"}],"about":[{"href":"https:\/\/www.pricetornado.com\/da\/wp-json\/wp\/v2\/types\/product"}],"wp:featuredmedia":[{"embeddable":true,"href":"https:\/\/www.pricetornado.com\/da\/wp-json\/"}],"wp:attachment":[{"href":"https:\/\/www.pricetornado.com\/da\/wp-json\/wp\/v2\/media?parent=446735"}],"wp:term":[{"taxonomy":"store","embeddable":true,"href":"https:\/\/www.pricetornado.com\/da\/wp-json\/wp\/v2\/store?post=446735"},{"taxonomy":"product_brand","embeddable":true,"href":"https:\/\/www.pricetornado.com\/da\/wp-json\/wp\/v2\/product_brand?post=446735"},{"taxonomy":"product_cat","embeddable":true,"href":"https:\/\/www.pricetornado.com\/da\/wp-json\/wp\/v2\/product_cat?post=446735"},{"taxonomy":"product_tag","embeddable":true,"href":"https:\/\/www.pricetornado.com\/da\/wp-json\/wp\/v2\/product_tag?post=446735"}],"curies":[{"name":"wp","href":"https:\/\/api.w.org\/{rel}","templated":true}]}}