{"id":446722,"date":"2025-02-24T03:26:42","date_gmt":"2025-02-24T02:26:42","guid":{"rendered":"https:\/\/www.pricetornado.com\/da\/produkt\/nedis-dummy-security-sirene-ip44-batteri-udendoers-hvid-orange-dumss20wt\/"},"modified":"2026-04-17T11:20:18","modified_gmt":"2026-04-17T09:20:18","slug":"nedis-dummy-security-sirene-ip44-batteri-udendoers-hvid-orange-dumss20wt","status":"publish","type":"product","link":"https:\/\/www.pricetornado.com\/da\/produkt\/nedis-dummy-security-sirene-ip44-batteri-udendoers-hvid-orange-dumss20wt\/","title":{"rendered":"Nedis &#8211; Dummy Security Sirene | IP44 | Batteri | Udend\u00f8rs | Hvid \/ Orange &#8211; DUMSS20WT"},"content":{"rendered":"<p>K\u00f8b billig Nedis &#8211; Dummy Security Sirene | IP44 | Batteri | Udend\u00f8rs | Hvid \/ Orange &#8211; DUMSS20WT!<br \/>\nEn dummy udend\u00f8rs alarmsirene er en effektiv og \u00f8konomisk l\u00f8sning til at afskr\u00e6kke ubudne g\u00e6ster. Sirenen har et professionelt design med indbygget blinkende LED, som imiterer en aktiv alarm og skaber ekstra tryghed omkring hjemmet eller virksomheden.Installationen er enkel \u2013 alarmsirenen leveres med medf\u00f8lgende monteringshardware og sticker, s\u00e5 den hurtigt kan placeres, hvor der er behov for det. Der er ikke behov for ledningsf\u00f8ring, da den drives af 3 standard AA-batterier (LR6), hvilket g\u00f8r placeringen fleksibel og uafh\u00e6ngig af str\u00f8mudtag.Alarmsirenen vejer blot 0,65 kg og f\u00e5s i kompakte st\u00f8rrelser med dimensioner, der varierer efter model, hvilket g\u00f8r det nemt at placere den diskret.Ud over udskiftning af batterier kr\u00e6ver alarmsirenen ingen s\u00e6rlige vedligeholdelsesrutiner. Der er ingen krav om opladning eller avanceret teknisk support.<\/p>\n<p>Sammenlign priser p\u00e5 Nedis &#8211; Dummy Security Sirene | IP44 | Batteri | Udend\u00f8rs | Hvid \/ Orange &#8211; DUMSS20WT og k\u00f8b online til den billigste pris, samt p\u00e5 tilbud!\u00a0\u00a0Tjek den bedste pris, produkt beskrivelse, video, test, anmeldelser osv.<\/p>\n<p><strong>Brand: <\/strong>Nedis<br \/>\n<strong>EAN: <\/strong>5412810269655<br \/>\n<strong>Producentens varenr.:<\/strong> 5412810269655<\/p>\n<p><strong>P.S.<\/strong><br \/>\nTilmeld dig til &#8220;Opret Gratis Prisfald Alarm&#8221;, og bliv underrettet med det samme om prisfald p\u00e5 Nedis &#8211; Dummy Security Sirene | IP44 | Batteri | Udend\u00f8rs | Hvid \/ Orange &#8211; DUMSS20WT, og f\u00e5 den billigste pris!<\/p>\n<p>&nbsp;<\/p>\n<p>&nbsp;<\/p>\n","protected":false},"excerpt":{"rendered":"<p>K\u00f8b billig Nedis &#8211; Dummy Security Sirene | IP44 | Batteri | Udend\u00f8rs | Hvid \/ Orange &#8211; DUMSS20WT! En dummy udend\u00f8rs alarmsirene er en effektiv og \u00f8konomisk l\u00f8sning til at afskr\u00e6kke ubudne g\u00e6ster. Sirenen har et professionelt design med indbygget blinkende LED, som imiterer en aktiv alarm og skaber ekstra tryghed omkring hjemmet eller [&hellip;]<\/p>\n","protected":false},"featured_media":999980000004467220,"template":"","meta":[],"store":[1272516],"product_brand":[1272517],"product_cat":[1272447],"product_tag":[1274040,1275178],"class_list":{"0":"post-446722","1":"product","2":"type-product","3":"status-publish","4":"has-post-thumbnail","6":"store-butik24","7":"product_brand-nedis","8":"product_cat-forebyggelse","9":"product_tag-forebyggelse","10":"product_tag-nedis","11":"pa_maerke-nedis","13":"first","14":"instock","15":"product-type-external"},"_links":{"self":[{"href":"https:\/\/www.pricetornado.com\/da\/wp-json\/wp\/v2\/product\/446722","targetHints":{"allow":["GET"]}}],"collection":[{"href":"https:\/\/www.pricetornado.com\/da\/wp-json\/wp\/v2\/product"}],"about":[{"href":"https:\/\/www.pricetornado.com\/da\/wp-json\/wp\/v2\/types\/product"}],"wp:featuredmedia":[{"embeddable":true,"href":"https:\/\/www.pricetornado.com\/da\/wp-json\/"}],"wp:attachment":[{"href":"https:\/\/www.pricetornado.com\/da\/wp-json\/wp\/v2\/media?parent=446722"}],"wp:term":[{"taxonomy":"store","embeddable":true,"href":"https:\/\/www.pricetornado.com\/da\/wp-json\/wp\/v2\/store?post=446722"},{"taxonomy":"product_brand","embeddable":true,"href":"https:\/\/www.pricetornado.com\/da\/wp-json\/wp\/v2\/product_brand?post=446722"},{"taxonomy":"product_cat","embeddable":true,"href":"https:\/\/www.pricetornado.com\/da\/wp-json\/wp\/v2\/product_cat?post=446722"},{"taxonomy":"product_tag","embeddable":true,"href":"https:\/\/www.pricetornado.com\/da\/wp-json\/wp\/v2\/product_tag?post=446722"}],"curies":[{"name":"wp","href":"https:\/\/api.w.org\/{rel}","templated":true}]}}