{"id":446717,"date":"2025-02-25T13:39:56","date_gmt":"2025-02-25T12:39:56","guid":{"rendered":"https:\/\/www.pricetornado.com\/da\/produkt\/nedis-smartlife-vandpumpe-wi-fi-batteri-usb-drevet-ipx3-maksimalt-vandtryk-0-3-bar-android-ios-wifiwp10gy\/"},"modified":"2026-04-08T01:32:09","modified_gmt":"2026-04-07T23:32:09","slug":"nedis-smartlife-vandpumpe-wi-fi-batteri-usb-drevet-ipx3-maksimalt-vandtryk-0-3-bar-android-ios-wifiwp10gy","status":"publish","type":"product","link":"https:\/\/www.pricetornado.com\/da\/produkt\/nedis-smartlife-vandpumpe-wi-fi-batteri-usb-drevet-ipx3-maksimalt-vandtryk-0-3-bar-android-ios-wifiwp10gy\/","title":{"rendered":"Nedis &#8211; SmartLife vandpumpe | Wi-Fi | Batteri \/ USB Drevet | IPX3 | Maksimalt vandtryk: 0.3 Bar | Android\u2122 \/ IOS &#8211; WIFIWP10GY"},"content":{"rendered":"<p>K\u00f8b billig Nedis &#8211; SmartLife vandpumpe | Wi-Fi | Batteri \/ USB Drevet | IPX3 | Maksimalt vandtryk: 0.3 Bar | Android\u2122 \/ IOS &#8211; WIFIWP10GY!<br \/>\nOplev nem og p\u00e5lidelig plantepleje med Nedis SmartLife vandpumpen, der sikrer, at dine planter altid f\u00e5r den rette m\u00e6ngde vand. Med det smarte og brugervenlige vandingssystem beh\u00f8ver du aldrig bekymre dig om t\u00f8rstige planter \u2013 heller ikke n\u00e5r du er p\u00e5 ferie.Styr vandpumpen tr\u00e5dl\u00f8st via Nedis SmartLife-appen, som findes til b\u00e5de Android og iOS. Her kan du oprette fleksible vandingsplaner, v\u00e6lge varigheder fra 6 sekunder op til 30 minutter og gentage dem hver time, dag eller uge. Du kan ogs\u00e5 aktivere manuel vanding n\u00e5r som helst, uanset hvor du befinder dig.Pumpen er fremstillet af let plast, hvilket g\u00f8r den nem at transportere og placere n\u00e6r forskellige planter \u2013 b\u00e5de inde og ude. Brug de medf\u00f8lgende 10 meter slange og alt n\u00f8dvendigt tilbeh\u00f8r for at d\u00e6kke alle dine planter og tilslut til en vandbeholder efter eget valg, som f.eks. spand, flaske eller vandkande.Nedis SmartLife vandpumpen kan drives b\u00e5de med USB og med 4 AA-batterier (medf\u00f8lger ikke), s\u00e5 du har maksimal fleksibilitet. N\u00e5r pumpen k\u00f8rer p\u00e5 batterier, g\u00e5r den offline for at spare str\u00f8m, men forts\u00e6tter automatisk med den forudindstillede tidsplan uden behov for Wi-Fi-forbindelse.Genererer et vandtryk p\u00e5 over 2 bar, hvilket g\u00f8r den kraftfuld nok til at pumpe vand op til 3 meter i h\u00f8jden.Gennemsnitlig vandgennemstr\u00f8mning p\u00e5 ca. 500 ml pr. minut \u2013 ideelt til konstant og n\u00f8jagtig vanding.Kompatibel med hele Nedis SmartLife-systemet for fuld automatisering baseret p\u00e5 tid, solnedgang, vejrforhold eller andre SmartLife-enheder.IPX3-klassificering beskytter mod vandspr\u00f8jt, s\u00e5 pumpen kan bruges indend\u00f8rs og i haven.Sikker drift inden for temperaturomr\u00e5der fra 3\u00b0C til 50\u00b0C og luftfugtighed fra 0% til 90%.Med Nedis SmartLife vandpumpen f\u00e5r du en p\u00e5lidelig og brugervenlig l\u00f8sning, der holder dine planter sunde og gr\u00f8nne \u2013 \u00e5ret rundt. Se hele udvalget af her hos Butik24.<\/p>\n<p>Sammenlign priser p\u00e5 Nedis &#8211; SmartLife vandpumpe | Wi-Fi | Batteri \/ USB Drevet | IPX3 | Maksimalt vandtryk: 0.3 Bar | Android\u2122 \/ IOS &#8211; WIFIWP10GY og k\u00f8b online til den billigste pris, samt p\u00e5 tilbud!\u00a0\u00a0Tjek den bedste pris, produkt beskrivelse, video, test, anmeldelser osv.<\/p>\n<p><strong>Brand: <\/strong>Nedis<br \/>\n<strong>EAN: <\/strong>5412810334384<br \/>\n<strong>Producentens varenr.:<\/strong> 5412810334384<\/p>\n<p><strong>P.S.<\/strong><br \/>\nTilmeld dig til &#8220;Opret Gratis Prisfald Alarm&#8221;, og bliv underrettet med det samme om prisfald p\u00e5 Nedis &#8211; SmartLife vandpumpe | Wi-Fi | Batteri \/ USB Drevet | IPX3 | Maksimalt vandtryk: 0.3 Bar | Android\u2122 \/ IOS &#8211; WIFIWP10GY, og f\u00e5 den billigste pris!<\/p>\n<p>&nbsp;<\/p>\n<p>&nbsp;<\/p>\n","protected":false},"excerpt":{"rendered":"<p>K\u00f8b billig Nedis &#8211; SmartLife vandpumpe | Wi-Fi | Batteri \/ USB Drevet | IPX3 | Maksimalt vandtryk: 0.3 Bar | Android\u2122 \/ IOS &#8211; WIFIWP10GY! Oplev nem og p\u00e5lidelig plantepleje med Nedis SmartLife vandpumpen, der sikrer, at dine planter altid f\u00e5r den rette m\u00e6ngde vand. Med det smarte og brugervenlige vandingssystem beh\u00f8ver du aldrig [&hellip;]<\/p>\n","protected":false},"featured_media":0,"template":"","meta":[],"store":[1272516],"product_brand":[1272517],"product_cat":[1272491],"product_tag":[1272740,1275178],"class_list":{"0":"post-446717","1":"product","2":"type-product","3":"status-publish","5":"store-butik24","6":"product_brand-nedis","7":"product_cat-hjem-og-livstil","8":"product_tag-hjem-og-livstil","9":"product_tag-nedis","10":"pa_maerke-nedis","12":"first","13":"instock","14":"product-type-external"},"_links":{"self":[{"href":"https:\/\/www.pricetornado.com\/da\/wp-json\/wp\/v2\/product\/446717","targetHints":{"allow":["GET"]}}],"collection":[{"href":"https:\/\/www.pricetornado.com\/da\/wp-json\/wp\/v2\/product"}],"about":[{"href":"https:\/\/www.pricetornado.com\/da\/wp-json\/wp\/v2\/types\/product"}],"wp:attachment":[{"href":"https:\/\/www.pricetornado.com\/da\/wp-json\/wp\/v2\/media?parent=446717"}],"wp:term":[{"taxonomy":"store","embeddable":true,"href":"https:\/\/www.pricetornado.com\/da\/wp-json\/wp\/v2\/store?post=446717"},{"taxonomy":"product_brand","embeddable":true,"href":"https:\/\/www.pricetornado.com\/da\/wp-json\/wp\/v2\/product_brand?post=446717"},{"taxonomy":"product_cat","embeddable":true,"href":"https:\/\/www.pricetornado.com\/da\/wp-json\/wp\/v2\/product_cat?post=446717"},{"taxonomy":"product_tag","embeddable":true,"href":"https:\/\/www.pricetornado.com\/da\/wp-json\/wp\/v2\/product_tag?post=446717"}],"curies":[{"name":"wp","href":"https:\/\/api.w.org\/{rel}","templated":true}]}}