{"id":446714,"date":"2025-02-25T21:25:57","date_gmt":"2025-02-25T20:25:57","guid":{"rendered":"https:\/\/www.pricetornado.com\/da\/produkt\/nedis-motoriseret-tv-vaegbeslag-37-75-maksimal-vaegt-35-kg-kan-drejes-minimum-vaegafstand-153-mm-maksimal-vaegafstand-485-mm-fjernstyret-abs-staal-sort-tvwm5880bk\/"},"modified":"2026-04-17T03:40:30","modified_gmt":"2026-04-17T01:40:30","slug":"nedis-motoriseret-tv-vaegbeslag-37-75-maksimal-vaegt-35-kg-kan-drejes-minimum-vaegafstand-153-mm-maksimal-vaegafstand-485-mm-fjernstyret-abs-staal-sort-tvwm5880bk","status":"publish","type":"product","link":"https:\/\/www.pricetornado.com\/da\/produkt\/nedis-motoriseret-tv-vaegbeslag-37-75-maksimal-vaegt-35-kg-kan-drejes-minimum-vaegafstand-153-mm-maksimal-vaegafstand-485-mm-fjernstyret-abs-staal-sort-tvwm5880bk\/","title":{"rendered":"Nedis &#8211; Motoriseret TV V\u00e6gbeslag | 37 &#8211; 75 &quot; | Maksimal v\u00e6gt: 35 kg | Kan drejes | Minimum v\u00e6gafstand: 153 mm | Maksimal v\u00e6gafstand: 485 mm | Fjernstyret | ABS \/ St\u00e5l | Sort &#8211; TVWM5880BK"},"content":{"rendered":"<p>K\u00f8b billig Nedis &#8211; Motoriseret TV V\u00e6gbeslag | 37 &#8211; 75 &quot; | Maksimal v\u00e6gt: 35 kg | Kan drejes | Minimum v\u00e6gafstand: 153 mm | Maksimal v\u00e6gafstand: 485 mm | Fjernstyret | ABS \/ St\u00e5l | Sort &#8211; TVWM5880BK!<br \/>\nOplev den ultimative l\u00f8sning til din hjemmeunderholdning med dette Nedis smart Wi-Fi-motoriserede TV-v\u00e6gbeslag. Det er designet til at passe til de fleste TV-sk\u00e6rme fra 32&quot; til 75&quot;, hvilket sikrer bred kompatibilitet med din nuv\u00e6rende ops\u00e6tning. Beslaget underst\u00f8tter en maksimal v\u00e6gt p\u00e5 35 kg og giver dermed en tryg og stabil montering af dit v\u00e6rdifulde TV.Beslaget er udstyret med en st\u00f8jsvag motor og et avanceret gasfjedersystem, der muligg\u00f8r glatte, lydl\u00f8se justeringer. Den motoriserede mekanisme g\u00f8r det let at flytte TV\u2019et op eller ned samt rotere det horisontalt med et bev\u00e6gelsesomr\u00e5de p\u00e5 \u00b120\u00b0, s\u00e5 du altid kan opn\u00e5 den perfekte synsvinkel.Du beh\u00f8ver ingen separat hub \u2013 beslaget kobler problemfrit op til dit Wi-Fi-netv\u00e6rk og kan styres direkte via Nedis SmartLife-appen p\u00e5 din smartphone. Med den medf\u00f8lgende RF-fjernbetjening f\u00e5r du yderligere komfort takket v\u00e6re to programmerbare forudindstillede positioner, s\u00e5 du hurtigt kan skifte visningsvinkel med et enkelt tryk.Konstruktionen kombinerer holdbart st\u00e5l med lette ABS-plastkomponenter, hvilket giver optimal styrke og stabilitet. Styrketestede materialer og v\u00e6gtklassificerede komponenter sikrer, at dit TV h\u00e6nger sikkert og solidt p\u00e5 v\u00e6ggen.Det motoriserede beslag er perfekt, uanset om du vil placere dit TV centralt over pejsekaminen eller bruge det som fleksibel gaming-sk\u00e6rm. Bred rotations- og h\u00e6ldningsfunktion g\u00f8r det let at tilpasse synsvinklen efter situation og indretning. f\u00e5r du b\u00e5de innovativ teknologi og brugervenlighed, s\u00e5 du kan l\u00f8fte din underholdningsoplevelse til nye h\u00f8jder i dit hjem.<\/p>\n<p>Sammenlign priser p\u00e5 Nedis &#8211; Motoriseret TV V\u00e6gbeslag | 37 &#8211; 75 &quot; | Maksimal v\u00e6gt: 35 kg | Kan drejes | Minimum v\u00e6gafstand: 153 mm | Maksimal v\u00e6gafstand: 485 mm | Fjernstyret | ABS \/ St\u00e5l | Sort &#8211; TVWM5880BK og k\u00f8b online til den billigste pris, samt p\u00e5 tilbud!\u00a0\u00a0Tjek den bedste pris, produkt beskrivelse, video, test, anmeldelser osv.<\/p>\n<p><strong>Brand: <\/strong>Nedis<br \/>\n<strong>EAN: <\/strong>5412810450602<br \/>\n<strong>Producentens varenr.:<\/strong> 5412810450602<\/p>\n<p><strong>P.S.<\/strong><br \/>\nTilmeld dig til &#8220;Opret Gratis Prisfald Alarm&#8221;, og bliv underrettet med det samme om prisfald p\u00e5 Nedis &#8211; Motoriseret TV V\u00e6gbeslag | 37 &#8211; 75 &quot; | Maksimal v\u00e6gt: 35 kg | Kan drejes | Minimum v\u00e6gafstand: 153 mm | Maksimal v\u00e6gafstand: 485 mm | Fjernstyret | ABS \/ St\u00e5l | Sort &#8211; TVWM5880BK, og f\u00e5 den billigste pris!<\/p>\n<p>&nbsp;<\/p>\n<p>&nbsp;<\/p>\n","protected":false},"excerpt":{"rendered":"<p>K\u00f8b billig Nedis &#8211; Motoriseret TV V\u00e6gbeslag | 37 &#8211; 75 &quot; | Maksimal v\u00e6gt: 35 kg | Kan drejes | Minimum v\u00e6gafstand: 153 mm | Maksimal v\u00e6gafstand: 485 mm | Fjernstyret | ABS \/ St\u00e5l | Sort &#8211; TVWM5880BK! Oplev den ultimative l\u00f8sning til din hjemmeunderholdning med dette Nedis smart Wi-Fi-motoriserede TV-v\u00e6gbeslag. Det er [&hellip;]<\/p>\n","protected":false},"featured_media":999980000004467140,"template":"","meta":[],"store":[1272516],"product_brand":[1272517],"product_cat":[1272465],"product_tag":[1272991,1275178],"class_list":{"0":"post-446714","1":"product","2":"type-product","3":"status-publish","4":"has-post-thumbnail","6":"store-butik24","7":"product_brand-nedis","8":"product_cat-lyd-og-billede","9":"product_tag-lyd-og-billede","10":"product_tag-nedis","11":"pa_maerke-nedis","13":"first","14":"instock","15":"product-type-external"},"_links":{"self":[{"href":"https:\/\/www.pricetornado.com\/da\/wp-json\/wp\/v2\/product\/446714","targetHints":{"allow":["GET"]}}],"collection":[{"href":"https:\/\/www.pricetornado.com\/da\/wp-json\/wp\/v2\/product"}],"about":[{"href":"https:\/\/www.pricetornado.com\/da\/wp-json\/wp\/v2\/types\/product"}],"wp:featuredmedia":[{"embeddable":true,"href":"https:\/\/www.pricetornado.com\/da\/wp-json\/"}],"wp:attachment":[{"href":"https:\/\/www.pricetornado.com\/da\/wp-json\/wp\/v2\/media?parent=446714"}],"wp:term":[{"taxonomy":"store","embeddable":true,"href":"https:\/\/www.pricetornado.com\/da\/wp-json\/wp\/v2\/store?post=446714"},{"taxonomy":"product_brand","embeddable":true,"href":"https:\/\/www.pricetornado.com\/da\/wp-json\/wp\/v2\/product_brand?post=446714"},{"taxonomy":"product_cat","embeddable":true,"href":"https:\/\/www.pricetornado.com\/da\/wp-json\/wp\/v2\/product_cat?post=446714"},{"taxonomy":"product_tag","embeddable":true,"href":"https:\/\/www.pricetornado.com\/da\/wp-json\/wp\/v2\/product_tag?post=446714"}],"curies":[{"name":"wp","href":"https:\/\/api.w.org\/{rel}","templated":true}]}}