{"id":446713,"date":"2025-02-21T10:27:47","date_gmt":"2025-02-21T09:27:47","guid":{"rendered":"https:\/\/www.pricetornado.com\/da\/produkt\/nedis-erstatnings-fjernbetjening-egnet-til-sony-fast-1-enhed-amazon-prime-disney-button-netflix-knap-youtube-knap-infraroed-sort-tvrc45sobk\/"},"modified":"2026-04-17T03:40:25","modified_gmt":"2026-04-17T01:40:25","slug":"nedis-erstatnings-fjernbetjening-egnet-til-sony-fast-1-enhed-amazon-prime-disney-button-netflix-knap-youtube-knap-infraroed-sort-tvrc45sobk","status":"publish","type":"product","link":"https:\/\/www.pricetornado.com\/da\/produkt\/nedis-erstatnings-fjernbetjening-egnet-til-sony-fast-1-enhed-amazon-prime-disney-button-netflix-knap-youtube-knap-infraroed-sort-tvrc45sobk\/","title":{"rendered":"Nedis &#8211; Erstatnings Fjernbetjening | Egnet til: Sony | Fast | 1 Enhed | Amazon Prime \/ Disney + Button \/ Netflix-knap \/ Youtube-knap | Infrar\u00f8d | Sort &#8211; TVRC45SOBK"},"content":{"rendered":"<p>K\u00f8b billig Nedis &#8211; Erstatnings Fjernbetjening | Egnet til: Sony | Fast | 1 Enhed | Amazon Prime \/ Disney + Button \/ Netflix-knap \/ Youtube-knap | Infrar\u00f8d | Sort &#8211; TVRC45SOBK!<br \/>\nUdskift en mistet eller \u00f8delagt Sony-fjernbetjening med denne forprogrammerede Nedis tv-udskiftningsfjernbetjening, kompatibel med alle Sony-tv. Den omfattende indbyggede kodedatabase sikrer, at alle funktioner fra den originale fjernbetjening er inkluderet, s\u00e5 du nemt kan betjene dit tv uden begr\u00e6nsninger. Du beh\u00f8ver ingen programmering \u2013 inds\u00e6t blot batterierne, s\u00e5 er fjernbetjeningen klar til brug.Nedis erstatningsfjernbetjeningen har et fast design, beregnet til styring af \u00e9t Sony-tv. Den er let at bruge \u2013 du skal blot inds\u00e6tte 2 x AAA\/LR03-batterier (medf\u00f8lger ikke), hvorefter den fungerer med det samme. Fjernbetjeningen benytter p\u00e5lidelig infrar\u00f8d teknologi, hvilket kr\u00e6ver direkte sigtelinje til enheden.Selvom materialerne ikke er specificeret, er Nedis-fjernbetjeninger typisk fremstillet af robust ABS-plast og gummi, der giver et let, holdbart og ergonomisk design. Dette sikrer b\u00e5de lang levetid og komfort ved daglig brug.<\/p>\n<p>Sammenlign priser p\u00e5 Nedis &#8211; Erstatnings Fjernbetjening | Egnet til: Sony | Fast | 1 Enhed | Amazon Prime \/ Disney + Button \/ Netflix-knap \/ Youtube-knap | Infrar\u00f8d | Sort &#8211; TVRC45SOBK og k\u00f8b online til den billigste pris, samt p\u00e5 tilbud!\u00a0\u00a0Tjek den bedste pris, produkt beskrivelse, video, test, anmeldelser osv.<\/p>\n<p><strong>Brand: <\/strong>Nedis<br \/>\n<strong>EAN: <\/strong>5412810449484<br \/>\n<strong>Producentens varenr.:<\/strong> 5412810449484<\/p>\n<p><strong>P.S.<\/strong><br \/>\nTilmeld dig til &#8220;Opret Gratis Prisfald Alarm&#8221;, og bliv underrettet med det samme om prisfald p\u00e5 Nedis &#8211; Erstatnings Fjernbetjening | Egnet til: Sony | Fast | 1 Enhed | Amazon Prime \/ Disney + Button \/ Netflix-knap \/ Youtube-knap | Infrar\u00f8d | Sort &#8211; TVRC45SOBK, og f\u00e5 den billigste pris!<\/p>\n<p>&nbsp;<\/p>\n<p>&nbsp;<\/p>\n","protected":false},"excerpt":{"rendered":"<p>K\u00f8b billig Nedis &#8211; Erstatnings Fjernbetjening | Egnet til: Sony | Fast | 1 Enhed | Amazon Prime \/ Disney + Button \/ Netflix-knap \/ Youtube-knap | Infrar\u00f8d | Sort &#8211; TVRC45SOBK! Udskift en mistet eller \u00f8delagt Sony-fjernbetjening med denne forprogrammerede Nedis tv-udskiftningsfjernbetjening, kompatibel med alle Sony-tv. Den omfattende indbyggede kodedatabase sikrer, at alle funktioner [&hellip;]<\/p>\n","protected":false},"featured_media":999980000004467130,"template":"","meta":[],"store":[1272516],"product_brand":[1272517],"product_cat":[946935],"product_tag":[1273108,1275178],"class_list":{"0":"post-446713","1":"product","2":"type-product","3":"status-publish","4":"has-post-thumbnail","6":"store-butik24","7":"product_brand-nedis","8":"product_cat-fjernbetjeninger","9":"product_tag-fjernbetjeninger","10":"product_tag-nedis","11":"pa_maerke-nedis","13":"first","14":"instock","15":"product-type-external"},"_links":{"self":[{"href":"https:\/\/www.pricetornado.com\/da\/wp-json\/wp\/v2\/product\/446713","targetHints":{"allow":["GET"]}}],"collection":[{"href":"https:\/\/www.pricetornado.com\/da\/wp-json\/wp\/v2\/product"}],"about":[{"href":"https:\/\/www.pricetornado.com\/da\/wp-json\/wp\/v2\/types\/product"}],"wp:featuredmedia":[{"embeddable":true,"href":"https:\/\/www.pricetornado.com\/da\/wp-json\/"}],"wp:attachment":[{"href":"https:\/\/www.pricetornado.com\/da\/wp-json\/wp\/v2\/media?parent=446713"}],"wp:term":[{"taxonomy":"store","embeddable":true,"href":"https:\/\/www.pricetornado.com\/da\/wp-json\/wp\/v2\/store?post=446713"},{"taxonomy":"product_brand","embeddable":true,"href":"https:\/\/www.pricetornado.com\/da\/wp-json\/wp\/v2\/product_brand?post=446713"},{"taxonomy":"product_cat","embeddable":true,"href":"https:\/\/www.pricetornado.com\/da\/wp-json\/wp\/v2\/product_cat?post=446713"},{"taxonomy":"product_tag","embeddable":true,"href":"https:\/\/www.pricetornado.com\/da\/wp-json\/wp\/v2\/product_tag?post=446713"}],"curies":[{"name":"wp","href":"https:\/\/api.w.org\/{rel}","templated":true}]}}